{"id":3446,"date":"2021-09-02T10:51:51","date_gmt":"2021-09-02T08:51:51","guid":{"rendered":"https:\/\/maagflock.com\/?page_id=3446"},"modified":"2022-01-31T08:17:49","modified_gmt":"2022-01-31T07:17:49","slug":"flock-school","status":"publish","type":"page","link":"https:\/\/maagflock.com\/es\/flock-school\/","title":{"rendered":"Escuela del Reba\u00f1o"},"content":{"rendered":"<div data-elementor-type=\"wp-page\" data-elementor-id=\"3446\" class=\"elementor elementor-3446\">\n\t\t\t\t\t\t<div class=\"elementor-inner\">\n\t\t\t\t<div class=\"elementor-section-wrap\">\n\t\t\t\t\t\t\t\t\t<section class=\"elementor-section elementor-top-section elementor-element elementor-element-5da025e elementor-section-boxed elementor-section-height-default elementor-section-height-default\" data-id=\"5da025e\" data-element_type=\"section\">\n\t\t\t\t\t\t<div class=\"elementor-container elementor-column-gap-default\">\n\t\t\t\t\t\t\t<div class=\"elementor-row\">\n\t\t\t\t\t<div class=\"elementor-column elementor-col-100 elementor-top-column elementor-element elementor-element-852e6b8\" data-id=\"852e6b8\" data-element_type=\"column\">\n\t\t\t<div class=\"elementor-column-wrap elementor-element-populated\">\n\t\t\t\t\t\t\t<div class=\"elementor-widget-wrap\">\n\t\t\t\t\t\t<div class=\"elementor-element elementor-element-1edfcf2 elementor-widget elementor-widget-spacer\" data-id=\"1edfcf2\" data-element_type=\"widget\" data-widget_type=\"spacer.default\">\n\t\t\t\t<div class=\"elementor-widget-container\">\n\t\t\t\t\t<div class=\"elementor-spacer\">\n\t\t\t<div class=\"elementor-spacer-inner\"><\/div>\n\t\t<\/div>\n\t\t\t\t<\/div>\n\t\t\t\t<\/div>\n\t\t\t\t<div class=\"elementor-element elementor-element-af1bc8e elementor-widget elementor-widget-heading\" data-id=\"af1bc8e\" data-element_type=\"widget\" data-widget_type=\"heading.default\">\n\t\t\t\t<div class=\"elementor-widget-container\">\n\t\t\t<h1 class=\"elementor-heading-title elementor-size-default\"><br>Escuela del Reba\u00f1o<\/h1>\t\t<\/div>\n\t\t\t\t<\/div>\n\t\t\t\t<div class=\"elementor-element elementor-element-c0082df elementor-widget-divider--view-line elementor-widget elementor-widget-divider\" data-id=\"c0082df\" data-element_type=\"widget\" data-widget_type=\"divider.default\">\n\t\t\t\t<div class=\"elementor-widget-container\">\n\t\t\t\t\t<div class=\"elementor-divider\">\n\t\t\t<span class=\"elementor-divider-separator\">\n\t\t\t\t\t\t<\/span>\n\t\t<\/div>\n\t\t\t\t<\/div>\n\t\t\t\t<\/div>\n\t\t\t\t\t\t<\/div>\n\t\t\t\t\t<\/div>\n\t\t<\/div>\n\t\t\t\t\t\t\t\t<\/div>\n\t\t\t\t\t<\/div>\n\t\t<\/section>\n\t\t\t\t<section class=\"elementor-section elementor-top-section elementor-element elementor-element-73ff94b elementor-section-boxed elementor-section-height-default elementor-section-height-default\" data-id=\"73ff94b\" data-element_type=\"section\">\n\t\t\t\t\t\t<div class=\"elementor-container elementor-column-gap-default\">\n\t\t\t\t\t\t\t<div class=\"elementor-row\">\n\t\t\t\t\t<div class=\"elementor-column elementor-col-100 elementor-top-column elementor-element elementor-element-c28f443\" data-id=\"c28f443\" data-element_type=\"column\">\n\t\t\t<div class=\"elementor-column-wrap elementor-element-populated\">\n\t\t\t\t\t\t\t<div class=\"elementor-widget-wrap\">\n\t\t\t\t\t\t<div class=\"elementor-element elementor-element-dffafc8 elementor-widget elementor-widget-text-editor\" data-id=\"dffafc8\" data-element_type=\"widget\" data-widget_type=\"text-editor.default\">\n\t\t\t\t<div class=\"elementor-widget-container\">\n\t\t\t\t\t\t\t\t<div class=\"elementor-text-editor elementor-clearfix\">\n\t\t\t\t<p>Nuestra Escuela de Reba\u00f1o le ofrece una visi\u00f3n general de todo lo que merece la pena saber sobre el reba\u00f1o. En este marco, nos gustar\u00eda compartir nuestra fascinaci\u00f3n por el flocado, explicar el proceso de flocado, las vers\u00e1tiles propiedades aplicables y los ejemplos de aplicaci\u00f3n, as\u00ed como la garant\u00eda de calidad en el proceso de flocado.<\/p><p>Consideramos que nuestra misi\u00f3n es compartir nuestros conocimientos en torno a la flotaci\u00f3n y capacitar e inspirar a otros con ellos.<\/p>\t\t\t\t\t<\/div>\n\t\t\t\t\t\t<\/div>\n\t\t\t\t<\/div>\n\t\t\t\t<div class=\"elementor-element elementor-element-75b8f58 elementor-widget elementor-widget-image\" data-id=\"75b8f58\" data-element_type=\"widget\" data-widget_type=\"image.default\">\n\t\t\t\t<div class=\"elementor-widget-container\">\n\t\t\t\t\t\t\t\t<div class=\"elementor-image\">\n\t\t\t\t\t\t\t\t\t\t\t\t<img decoding=\"async\" width=\"1417\" height=\"194\" src=\"https:\/\/maagflock.com\/wp-content\/uploads\/2021\/09\/Bild-1-1-2-1.png\" class=\"attachment-full size-full wp-image-3452\" alt=\"Escuela del Reba\u00f1o\" loading=\"lazy\" srcset=\"https:\/\/maagflock.com\/wp-content\/uploads\/2021\/09\/Bild-1-1-2-1.png 1417w, https:\/\/maagflock.com\/wp-content\/uploads\/2021\/09\/Bild-1-1-2-1-300x41.png 300w, https:\/\/maagflock.com\/wp-content\/uploads\/2021\/09\/Bild-1-1-2-1-1024x140.png 1024w, https:\/\/maagflock.com\/wp-content\/uploads\/2021\/09\/Bild-1-1-2-1-768x105.png 768w, https:\/\/maagflock.com\/wp-content\/uploads\/2021\/09\/Bild-1-1-2-1-16x2.png 16w, https:\/\/maagflock.com\/wp-content\/uploads\/2021\/09\/Bild-1-1-2-1-600x82.png 600w\" sizes=\"(max-width: 1417px) 100vw, 1417px\" \/>\t\t\t\t\t\t\t\t\t\t\t\t\t\t<\/div>\n\t\t\t\t\t\t<\/div>\n\t\t\t\t<\/div>\n\t\t\t\t<div class=\"elementor-element elementor-element-4dbb33f elementor-widget elementor-widget-text-editor\" data-id=\"4dbb33f\" data-element_type=\"widget\" data-widget_type=\"text-editor.default\">\n\t\t\t\t<div class=\"elementor-widget-container\">\n\t\t\t\t\t\t\t\t<div class=\"elementor-text-editor elementor-clearfix\">\n\t\t\t\t<span class=\"andreas\">FLOCK<\/span> - Una fibra extremadamente fascinante que se utiliza en un proceso electrost\u00e1tico para la optimizaci\u00f3n t\u00e9cnica de las propiedades y el perfeccionamiento de materiales y productos acabados. Las posibilidades de aplicaci\u00f3n de las propiedades del flocado son enormemente universales.\t\t\t\t\t<\/div>\n\t\t\t\t\t\t<\/div>\n\t\t\t\t<\/div>\n\t\t\t\t<div class=\"elementor-element elementor-element-a79eb54 elementor-widget elementor-widget-heading\" data-id=\"a79eb54\" data-element_type=\"widget\" data-widget_type=\"heading.default\">\n\t\t\t\t<div class=\"elementor-widget-container\">\n\t\t\t<h2 class=\"elementor-heading-title elementor-size-default\">Resumen<\/h2>\t\t<\/div>\n\t\t\t\t<\/div>\n\t\t\t\t<div class=\"elementor-element elementor-element-d6c86f3 elementor-widget-divider--view-line elementor-widget elementor-widget-divider\" data-id=\"d6c86f3\" data-element_type=\"widget\" data-widget_type=\"divider.default\">\n\t\t\t\t<div class=\"elementor-widget-container\">\n\t\t\t\t\t<div class=\"elementor-divider\">\n\t\t\t<span class=\"elementor-divider-separator\">\n\t\t\t\t\t\t<\/span>\n\t\t<\/div>\n\t\t\t\t<\/div>\n\t\t\t\t<\/div>\n\t\t\t\t<div class=\"elementor-element elementor-element-e543c07 elementor-widget elementor-widget-text-editor\" data-id=\"e543c07\" data-element_type=\"widget\" data-widget_type=\"text-editor.default\">\n\t\t\t\t<div class=\"elementor-widget-container\">\n\t\t\t\t\t\t\t\t<div class=\"elementor-text-editor elementor-clearfix\">\n\t\t\t\t<p>Durante el proceso de flocado <span style=\"text-decoration: underline;\"><span style=\"color: #c00000;\"><a style=\"color: #c00000; text-decoration: underline;\" href=\"https:\/\/maagflock.com\/es\/flock-school\/was-ist-flock\/\">Flock Fibras<\/a><\/span><\/span> en un adhesivo de reba\u00f1o utilizando un campo electrost\u00e1tico. En el primer paso d<span style=\"color: #000000;\">proceso de flocado <\/span>el objeto que se va a flocar, llamado sustrato, se limpia o se trata previamente para que las fibras de flocado se anclen despu\u00e9s de forma \u00f3ptima en el adhesivo. Tras la limpieza o el tratamiento previo, se aplica el adhesivo. Esto se hace, por ejemplo, cepillando, rociando o rodando. A continuaci\u00f3n se produce el flocado, tras lo cual el sustrato o el adhesivo se seca y se limpia de nuevo para eliminar el exceso y las fibras de flocado sueltas.\u00a0\u00a0<\/p><p>Este proceso puede llevarse a cabo tanto manualmente como en una planta de flocado parcial o totalmente automatizada.\u00a0<\/p><p>Durante el proceso de reba\u00f1o, las bandadas se anclan al\u00a0<a href=\"https:\/\/maagflock.com\/es\/flock-school\/was-ist-flock\/\">Flock Fibras<\/a>\u00a0verticalmente en el adhesivo. \u00c9stas forman una capa sobre el sustrato cubierta de adhesivo. Sin embargo, despu\u00e9s del flocado, s\u00f3lo alrededor de 10 % de la superficie flocada est\u00e1 cubierta de fibras. Esto se debe a los \"vac\u00edos\" o espacios entre las fibras que se forman durante el proceso electrost\u00e1tico. Visual y t\u00e1ctilmente, se crea una superficie completamente flocada y aterciopelada.\u00a0<\/p><p>Dependiendo de la naturaleza de las fibras de flocado en t\u00e9rminos de material, longitud y grosor, el flocado tiene o desarrolla diferentes propiedades.<\/p><p>Se puede flocar cualquier material, por ejemplo, pl\u00e1stico, madera, espuma, goma, metal, papel, porcelana, l\u00e1mina, vidrio y mucho m\u00e1s.\u00a0<\/p>\t\t\t\t\t<\/div>\n\t\t\t\t\t\t<\/div>\n\t\t\t\t<\/div>\n\t\t\t\t<div class=\"elementor-element elementor-element-84b91a2 elementor-widget elementor-widget-spacer\" data-id=\"84b91a2\" data-element_type=\"widget\" data-widget_type=\"spacer.default\">\n\t\t\t\t<div class=\"elementor-widget-container\">\n\t\t\t\t\t<div class=\"elementor-spacer\">\n\t\t\t<div class=\"elementor-spacer-inner\"><\/div>\n\t\t<\/div>\n\t\t\t\t<\/div>\n\t\t\t\t<\/div>\n\t\t\t\t\t\t<\/div>\n\t\t\t\t\t<\/div>\n\t\t<\/div>\n\t\t\t\t\t\t\t\t<\/div>\n\t\t\t\t\t<\/div>\n\t\t<\/section>\n\t\t\t\t\t\t\t\t\t<\/div>\n\t\t\t<\/div>\n\t\t\t\t\t<\/div>","protected":false},"excerpt":{"rendered":"<p>Escuela de reba\u00f1o Nuestra escuela de reba\u00f1o le ofrece una visi\u00f3n general de todo lo que merece la pena saber sobre el reba\u00f1o. En este contexto, nos gustar\u00eda compartir nuestra fascinaci\u00f3n por el flocado, explicar el proceso de flocado, las vers\u00e1tiles propiedades aplicables y los ejemplos de aplicaci\u00f3n, as\u00ed como la garant\u00eda de calidad en el proceso de flocado. Consideramos que nuestra misi\u00f3n es compartir nuestros conocimientos sobre el flocado [...].<\/p>","protected":false},"author":5,"featured_media":0,"parent":0,"menu_order":0,"comment_status":"closed","ping_status":"closed","template":"","meta":[],"_links":{"self":[{"href":"https:\/\/maagflock.com\/es\/wp-json\/wp\/v2\/pages\/3446"}],"collection":[{"href":"https:\/\/maagflock.com\/es\/wp-json\/wp\/v2\/pages"}],"about":[{"href":"https:\/\/maagflock.com\/es\/wp-json\/wp\/v2\/types\/page"}],"author":[{"embeddable":true,"href":"https:\/\/maagflock.com\/es\/wp-json\/wp\/v2\/users\/5"}],"replies":[{"embeddable":true,"href":"https:\/\/maagflock.com\/es\/wp-json\/wp\/v2\/comments?post=3446"}],"version-history":[{"count":59,"href":"https:\/\/maagflock.com\/es\/wp-json\/wp\/v2\/pages\/3446\/revisions"}],"predecessor-version":[{"id":5506,"href":"https:\/\/maagflock.com\/es\/wp-json\/wp\/v2\/pages\/3446\/revisions\/5506"}],"wp:attachment":[{"href":"https:\/\/maagflock.com\/es\/wp-json\/wp\/v2\/media?parent=3446"}],"curies":[{"name":"wp","href":"https:\/\/api.w.org\/{rel}","templated":true}]}}