{"id":3477,"date":"2021-09-02T13:43:57","date_gmt":"2021-09-02T11:43:57","guid":{"rendered":"https:\/\/maagflock.com\/?page_id=3477"},"modified":"2021-10-07T15:15:25","modified_gmt":"2021-10-07T13:15:25","slug":"was-ist-flock","status":"publish","type":"page","link":"https:\/\/maagflock.com\/es\/flock-school\/was-ist-flock\/","title":{"rendered":"\u00bfQu\u00e9 es el reba\u00f1o?"},"content":{"rendered":"<div data-elementor-type=\"wp-page\" data-elementor-id=\"3477\" class=\"elementor elementor-3477\">\n\t\t\t\t\t\t<div class=\"elementor-inner\">\n\t\t\t\t<div class=\"elementor-section-wrap\">\n\t\t\t\t\t\t\t\t\t<section class=\"elementor-section elementor-top-section elementor-element elementor-element-d89e6e1 elementor-section-boxed elementor-section-height-default elementor-section-height-default\" data-id=\"d89e6e1\" data-element_type=\"section\">\n\t\t\t\t\t\t<div class=\"elementor-container elementor-column-gap-default\">\n\t\t\t\t\t\t\t<div class=\"elementor-row\">\n\t\t\t\t\t<div class=\"elementor-column elementor-col-100 elementor-top-column elementor-element elementor-element-09e65dd\" data-id=\"09e65dd\" data-element_type=\"column\">\n\t\t\t<div class=\"elementor-column-wrap elementor-element-populated\">\n\t\t\t\t\t\t\t<div class=\"elementor-widget-wrap\">\n\t\t\t\t\t\t<div class=\"elementor-element elementor-element-1e7a824 elementor-widget elementor-widget-heading\" data-id=\"1e7a824\" data-element_type=\"widget\" data-widget_type=\"heading.default\">\n\t\t\t\t<div class=\"elementor-widget-container\">\n\t\t\t<h1 class=\"elementor-heading-title elementor-size-default\"><br>\u00bfQu\u00e9 es el reba\u00f1o?<\/h1>\t\t<\/div>\n\t\t\t\t<\/div>\n\t\t\t\t<div class=\"elementor-element elementor-element-336ecdc elementor-widget-divider--view-line elementor-widget elementor-widget-divider\" data-id=\"336ecdc\" data-element_type=\"widget\" data-widget_type=\"divider.default\">\n\t\t\t\t<div class=\"elementor-widget-container\">\n\t\t\t\t\t<div class=\"elementor-divider\">\n\t\t\t<span class=\"elementor-divider-separator\">\n\t\t\t\t\t\t<\/span>\n\t\t<\/div>\n\t\t\t\t<\/div>\n\t\t\t\t<\/div>\n\t\t\t\t<div class=\"elementor-element elementor-element-55ef10f elementor-widget elementor-widget-text-editor\" data-id=\"55ef10f\" data-element_type=\"widget\" data-widget_type=\"text-editor.default\">\n\t\t\t\t<div class=\"elementor-widget-container\">\n\t\t\t\t\t\t\t\t<div class=\"elementor-text-editor elementor-clearfix\">\n\t\t\t\t<p>Las fibras de flocado son fibras con una longitud de aproximadamente 0,1 a 10 mm.\u00a0\u00a0<\/p>\t\t\t\t\t<\/div>\n\t\t\t\t\t\t<\/div>\n\t\t\t\t<\/div>\n\t\t\t\t<div class=\"elementor-element elementor-element-8d5c57c elementor-widget elementor-widget-text-editor\" data-id=\"8d5c57c\" data-element_type=\"widget\" data-widget_type=\"text-editor.default\">\n\t\t\t\t<div class=\"elementor-widget-container\">\n\t\t\t\t\t\t\t\t<div class=\"elementor-text-editor elementor-clearfix\">\n\t\t\t\t\t\t\t\t\t<\/div>\n\t\t\t\t\t\t<\/div>\n\t\t\t\t<\/div>\n\t\t\t\t<div class=\"elementor-element elementor-element-94611e2 elementor-widget elementor-widget-text-editor\" data-id=\"94611e2\" data-element_type=\"widget\" data-widget_type=\"text-editor.default\">\n\t\t\t\t<div class=\"elementor-widget-container\">\n\t\t\t\t\t\t\t\t<div class=\"elementor-text-editor elementor-clearfix\">\n\t\t\t\t<p>Cualquier materia prima, por ejemplo, poliamida, viscosa, madera, metal, biomateriales compostables, materiales reciclados o poli\u00e9ster, puede utilizarse como punto de partida para el flocado. Estas materias primas se cortan a m\u00e1quina en el primer paso de la transformaci\u00f3n. Despu\u00e9s de cortar las fibras, se preparan para conseguir la conductividad y fluidez de la borra y, al final del proceso de producci\u00f3n, las fibras se secan y se tamizan.<\/p><p>\u00a0<\/p>\t\t\t\t\t<\/div>\n\t\t\t\t\t\t<\/div>\n\t\t\t\t<\/div>\n\t\t\t\t<div class=\"elementor-element elementor-element-60dfd27 elementor-widget elementor-widget-text-editor\" data-id=\"60dfd27\" data-element_type=\"widget\" data-widget_type=\"text-editor.default\">\n\t\t\t\t<div class=\"elementor-widget-container\">\n\t\t\t\t\t\t\t\t<div class=\"elementor-text-editor elementor-clearfix\">\n\t\t\t\t<p>Esto significa que Flock puede adaptarse de forma extremadamente individual a la necesidad respectiva y al problema asociado.<\/p>\t\t\t\t\t<\/div>\n\t\t\t\t\t\t<\/div>\n\t\t\t\t<\/div>\n\t\t\t\t<div class=\"elementor-element elementor-element-042a76d elementor-widget elementor-widget-image\" data-id=\"042a76d\" data-element_type=\"widget\" data-widget_type=\"image.default\">\n\t\t\t\t<div class=\"elementor-widget-container\">\n\t\t\t\t\t\t\t\t<div class=\"elementor-image\">\n\t\t\t\t\t\t\t\t\t\t\t\t<img decoding=\"async\" width=\"1417\" height=\"191\" src=\"https:\/\/maagflock.com\/wp-content\/uploads\/2021\/09\/Bild-2-1.png\" class=\"attachment-full size-full wp-image-3481\" alt=\"\" loading=\"lazy\" srcset=\"https:\/\/maagflock.com\/wp-content\/uploads\/2021\/09\/Bild-2-1.png 1417w, https:\/\/maagflock.com\/wp-content\/uploads\/2021\/09\/Bild-2-1-300x40.png 300w, https:\/\/maagflock.com\/wp-content\/uploads\/2021\/09\/Bild-2-1-1024x138.png 1024w, https:\/\/maagflock.com\/wp-content\/uploads\/2021\/09\/Bild-2-1-768x104.png 768w, https:\/\/maagflock.com\/wp-content\/uploads\/2021\/09\/Bild-2-1-16x2.png 16w, https:\/\/maagflock.com\/wp-content\/uploads\/2021\/09\/Bild-2-1-600x81.png 600w\" sizes=\"(max-width: 1417px) 100vw, 1417px\" \/>\t\t\t\t\t\t\t\t\t\t\t\t\t\t<\/div>\n\t\t\t\t\t\t<\/div>\n\t\t\t\t<\/div>\n\t\t\t\t\t\t<\/div>\n\t\t\t\t\t<\/div>\n\t\t<\/div>\n\t\t\t\t\t\t\t\t<\/div>\n\t\t\t\t\t<\/div>\n\t\t<\/section>\n\t\t\t\t\t\t\t\t\t<\/div>\n\t\t\t<\/div>\n\t\t\t\t\t<\/div>","protected":false},"excerpt":{"rendered":"<p>\u00bfQu\u00e9 es el reba\u00f1o? Las fibras de flocado son fibras con una longitud de aproximadamente 0,1 a 10 mm.   Cualquier materia prima, por ejemplo, poliamida, viscosa, madera, metal, biomateriales compostables, materiales reciclados o poli\u00e9ster, puede utilizarse como punto de partida para el flocado. Estas materias primas se cortan a m\u00e1quina en el primer paso de la transformaci\u00f3n. Una vez cortadas las fibras, se [...]<\/p>","protected":false},"author":5,"featured_media":0,"parent":3446,"menu_order":0,"comment_status":"closed","ping_status":"closed","template":"","meta":[],"_links":{"self":[{"href":"https:\/\/maagflock.com\/es\/wp-json\/wp\/v2\/pages\/3477"}],"collection":[{"href":"https:\/\/maagflock.com\/es\/wp-json\/wp\/v2\/pages"}],"about":[{"href":"https:\/\/maagflock.com\/es\/wp-json\/wp\/v2\/types\/page"}],"author":[{"embeddable":true,"href":"https:\/\/maagflock.com\/es\/wp-json\/wp\/v2\/users\/5"}],"replies":[{"embeddable":true,"href":"https:\/\/maagflock.com\/es\/wp-json\/wp\/v2\/comments?post=3477"}],"version-history":[{"count":64,"href":"https:\/\/maagflock.com\/es\/wp-json\/wp\/v2\/pages\/3477\/revisions"}],"predecessor-version":[{"id":4649,"href":"https:\/\/maagflock.com\/es\/wp-json\/wp\/v2\/pages\/3477\/revisions\/4649"}],"up":[{"embeddable":true,"href":"https:\/\/maagflock.com\/es\/wp-json\/wp\/v2\/pages\/3446"}],"wp:attachment":[{"href":"https:\/\/maagflock.com\/es\/wp-json\/wp\/v2\/media?parent=3477"}],"curies":[{"name":"wp","href":"https:\/\/api.w.org\/{rel}","templated":true}]}}