{"id":3663,"date":"2021-09-02T20:05:45","date_gmt":"2021-09-02T18:05:45","guid":{"rendered":"https:\/\/maagflock.com\/?page_id=3663"},"modified":"2021-09-15T13:06:58","modified_gmt":"2021-09-15T11:06:58","slug":"trouble-shooting-in-der-beflockung","status":"publish","type":"page","link":"https:\/\/maagflock.com\/es\/flock-school\/trouble-shooting-in-der-beflockung\/","title":{"rendered":"Soluci\u00f3n de problemas en el flocado"},"content":{"rendered":"<div data-elementor-type=\"wp-page\" data-elementor-id=\"3663\" class=\"elementor elementor-3663\">\n\t\t\t\t\t\t<div class=\"elementor-inner\">\n\t\t\t\t<div class=\"elementor-section-wrap\">\n\t\t\t\t\t\t\t\t\t<section class=\"elementor-section elementor-top-section elementor-element elementor-element-926f2ae elementor-section-boxed elementor-section-height-default elementor-section-height-default\" data-id=\"926f2ae\" data-element_type=\"section\">\n\t\t\t\t\t\t<div class=\"elementor-container elementor-column-gap-default\">\n\t\t\t\t\t\t\t<div class=\"elementor-row\">\n\t\t\t\t\t<div class=\"elementor-column elementor-col-100 elementor-top-column elementor-element elementor-element-2949231\" data-id=\"2949231\" data-element_type=\"column\">\n\t\t\t<div class=\"elementor-column-wrap elementor-element-populated\">\n\t\t\t\t\t\t\t<div class=\"elementor-widget-wrap\">\n\t\t\t\t\t\t<div class=\"elementor-element elementor-element-656a97b elementor-widget elementor-widget-heading\" data-id=\"656a97b\" data-element_type=\"widget\" data-widget_type=\"heading.default\">\n\t\t\t\t<div class=\"elementor-widget-container\">\n\t\t\t<h1 class=\"elementor-heading-title elementor-size-default\"><br>Soluci\u00f3n de problemas en el flocado<\/h1>\t\t<\/div>\n\t\t\t\t<\/div>\n\t\t\t\t<div class=\"elementor-element elementor-element-8d8f79b elementor-widget-divider--view-line elementor-widget elementor-widget-divider\" data-id=\"8d8f79b\" data-element_type=\"widget\" data-widget_type=\"divider.default\">\n\t\t\t\t<div class=\"elementor-widget-container\">\n\t\t\t\t\t<div class=\"elementor-divider\">\n\t\t\t<span class=\"elementor-divider-separator\">\n\t\t\t\t\t\t<\/span>\n\t\t<\/div>\n\t\t\t\t<\/div>\n\t\t\t\t<\/div>\n\t\t\t\t<div class=\"elementor-element elementor-element-afd42ed elementor-widget elementor-widget-text-editor\" data-id=\"afd42ed\" data-element_type=\"widget\" data-widget_type=\"text-editor.default\">\n\t\t\t\t<div class=\"elementor-widget-container\">\n\t\t\t\t\t\t\t\t<div class=\"elementor-text-editor elementor-clearfix\">\n\t\t\t\t<p>El flocado es un proceso delicado. Hay muchos factores que pueden influir en el resultado final y, por lo tanto, no deben descuidarse. Ya sean materiales que reaccionan de forma diferente en el campo electrost\u00e1tico, la compatibilidad de algunos preparados de flocado y adhesivos o la forma del sustrato. Adem\u00e1s, en el proceso electrost\u00e1tico hay que tener en cuenta par\u00e1metros como la intensidad del campo, la humedad relativa, la conductividad del reba\u00f1o y del adhesivo y la descarga de tierra.<\/p><p>Si uno de estos factores de influencia no es \u00f3ptimo, el resultado final no puede cumplir todas las funciones definidas.<\/p>\t\t\t\t\t<\/div>\n\t\t\t\t\t\t<\/div>\n\t\t\t\t<\/div>\n\t\t\t\t<div class=\"elementor-element elementor-element-9a28b4a elementor-widget elementor-widget-heading\" data-id=\"9a28b4a\" data-element_type=\"widget\" data-widget_type=\"heading.default\">\n\t\t\t\t<div class=\"elementor-widget-container\">\n\t\t\t<h2 class=\"elementor-heading-title elementor-size-default\">\nPatrones de da\u00f1os y sus causas\n<\/h2>\t\t<\/div>\n\t\t\t\t<\/div>\n\t\t\t\t<div class=\"elementor-element elementor-element-3aa0230 elementor-widget-divider--view-line elementor-widget elementor-widget-divider\" data-id=\"3aa0230\" data-element_type=\"widget\" data-widget_type=\"divider.default\">\n\t\t\t\t<div class=\"elementor-widget-container\">\n\t\t\t\t\t<div class=\"elementor-divider\">\n\t\t\t<span class=\"elementor-divider-separator\">\n\t\t\t\t\t\t<\/span>\n\t\t<\/div>\n\t\t\t\t<\/div>\n\t\t\t\t<\/div>\n\t\t\t\t<div class=\"elementor-element elementor-element-f832ce9 elementor-widget elementor-widget-heading\" data-id=\"f832ce9\" data-element_type=\"widget\" data-widget_type=\"heading.default\">\n\t\t\t\t<div class=\"elementor-widget-container\">\n\t\t\t<h3 class=\"elementor-heading-title elementor-size-default\">Adhesivo<\/h3>\t\t<\/div>\n\t\t\t\t<\/div>\n\t\t\t\t<div class=\"elementor-element elementor-element-8bdb01b elementor-widget elementor-widget-text-editor\" data-id=\"8bdb01b\" data-element_type=\"widget\" data-widget_type=\"text-editor.default\">\n\t\t\t\t<div class=\"elementor-widget-container\">\n\t\t\t\t\t\t\t\t<div class=\"elementor-text-editor elementor-clearfix\">\n\t\t\t\t<p>Si el adhesivo se desprende del sustrato, tiene problemas de fluidez, no se puede procesar, no reacciona lo suficiente o no se mantiene, esto puede tener varias causas.\u00a0<\/p>\t\t\t\t\t<\/div>\n\t\t\t\t\t\t<\/div>\n\t\t\t\t<\/div>\n\t\t\t\t<div class=\"elementor-element elementor-element-57f6411 elementor-widget elementor-widget-text-editor\" data-id=\"57f6411\" data-element_type=\"widget\" data-widget_type=\"text-editor.default\">\n\t\t\t\t<div class=\"elementor-widget-container\">\n\t\t\t\t\t\t\t\t<div class=\"elementor-text-editor elementor-clearfix\">\n\t\t\t\t<p>Cuando el adhesivo se desprende del sustrato, es posible que ya est\u00e9 caducado, que haya una proporci\u00f3n de mezcla incorrecta, que se haya almacenado mal o que se haya aplicado demasiado adhesivo. Si el adhesivo no se procesa o lo hace de forma deficiente, puede deberse al envejecimiento del material, a unas condiciones de almacenamiento incorrectas, a da\u00f1os por heladas, a que las boquillas son demasiado finas al aplicarlas, a que se ha superado el tiempo de vida \u00fatil, a una proporci\u00f3n de mezcla incorrecta o a una temperatura ambiente incorrecta.\u00a0<\/p>\t\t\t\t\t<\/div>\n\t\t\t\t\t\t<\/div>\n\t\t\t\t<\/div>\n\t\t\t\t<div class=\"elementor-element elementor-element-63930e2 elementor-widget elementor-widget-text-editor\" data-id=\"63930e2\" data-element_type=\"widget\" data-widget_type=\"text-editor.default\">\n\t\t\t\t<div class=\"elementor-widget-container\">\n\t\t\t\t\t\t\t\t<div class=\"elementor-text-editor elementor-clearfix\">\n\t\t\t\t<p>En caso de que se produzcan alteraciones del flujo durante la aplicaci\u00f3n del adhesivo, las causas son la contaminaci\u00f3n del sustrato, un tratamiento previo insuficiente del mismo, una tensi\u00f3n superficial demasiado baja o un adhesivo inadecuado.<\/p>\t\t\t\t\t<\/div>\n\t\t\t\t\t\t<\/div>\n\t\t\t\t<\/div>\n\t\t\t\t<div class=\"elementor-element elementor-element-53e997e elementor-widget elementor-widget-text-editor\" data-id=\"53e997e\" data-element_type=\"widget\" data-widget_type=\"text-editor.default\">\n\t\t\t\t<div class=\"elementor-widget-container\">\n\t\t\t\t\t\t\t\t<div class=\"elementor-text-editor elementor-clearfix\">\n\t\t\t\t<p>Si el adhesivo es demasiado l\u00edquido o no reacciona suficientemente, puede deberse a una proporci\u00f3n de mezcla incorrecta, a la falta de endurecedor o a un endurecedor incorrecto, a la falta de homogeneidad, a un tiempo o temperatura de fijaci\u00f3n insuficientes o a un secado incorrecto.\u00a0<\/p>\t\t\t\t\t<\/div>\n\t\t\t\t\t\t<\/div>\n\t\t\t\t<\/div>\n\t\t\t\t<div class=\"elementor-element elementor-element-726e331 elementor-widget elementor-widget-text-editor\" data-id=\"726e331\" data-element_type=\"widget\" data-widget_type=\"text-editor.default\">\n\t\t\t\t<div class=\"elementor-widget-container\">\n\t\t\t\t\t\t\t\t<div class=\"elementor-text-editor elementor-clearfix\">\n\t\t\t\t<p>Si el adhesivo no se adhiere al sustrato, es posible que sea inadecuado, que el sustrato est\u00e9 sucio o insuficientemente pretratado, o que la tensi\u00f3n superficial sea demasiado baja.<\/p>\t\t\t\t\t<\/div>\n\t\t\t\t\t\t<\/div>\n\t\t\t\t<\/div>\n\t\t\t\t<div class=\"elementor-element elementor-element-776a458 elementor-widget elementor-widget-heading\" data-id=\"776a458\" data-element_type=\"widget\" data-widget_type=\"heading.default\">\n\t\t\t\t<div class=\"elementor-widget-container\">\n\t\t\t<h3 class=\"elementor-heading-title elementor-size-default\">Flock<\/h3>\t\t<\/div>\n\t\t\t\t<\/div>\n\t\t\t\t<div class=\"elementor-element elementor-element-3d7acb1 elementor-widget elementor-widget-text-editor\" data-id=\"3d7acb1\" data-element_type=\"widget\" data-widget_type=\"text-editor.default\">\n\t\t\t\t<div class=\"elementor-widget-container\">\n\t\t\t\t\t\t\t\t<div class=\"elementor-text-editor elementor-clearfix\">\n\t\t\t\t<p>Las fibras de Flock pueden ser dif\u00edciles de dosificar o tener malas propiedades de rebote.<\/p>\t\t\t\t\t<\/div>\n\t\t\t\t\t\t<\/div>\n\t\t\t\t<\/div>\n\t\t\t\t<div class=\"elementor-element elementor-element-a38ebf2 elementor-widget elementor-widget-text-editor\" data-id=\"a38ebf2\" data-element_type=\"widget\" data-widget_type=\"text-editor.default\">\n\t\t\t\t<div class=\"elementor-widget-container\">\n\t\t\t\t\t\t\t\t<div class=\"elementor-text-editor elementor-clearfix\">\n\t\t\t\t<p>Una mala dosificaci\u00f3n puede atribuirse a una velocidad de dosificaci\u00f3n demasiado baja, a un tamiz demasiado fino, a una mala preparaci\u00f3n o a un contenido de humedad demasiado alto en las fibras.<\/p><p>Si el reba\u00f1o salta mal, es posible que la humedad no est\u00e9 en el rango recomendado entre 55 % y 65 %, que la alta tensi\u00f3n sea demasiado baja, que el reba\u00f1o est\u00e9 demasiado seco o que haya demasiadas fibras de reba\u00f1o viejas y en exceso. Si la preparaci\u00f3n de la manada es defectuosa, el fabricante debe mejorarla o renovarla.<\/p>\t\t\t\t\t<\/div>\n\t\t\t\t\t\t<\/div>\n\t\t\t\t<\/div>\n\t\t\t\t<div class=\"elementor-element elementor-element-fbe614e elementor-widget elementor-widget-text-editor\" data-id=\"fbe614e\" data-element_type=\"widget\" data-widget_type=\"text-editor.default\">\n\t\t\t\t<div class=\"elementor-widget-container\">\n\t\t\t\t\t\t\t\t<div class=\"elementor-text-editor elementor-clearfix\">\n\t\t\t\t<p>Cuando se utiliza un exceso de fibras de flocado, el mal comportamiento de rebote puede atribuirse a una proporci\u00f3n de mezcla desequilibrada.<\/p>\t\t\t\t\t<\/div>\n\t\t\t\t\t\t<\/div>\n\t\t\t\t<\/div>\n\t\t\t\t<div class=\"elementor-element elementor-element-260e2a2 elementor-widget elementor-widget-heading\" data-id=\"260e2a2\" data-element_type=\"widget\" data-widget_type=\"heading.default\">\n\t\t\t\t<div class=\"elementor-widget-container\">\n\t\t\t<h3 class=\"elementor-heading-title elementor-size-default\">Flocking<\/h3>\t\t<\/div>\n\t\t\t\t<\/div>\n\t\t\t\t<div class=\"elementor-element elementor-element-1902437 elementor-widget elementor-widget-text-editor\" data-id=\"1902437\" data-element_type=\"widget\" data-widget_type=\"text-editor.default\">\n\t\t\t\t<div class=\"elementor-widget-container\">\n\t\t\t\t\t\t\t\t<div class=\"elementor-text-editor elementor-clearfix\">\n\t\t\t\t<p>En el proceso de flocado pueden producirse otros da\u00f1os. Se trata de un resultado final \u00e1spero y duro, diferentes longitudes de las fibras en el pelo, bordes y puntas desnudos, un flocado llamado nublado o escaso y un comportamiento de vuelo irregular de la bandada.<\/p>\t\t\t\t\t<\/div>\n\t\t\t\t\t\t<\/div>\n\t\t\t\t<\/div>\n\t\t\t\t<div class=\"elementor-element elementor-element-e4bcbc3 elementor-widget elementor-widget-text-editor\" data-id=\"e4bcbc3\" data-element_type=\"widget\" data-widget_type=\"text-editor.default\">\n\t\t\t\t<div class=\"elementor-widget-container\">\n\t\t\t\t\t\t\t\t<div class=\"elementor-text-editor elementor-clearfix\">\n\t\t\t\t<p>Las causas del comportamiento de vuelo irregular del flocado pueden ser una tensi\u00f3n demasiado baja, una preparaci\u00f3n defectuosa de las fibras del flocado, una humedad del aire demasiado baja, una velocidad del aire demasiado alta durante el flocado electroneum\u00e1tico o una dosificaci\u00f3n demasiado alta.<\/p>\t\t\t\t\t<\/div>\n\t\t\t\t\t\t<\/div>\n\t\t\t\t<\/div>\n\t\t\t\t<div class=\"elementor-element elementor-element-92a02fd elementor-widget elementor-widget-text-editor\" data-id=\"92a02fd\" data-element_type=\"widget\" data-widget_type=\"text-editor.default\">\n\t\t\t\t<div class=\"elementor-widget-container\">\n\t\t\t\t\t\t\t\t<div class=\"elementor-text-editor elementor-clearfix\">\n\t\t\t\t<p>Se produce un resultado de flocado escaso cuando se excede el tiempo de apertura, la alta tensi\u00f3n es demasiado baja, la preparaci\u00f3n de las fibras es defectuosa, la humedad es demasiado baja, se ha aplicado demasiado poco adhesivo o la dosificaci\u00f3n del flocado es demasiado alta. Tambi\u00e9n es posible que se utilicen muy pocas fibras de flocado o que el tiempo de flocado sea demasiado corto.<\/p>\t\t\t\t\t<\/div>\n\t\t\t\t\t\t<\/div>\n\t\t\t\t<\/div>\n\t\t\t\t<div class=\"elementor-element elementor-element-36f5e53 elementor-widget elementor-widget-text-editor\" data-id=\"36f5e53\" data-element_type=\"widget\" data-widget_type=\"text-editor.default\">\n\t\t\t\t<div class=\"elementor-widget-container\">\n\t\t\t\t\t\t\t\t<div class=\"elementor-text-editor elementor-clearfix\">\n\t\t\t\t<p>El llamado doble almacenamiento tambi\u00e9n puede conducir a un resultado escaso. En este caso, las fibras de flocado cargadas no se anclan normalmente en el adhesivo sino en las fibras ya ancladas y se desprenden durante la limpieza.<\/p>\t\t\t\t\t<\/div>\n\t\t\t\t\t\t<\/div>\n\t\t\t\t<\/div>\n\t\t\t\t<div class=\"elementor-element elementor-element-fea1288 elementor-widget elementor-widget-text-editor\" data-id=\"fea1288\" data-element_type=\"widget\" data-widget_type=\"text-editor.default\">\n\t\t\t\t<div class=\"elementor-widget-container\">\n\t\t\t\t\t\t\t\t<div class=\"elementor-text-editor elementor-clearfix\">\n\t\t\t\t<p>Las causas de una superficie \u00e1spera y dura del resultado final son demasiada tensi\u00f3n durante el flocado o demasiado adhesivo en el sustrato.En el caso de los bordes y puntas desnudos es posible que el sustrato tenga bordes demasiado afilados o puntas demasiado finas que son dif\u00edciles de flocar.<\/p>\t\t\t\t\t<\/div>\n\t\t\t\t\t\t<\/div>\n\t\t\t\t<\/div>\n\t\t\t\t<div class=\"elementor-element elementor-element-f9f0e20 elementor-widget elementor-widget-text-editor\" data-id=\"f9f0e20\" data-element_type=\"widget\" data-widget_type=\"text-editor.default\">\n\t\t\t\t<div class=\"elementor-widget-container\">\n\t\t\t\t\t\t\t\t<div class=\"elementor-text-editor elementor-clearfix\">\n\t\t\t\t<p>Las fibras m\u00e1s largas de la pila de borrasca se deben a las fibras cortadas de forma irregular.<\/p>\t\t\t\t\t<\/div>\n\t\t\t\t\t\t<\/div>\n\t\t\t\t<\/div>\n\t\t\t\t<div class=\"elementor-element elementor-element-345d9cb elementor-widget elementor-widget-text-editor\" data-id=\"345d9cb\" data-element_type=\"widget\" data-widget_type=\"text-editor.default\">\n\t\t\t\t<div class=\"elementor-widget-container\">\n\t\t\t\t\t\t\t\t<div class=\"elementor-text-editor elementor-clearfix\">\n\t\t\t\t<p>La causa del flocado turbio es la llamada sombra electrost\u00e1tica, que se produce cuando el voltaje es demasiado alto o la distancia entre el aplicador y el sustrato es demasiado peque\u00f1a.<\/p>\t\t\t\t\t<\/div>\n\t\t\t\t\t\t<\/div>\n\t\t\t\t<\/div>\n\t\t\t\t<div class=\"elementor-element elementor-element-7786c49 elementor-widget elementor-widget-heading\" data-id=\"7786c49\" data-element_type=\"widget\" data-widget_type=\"heading.default\">\n\t\t\t\t<div class=\"elementor-widget-container\">\n\t\t\t<h2 class=\"elementor-heading-title elementor-size-default\">Patrones de da\u00f1os y sus causas\n<\/h2>\t\t<\/div>\n\t\t\t\t<\/div>\n\t\t\t\t<div class=\"elementor-element elementor-element-e2c3ac3 elementor-widget-divider--view-line elementor-widget elementor-widget-divider\" data-id=\"e2c3ac3\" data-element_type=\"widget\" data-widget_type=\"divider.default\">\n\t\t\t\t<div class=\"elementor-widget-container\">\n\t\t\t\t\t<div class=\"elementor-divider\">\n\t\t\t<span class=\"elementor-divider-separator\">\n\t\t\t\t\t\t<\/span>\n\t\t<\/div>\n\t\t\t\t<\/div>\n\t\t\t\t<\/div>\n\t\t\t\t<div class=\"elementor-element elementor-element-e2c11fb elementor-widget elementor-widget-text-editor\" data-id=\"e2c11fb\" data-element_type=\"widget\" data-widget_type=\"text-editor.default\">\n\t\t\t\t<div class=\"elementor-widget-container\">\n\t\t\t\t\t\t\t\t<div class=\"elementor-text-editor elementor-clearfix\">\n\t\t\t\t<p>Para todos estos da\u00f1os en el adhesivo, las fibras de flocado o el resultado del flocado, deben observarse reglas y par\u00e1metros generales:<\/p>\t\t\t\t\t<\/div>\n\t\t\t\t\t\t<\/div>\n\t\t\t\t<\/div>\n\t\t\t\t<div class=\"elementor-element elementor-element-53d73b2 elementor-widget elementor-widget-text-editor\" data-id=\"53d73b2\" data-element_type=\"widget\" data-widget_type=\"text-editor.default\">\n\t\t\t\t<div class=\"elementor-widget-container\">\n\t\t\t\t\t\t\t\t<div class=\"elementor-text-editor elementor-clearfix\">\n\t\t\t\t<ul><li>Respete la fecha de caducidad del adhesivo y del endurecedor y cons\u00e9rvelos de forma adecuada.<\/li><li>Respetar la proporci\u00f3n de la mezcla y mezclar bien los componentes<\/li><li>Observe la regla general del grosor de la capa al aplicar el adhesivo<\/li><li>Utilice una boquilla adecuada para aplicar el adhesivo<\/li><li>Mantener constante la temperatura ambiente<\/li><li>Nota olla y tiempo de secado<\/li><li>Limpieza del sustrato si es necesario<\/li><li>Si la tensi\u00f3n superficial es demasiado baja (m\u00edn. 38 dyn), pretratar con plasma o fl\u00faor, llama, plasma o imprimaci\u00f3n.<\/li><\/ul>\t\t\t\t\t<\/div>\n\t\t\t\t\t\t<\/div>\n\t\t\t\t<\/div>\n\t\t\t\t<div class=\"elementor-element elementor-element-9426b59 elementor-widget elementor-widget-text-editor\" data-id=\"9426b59\" data-element_type=\"widget\" data-widget_type=\"text-editor.default\">\n\t\t\t\t<div class=\"elementor-widget-container\">\n\t\t\t\t\t\t\t\t<div class=\"elementor-text-editor elementor-clearfix\">\n\t\t\t\t<ul><li>En el caso de las fibras de floca, hay que tener cuidado para garantizar una preparaci\u00f3n de alta calidad<\/li><li>Almacenamiento adecuado de las fibras<\/li><li>Control de calidad de las fibras de flocado antes del flocado<\/li><li>Ajuste el tamiz y la velocidad de dosificaci\u00f3n al tama\u00f1o de la fibra de borras y a la velocidad del aire.<\/li><li>Ajustar la alta tensi\u00f3n<\/li><\/ul>\t\t\t\t\t<\/div>\n\t\t\t\t\t\t<\/div>\n\t\t\t\t<\/div>\n\t\t\t\t<div class=\"elementor-element elementor-element-0bb5b6f elementor-widget elementor-widget-text-editor\" data-id=\"0bb5b6f\" data-element_type=\"widget\" data-widget_type=\"text-editor.default\">\n\t\t\t\t<div class=\"elementor-widget-container\">\n\t\t\t\t\t\t\t\t<div class=\"elementor-text-editor elementor-clearfix\">\n\t\t\t\t<ul><li>Limpieza peri\u00f3dica a fondo de las m\u00e1quinas<\/li><li>Realizaci\u00f3n de la aplicaci\u00f3n del adhesivo y del flocado en puestos de trabajo separados<\/li><li>Siga las instrucciones de seguridad del fabricante<\/li><li>Utilizar equipos de protecci\u00f3n<\/li><\/ul>\t\t\t\t\t<\/div>\n\t\t\t\t\t\t<\/div>\n\t\t\t\t<\/div>\n\t\t\t\t<div class=\"elementor-element elementor-element-e0857be elementor-widget elementor-widget-text-editor\" data-id=\"e0857be\" data-element_type=\"widget\" data-widget_type=\"text-editor.default\">\n\t\t\t\t<div class=\"elementor-widget-container\">\n\t\t\t\t\t\t\t\t<div class=\"elementor-text-editor elementor-clearfix\">\n\t\t\t\t<p>Para proteger la salud y el medio ambiente, deben utilizarse sistemas de extracci\u00f3n, contenedores de recogida y cabinas. De este modo, el exceso de borras puede ser recogido y reciclado o procesado.<\/p>\t\t\t\t\t<\/div>\n\t\t\t\t\t\t<\/div>\n\t\t\t\t<\/div>\n\t\t\t\t<div class=\"elementor-element elementor-element-388243f elementor-widget elementor-widget-text-editor\" data-id=\"388243f\" data-element_type=\"widget\" data-widget_type=\"text-editor.default\">\n\t\t\t\t<div class=\"elementor-widget-container\">\n\t\t\t\t\t\t\t\t<div class=\"elementor-text-editor elementor-clearfix\">\n\t\t\t\t<p>La experiencia desempe\u00f1a un papel importante en el reba\u00f1o. Con el tiempo, se llega a conocer los l\u00edmites de la electrost\u00e1tica y los diferentes retos, materiales y condiciones, y se puede utilizar este conocimiento de forma espec\u00edfica al reba\u00f1ar.<\/p>\t\t\t\t\t<\/div>\n\t\t\t\t\t\t<\/div>\n\t\t\t\t<\/div>\n\t\t\t\t<div class=\"elementor-element elementor-element-aab1d75 elementor-widget elementor-widget-text-editor\" data-id=\"aab1d75\" data-element_type=\"widget\" data-widget_type=\"text-editor.default\">\n\t\t\t\t<div class=\"elementor-widget-container\">\n\t\t\t\t\t\t\t\t<div class=\"elementor-text-editor elementor-clearfix\">\n\t\t\t\t<p>En general, las condiciones de almacenamiento y procesamiento deben ser observadas y controladas para lograr un resultado \u00f3ptimo de floculaci\u00f3n.<\/p>\t\t\t\t\t<\/div>\n\t\t\t\t\t\t<\/div>\n\t\t\t\t<\/div>\n\t\t\t\t<div class=\"elementor-element elementor-element-f6a9005 elementor-widget elementor-widget-text-editor\" data-id=\"f6a9005\" data-element_type=\"widget\" data-widget_type=\"text-editor.default\">\n\t\t\t\t<div class=\"elementor-widget-container\">\n\t\t\t\t\t\t\t\t<div class=\"elementor-text-editor elementor-clearfix\">\n\t\t\t\t<p>Para contrarrestar todos estos retos, es indispensable una garant\u00eda de calidad integral. Aqu\u00ed encontrar\u00e1 una lista de comprobaci\u00f3n como punto de partida para la garant\u00eda de calidad en el flocado:<\/p>\t\t\t\t\t<\/div>\n\t\t\t\t\t\t<\/div>\n\t\t\t\t<\/div>\n\t\t\t\t<div class=\"elementor-element elementor-element-0996cb7 elementor-align-center elementor-widget elementor-widget-button\" data-id=\"0996cb7\" data-element_type=\"widget\" data-widget_type=\"button.default\">\n\t\t\t\t<div class=\"elementor-widget-container\">\n\t\t\t\t\t<div class=\"elementor-button-wrapper\">\n\t\t\t<a href=\"https:\/\/maagflock.com\/es\/checkliste\/\" class=\"elementor-button-link elementor-button elementor-size-sm\" role=\"button\">\n\t\t\t\t\t\t<span class=\"elementor-button-content-wrapper\">\n\t\t\t\t\t\t<span class=\"elementor-button-text\">DESCARGAR LA LISTA DE COMPROBACI\u00d3N<\/span>\n\t\t<\/span>\n\t\t\t\t\t<\/a>\n\t\t<\/div>\n\t\t\t\t<\/div>\n\t\t\t\t<\/div>\n\t\t\t\t\t\t<\/div>\n\t\t\t\t\t<\/div>\n\t\t<\/div>\n\t\t\t\t\t\t\t\t<\/div>\n\t\t\t\t\t<\/div>\n\t\t<\/section>\n\t\t\t\t\t\t\t\t\t<\/div>\n\t\t\t<\/div>\n\t\t\t\t\t<\/div>","protected":false},"excerpt":{"rendered":"<p>Resoluci\u00f3n de problemas en el flocado El flocado es un proceso delicado. Hay muchos factores que pueden influir en el resultado final y, por lo tanto, no deben descuidarse. Ya sean materiales que reaccionan de forma diferente en el campo electrost\u00e1tico, la compatibilidad de algunos preparados de flocado y adhesivos o la forma del sustrato. Adem\u00e1s, en el proceso electrost\u00e1tico, par\u00e1metros como el [...]<\/p>","protected":false},"author":5,"featured_media":0,"parent":3446,"menu_order":0,"comment_status":"closed","ping_status":"closed","template":"","meta":[],"_links":{"self":[{"href":"https:\/\/maagflock.com\/es\/wp-json\/wp\/v2\/pages\/3663"}],"collection":[{"href":"https:\/\/maagflock.com\/es\/wp-json\/wp\/v2\/pages"}],"about":[{"href":"https:\/\/maagflock.com\/es\/wp-json\/wp\/v2\/types\/page"}],"author":[{"embeddable":true,"href":"https:\/\/maagflock.com\/es\/wp-json\/wp\/v2\/users\/5"}],"replies":[{"embeddable":true,"href":"https:\/\/maagflock.com\/es\/wp-json\/wp\/v2\/comments?post=3663"}],"version-history":[{"count":50,"href":"https:\/\/maagflock.com\/es\/wp-json\/wp\/v2\/pages\/3663\/revisions"}],"predecessor-version":[{"id":4403,"href":"https:\/\/maagflock.com\/es\/wp-json\/wp\/v2\/pages\/3663\/revisions\/4403"}],"up":[{"embeddable":true,"href":"https:\/\/maagflock.com\/es\/wp-json\/wp\/v2\/pages\/3446"}],"wp:attachment":[{"href":"https:\/\/maagflock.com\/es\/wp-json\/wp\/v2\/media?parent=3663"}],"curies":[{"name":"wp","href":"https:\/\/api.w.org\/{rel}","templated":true}]}}