{"id":4292,"date":"2021-09-15T11:42:53","date_gmt":"2021-09-15T09:42:53","guid":{"rendered":"https:\/\/maagflock.com\/?page_id=4292"},"modified":"2021-09-15T13:02:43","modified_gmt":"2021-09-15T11:02:43","slug":"qualitaetssicherung-im-beflockungsprozess","status":"publish","type":"page","link":"https:\/\/maagflock.com\/es\/flock-school\/qualitaetssicherung-im-beflockungsprozess\/","title":{"rendered":"Garant\u00eda de calidad en el proceso de flocado"},"content":{"rendered":"<div data-elementor-type=\"wp-page\" data-elementor-id=\"4292\" class=\"elementor elementor-4292\">\n\t\t\t\t\t\t<div class=\"elementor-inner\">\n\t\t\t\t<div class=\"elementor-section-wrap\">\n\t\t\t\t\t\t\t\t\t<section class=\"elementor-section elementor-top-section elementor-element elementor-element-b960fc4 elementor-section-boxed elementor-section-height-default elementor-section-height-default\" data-id=\"b960fc4\" data-element_type=\"section\">\n\t\t\t\t\t\t<div class=\"elementor-container elementor-column-gap-default\">\n\t\t\t\t\t\t\t<div class=\"elementor-row\">\n\t\t\t\t\t<div class=\"elementor-column elementor-col-100 elementor-top-column elementor-element elementor-element-aaede48\" data-id=\"aaede48\" data-element_type=\"column\">\n\t\t\t<div class=\"elementor-column-wrap elementor-element-populated\">\n\t\t\t\t\t\t\t<div class=\"elementor-widget-wrap\">\n\t\t\t\t\t\t<div class=\"elementor-element elementor-element-af8c117 elementor-widget elementor-widget-heading\" data-id=\"af8c117\" data-element_type=\"widget\" data-widget_type=\"heading.default\">\n\t\t\t\t<div class=\"elementor-widget-container\">\n\t\t\t<h1 class=\"elementor-heading-title elementor-size-default\"><br>Garant\u00eda de calidad en el proceso de flocado<\/h1>\t\t<\/div>\n\t\t\t\t<\/div>\n\t\t\t\t<div class=\"elementor-element elementor-element-d2ab8fa elementor-widget-divider--view-line elementor-widget elementor-widget-divider\" data-id=\"d2ab8fa\" data-element_type=\"widget\" data-widget_type=\"divider.default\">\n\t\t\t\t<div class=\"elementor-widget-container\">\n\t\t\t\t\t<div class=\"elementor-divider\">\n\t\t\t<span class=\"elementor-divider-separator\">\n\t\t\t\t\t\t<\/span>\n\t\t<\/div>\n\t\t\t\t<\/div>\n\t\t\t\t<\/div>\n\t\t\t\t<div class=\"elementor-element elementor-element-ed86f52 elementor-widget elementor-widget-text-editor\" data-id=\"ed86f52\" data-element_type=\"widget\" data-widget_type=\"text-editor.default\">\n\t\t\t\t<div class=\"elementor-widget-container\">\n\t\t\t\t\t\t\t\t<div class=\"elementor-text-editor elementor-clearfix\">\n\t\t\t\t<p>El control y la garant\u00eda de calidad son una parte esencial del proceso de flocado y se pueden probar y comprobar varios criterios. La reproducibilidad de las condiciones y pruebas durante la inspecci\u00f3n de calidad es importante. Adem\u00e1s de los procedimientos de prueba, la calidad de cada uno de los materiales que se van a procesar puede comprobarse a la recepci\u00f3n de las mercanc\u00edas, durante el almacenamiento y en el proceso en curso.<\/p>\t\t\t\t\t<\/div>\n\t\t\t\t\t\t<\/div>\n\t\t\t\t<\/div>\n\t\t\t\t<div class=\"elementor-element elementor-element-51edded elementor-widget elementor-widget-text-editor\" data-id=\"51edded\" data-element_type=\"widget\" data-widget_type=\"text-editor.default\">\n\t\t\t\t<div class=\"elementor-widget-container\">\n\t\t\t\t\t\t\t\t<div class=\"elementor-text-editor elementor-clearfix\">\n\t\t\t\t<p>Antes de flocar, las fibras de flocado pueden someterse a pruebas para determinar sus propiedades.<\/p>\t\t\t\t\t<\/div>\n\t\t\t\t\t\t<\/div>\n\t\t\t\t<\/div>\n\t\t\t\t\t\t<\/div>\n\t\t\t\t\t<\/div>\n\t\t<\/div>\n\t\t\t\t\t\t\t\t<\/div>\n\t\t\t\t\t<\/div>\n\t\t<\/section>\n\t\t\t\t<section class=\"elementor-section elementor-top-section elementor-element elementor-element-a32d477 elementor-section-boxed elementor-section-height-default elementor-section-height-default\" data-id=\"a32d477\" data-element_type=\"section\">\n\t\t\t\t\t\t<div class=\"elementor-container elementor-column-gap-default\">\n\t\t\t\t\t\t\t<div class=\"elementor-row\">\n\t\t\t\t\t<div class=\"elementor-column elementor-col-50 elementor-top-column elementor-element elementor-element-dcc5386\" data-id=\"dcc5386\" data-element_type=\"column\">\n\t\t\t<div class=\"elementor-column-wrap elementor-element-populated\">\n\t\t\t\t\t\t\t<div class=\"elementor-widget-wrap\">\n\t\t\t\t\t\t<div class=\"elementor-element elementor-element-492c4e6 elementor-widget elementor-widget-text-editor\" data-id=\"492c4e6\" data-element_type=\"widget\" data-widget_type=\"text-editor.default\">\n\t\t\t\t<div class=\"elementor-widget-container\">\n\t\t\t\t\t\t\t\t<div class=\"elementor-text-editor elementor-clearfix\">\n\t\t\t\t<p>Se utiliza un conduct\u00edmetro para medir la conductividad y la humedad de las fibras. Este control sirve para asegurar un flocado ideal garantizando la calidad de las fibras de flocado utilizadas. Cuanto m\u00e1s conductoras sean las fibras de flocado, m\u00e1s f\u00e1cil ser\u00e1 el flocado y mejor ser\u00e1 el resultado final.<\/p>\t\t\t\t\t<\/div>\n\t\t\t\t\t\t<\/div>\n\t\t\t\t<\/div>\n\t\t\t\t<section class=\"elementor-section elementor-inner-section elementor-element elementor-element-6cd4dff elementor-section-boxed elementor-section-height-default elementor-section-height-default\" data-id=\"6cd4dff\" data-element_type=\"section\">\n\t\t\t\t\t\t<div class=\"elementor-container elementor-column-gap-default\">\n\t\t\t\t\t\t\t<div class=\"elementor-row\">\n\t\t\t\t\t<div class=\"elementor-column elementor-col-50 elementor-inner-column elementor-element elementor-element-a7866b0\" data-id=\"a7866b0\" data-element_type=\"column\">\n\t\t\t<div class=\"elementor-column-wrap elementor-element-populated\">\n\t\t\t\t\t\t\t<div class=\"elementor-widget-wrap\">\n\t\t\t\t\t\t<div class=\"elementor-element elementor-element-b455caf elementor-widget elementor-widget-image\" data-id=\"b455caf\" data-element_type=\"widget\" data-widget_type=\"image.default\">\n\t\t\t\t<div class=\"elementor-widget-container\">\n\t\t\t\t\t\t\t\t<div class=\"elementor-image\">\n\t\t\t\t\t\t\t\t\t\t\t\t<img decoding=\"async\" width=\"750\" height=\"513\" src=\"https:\/\/maagflock.com\/wp-content\/uploads\/2021\/09\/Bild-23.png\" class=\"attachment-large size-large wp-image-3642\" alt=\"\" loading=\"lazy\" srcset=\"https:\/\/maagflock.com\/wp-content\/uploads\/2021\/09\/Bild-23.png 750w, https:\/\/maagflock.com\/wp-content\/uploads\/2021\/09\/Bild-23-300x205.png 300w, https:\/\/maagflock.com\/wp-content\/uploads\/2021\/09\/Bild-23-16x12.png 16w, https:\/\/maagflock.com\/wp-content\/uploads\/2021\/09\/Bild-23-600x410.png 600w\" sizes=\"(max-width: 750px) 100vw, 750px\" \/>\t\t\t\t\t\t\t\t\t\t\t\t\t\t<\/div>\n\t\t\t\t\t\t<\/div>\n\t\t\t\t<\/div>\n\t\t\t\t\t\t<\/div>\n\t\t\t\t\t<\/div>\n\t\t<\/div>\n\t\t\t\t<div class=\"elementor-column elementor-col-50 elementor-inner-column elementor-element elementor-element-9f46ad1\" data-id=\"9f46ad1\" data-element_type=\"column\">\n\t\t\t<div class=\"elementor-column-wrap elementor-element-populated\">\n\t\t\t\t\t\t\t<div class=\"elementor-widget-wrap\">\n\t\t\t\t\t\t<div class=\"elementor-element elementor-element-a03d2b1 elementor-widget elementor-widget-image\" data-id=\"a03d2b1\" data-element_type=\"widget\" data-widget_type=\"image.default\">\n\t\t\t\t<div class=\"elementor-widget-container\">\n\t\t\t\t\t\t\t\t<div class=\"elementor-image\">\n\t\t\t\t\t\t\t\t\t\t\t\t<img decoding=\"async\" width=\"769\" height=\"513\" src=\"https:\/\/maagflock.com\/wp-content\/uploads\/2021\/09\/Bild-24.png\" class=\"attachment-large size-large wp-image-3641\" alt=\"\" loading=\"lazy\" srcset=\"https:\/\/maagflock.com\/wp-content\/uploads\/2021\/09\/Bild-24.png 769w, https:\/\/maagflock.com\/wp-content\/uploads\/2021\/09\/Bild-24-300x200.png 300w, https:\/\/maagflock.com\/wp-content\/uploads\/2021\/09\/Bild-24-16x12.png 16w, https:\/\/maagflock.com\/wp-content\/uploads\/2021\/09\/Bild-24-600x400.png 600w\" sizes=\"(max-width: 769px) 100vw, 769px\" \/>\t\t\t\t\t\t\t\t\t\t\t\t\t\t<\/div>\n\t\t\t\t\t\t<\/div>\n\t\t\t\t<\/div>\n\t\t\t\t\t\t<\/div>\n\t\t\t\t\t<\/div>\n\t\t<\/div>\n\t\t\t\t\t\t\t\t<\/div>\n\t\t\t\t\t<\/div>\n\t\t<\/section>\n\t\t\t\t\t\t<\/div>\n\t\t\t\t\t<\/div>\n\t\t<\/div>\n\t\t\t\t<div class=\"elementor-column elementor-col-50 elementor-top-column elementor-element elementor-element-29e7462\" data-id=\"29e7462\" data-element_type=\"column\">\n\t\t\t<div class=\"elementor-column-wrap elementor-element-populated\">\n\t\t\t\t\t\t\t<div class=\"elementor-widget-wrap\">\n\t\t\t\t\t\t<div class=\"elementor-element elementor-element-f045b0f elementor-widget elementor-widget-text-editor\" data-id=\"f045b0f\" data-element_type=\"widget\" data-widget_type=\"text-editor.default\">\n\t\t\t\t<div class=\"elementor-widget-container\">\n\t\t\t\t\t\t\t\t<div class=\"elementor-text-editor elementor-clearfix\">\n\t\t\t\t<p>Adem\u00e1s de la conductividad, se puede comprobar la capacidad de vertido de la manada. Se utiliza para evaluar el comportamiento de goteo y la capacidad de disoluci\u00f3n de la borra durante el procesamiento. El reba\u00f1o se tamiza a trav\u00e9s de cribas con diferentes tama\u00f1os de malla y luego se pesa y se eval\u00faa visualmente.<\/p>\t\t\t\t\t<\/div>\n\t\t\t\t\t\t<\/div>\n\t\t\t\t<\/div>\n\t\t\t\t<section class=\"elementor-section elementor-inner-section elementor-element elementor-element-e83ee66 elementor-section-boxed elementor-section-height-default elementor-section-height-default\" data-id=\"e83ee66\" data-element_type=\"section\">\n\t\t\t\t\t\t<div class=\"elementor-container elementor-column-gap-default\">\n\t\t\t\t\t\t\t<div class=\"elementor-row\">\n\t\t\t\t\t<div class=\"elementor-column elementor-col-50 elementor-inner-column elementor-element elementor-element-7e97c6c\" data-id=\"7e97c6c\" data-element_type=\"column\">\n\t\t\t<div class=\"elementor-column-wrap elementor-element-populated\">\n\t\t\t\t\t\t\t<div class=\"elementor-widget-wrap\">\n\t\t\t\t\t\t<div class=\"elementor-element elementor-element-b3bb4a4 elementor-widget elementor-widget-image\" data-id=\"b3bb4a4\" data-element_type=\"widget\" data-widget_type=\"image.default\">\n\t\t\t\t<div class=\"elementor-widget-container\">\n\t\t\t\t\t\t\t\t<div class=\"elementor-image\">\n\t\t\t\t\t\t\t\t\t\t\t\t<img decoding=\"async\" width=\"769\" height=\"513\" src=\"https:\/\/maagflock.com\/wp-content\/uploads\/2021\/09\/Bild-25.png\" class=\"attachment-large size-large wp-image-3640\" alt=\"\" loading=\"lazy\" srcset=\"https:\/\/maagflock.com\/wp-content\/uploads\/2021\/09\/Bild-25.png 769w, https:\/\/maagflock.com\/wp-content\/uploads\/2021\/09\/Bild-25-300x200.png 300w, https:\/\/maagflock.com\/wp-content\/uploads\/2021\/09\/Bild-25-16x12.png 16w, https:\/\/maagflock.com\/wp-content\/uploads\/2021\/09\/Bild-25-600x400.png 600w\" sizes=\"(max-width: 769px) 100vw, 769px\" \/>\t\t\t\t\t\t\t\t\t\t\t\t\t\t<\/div>\n\t\t\t\t\t\t<\/div>\n\t\t\t\t<\/div>\n\t\t\t\t\t\t<\/div>\n\t\t\t\t\t<\/div>\n\t\t<\/div>\n\t\t\t\t<div class=\"elementor-column elementor-col-50 elementor-inner-column elementor-element elementor-element-213ff1d\" data-id=\"213ff1d\" data-element_type=\"column\">\n\t\t\t<div class=\"elementor-column-wrap elementor-element-populated\">\n\t\t\t\t\t\t\t<div class=\"elementor-widget-wrap\">\n\t\t\t\t\t\t<div class=\"elementor-element elementor-element-c0cac0a elementor-widget elementor-widget-image\" data-id=\"c0cac0a\" data-element_type=\"widget\" data-widget_type=\"image.default\">\n\t\t\t\t<div class=\"elementor-widget-container\">\n\t\t\t\t\t\t\t\t<div class=\"elementor-image\">\n\t\t\t\t\t\t\t\t\t\t\t\t<img decoding=\"async\" width=\"769\" height=\"513\" src=\"https:\/\/maagflock.com\/wp-content\/uploads\/2021\/09\/Bild-26.png\" class=\"attachment-large size-large wp-image-3639\" alt=\"\" loading=\"lazy\" srcset=\"https:\/\/maagflock.com\/wp-content\/uploads\/2021\/09\/Bild-26.png 769w, https:\/\/maagflock.com\/wp-content\/uploads\/2021\/09\/Bild-26-300x200.png 300w, https:\/\/maagflock.com\/wp-content\/uploads\/2021\/09\/Bild-26-16x12.png 16w, https:\/\/maagflock.com\/wp-content\/uploads\/2021\/09\/Bild-26-600x400.png 600w\" sizes=\"(max-width: 769px) 100vw, 769px\" \/>\t\t\t\t\t\t\t\t\t\t\t\t\t\t<\/div>\n\t\t\t\t\t\t<\/div>\n\t\t\t\t<\/div>\n\t\t\t\t\t\t<\/div>\n\t\t\t\t\t<\/div>\n\t\t<\/div>\n\t\t\t\t\t\t\t\t<\/div>\n\t\t\t\t\t<\/div>\n\t\t<\/section>\n\t\t\t\t\t\t<\/div>\n\t\t\t\t\t<\/div>\n\t\t<\/div>\n\t\t\t\t\t\t\t\t<\/div>\n\t\t\t\t\t<\/div>\n\t\t<\/section>\n\t\t\t\t<section class=\"elementor-section elementor-top-section elementor-element elementor-element-9613c8d elementor-section-boxed elementor-section-height-default elementor-section-height-default\" data-id=\"9613c8d\" data-element_type=\"section\">\n\t\t\t\t\t\t<div class=\"elementor-container elementor-column-gap-default\">\n\t\t\t\t\t\t\t<div class=\"elementor-row\">\n\t\t\t\t\t<div class=\"elementor-column elementor-col-100 elementor-top-column elementor-element elementor-element-2b50b50\" data-id=\"2b50b50\" data-element_type=\"column\">\n\t\t\t<div class=\"elementor-column-wrap elementor-element-populated\">\n\t\t\t\t\t\t\t<div class=\"elementor-widget-wrap\">\n\t\t\t\t\t\t<div class=\"elementor-element elementor-element-a82a342 elementor-widget elementor-widget-text-editor\" data-id=\"a82a342\" data-element_type=\"widget\" data-widget_type=\"text-editor.default\">\n\t\t\t\t<div class=\"elementor-widget-container\">\n\t\t\t\t\t\t\t\t<div class=\"elementor-text-editor elementor-clearfix\">\n\t\t\t\t<p>Con la ayuda de un probador de saltos, se puede comprobar la capacidad de salto y disoluci\u00f3n de las fibras de flocado. El dispositivo simula las condiciones pr\u00e1cticas de una m\u00e1quina de flocado y puede evaluar la calidad de las fibras de flocado bajo la influencia de la tensi\u00f3n. Las variables importantes son el tiempo de despegue, la caracter\u00edstica de salto, las cantidades residuales y la tensi\u00f3n.<\/p>\t\t\t\t\t<\/div>\n\t\t\t\t\t\t<\/div>\n\t\t\t\t<\/div>\n\t\t\t\t<div class=\"elementor-element elementor-element-72860be elementor-widget elementor-widget-text-editor\" data-id=\"72860be\" data-element_type=\"widget\" data-widget_type=\"text-editor.default\">\n\t\t\t\t<div class=\"elementor-widget-container\">\n\t\t\t\t\t\t\t\t<div class=\"elementor-text-editor elementor-clearfix\">\n\t\t\t\t<p>Antes de la flotaci\u00f3n, se puede medir y comprobar la tensi\u00f3n continua de la polaridad positiva y negativa con un medidor de alta tensi\u00f3n.<\/p>\t\t\t\t\t<\/div>\n\t\t\t\t\t\t<\/div>\n\t\t\t\t<\/div>\n\t\t\t\t<div class=\"elementor-element elementor-element-5144af1 elementor-widget elementor-widget-text-editor\" data-id=\"5144af1\" data-element_type=\"widget\" data-widget_type=\"text-editor.default\">\n\t\t\t\t<div class=\"elementor-widget-container\">\n\t\t\t\t\t\t\t\t<div class=\"elementor-text-editor elementor-clearfix\">\n\t\t\t\t<p>La prueba de arranque comprueba la adhesi\u00f3n de las fibras de flocado en el adhesivo, as\u00ed como la adhesi\u00f3n del adhesivo al sustrato. Adem\u00e1s, se realiza la prueba del efecto de la fuerza adhesiva del sustrato.<\/p>\t\t\t\t\t<\/div>\n\t\t\t\t\t\t<\/div>\n\t\t\t\t<\/div>\n\t\t\t\t<div class=\"elementor-element elementor-element-ee4436c elementor-widget elementor-widget-text-editor\" data-id=\"ee4436c\" data-element_type=\"widget\" data-widget_type=\"text-editor.default\">\n\t\t\t\t<div class=\"elementor-widget-container\">\n\t\t\t\t\t\t\t\t<div class=\"elementor-text-editor elementor-clearfix\">\n\t\t\t\t<p>En el contexto de la garant\u00eda de calidad tras el flocado, uno de los criterios m\u00e1s importantes es la resistencia a la abrasi\u00f3n. Con la ayuda de un probador de abrasi\u00f3n, se puede comprobar la intensidad de la abrasi\u00f3n de una muestra o de un objeto flocado. Esto se hace presionando un cincel de prueba y movi\u00e9ndolo lateralmente sobre la muestra. Esto revela la calidad del adhesivo en combinaci\u00f3n con las fibras de flocado, su estabilidad y firmeza. Adem\u00e1s de la resistencia a la abrasi\u00f3n, tambi\u00e9n se puede realizar una prueba de rozaduras y ara\u00f1azos con un probador de abrasi\u00f3n.<\/p>\t\t\t\t\t<\/div>\n\t\t\t\t\t\t<\/div>\n\t\t\t\t<\/div>\n\t\t\t\t<section class=\"elementor-section elementor-inner-section elementor-element elementor-element-daa3ab3 elementor-section-boxed elementor-section-height-default elementor-section-height-default\" data-id=\"daa3ab3\" data-element_type=\"section\">\n\t\t\t\t\t\t<div class=\"elementor-container elementor-column-gap-default\">\n\t\t\t\t\t\t\t<div class=\"elementor-row\">\n\t\t\t\t\t<div class=\"elementor-column elementor-col-33 elementor-inner-column elementor-element elementor-element-22d1f02\" data-id=\"22d1f02\" data-element_type=\"column\">\n\t\t\t<div class=\"elementor-column-wrap elementor-element-populated\">\n\t\t\t\t\t\t\t<div class=\"elementor-widget-wrap\">\n\t\t\t\t\t\t<div class=\"elementor-element elementor-element-bc24c28 elementor-widget elementor-widget-image\" data-id=\"bc24c28\" data-element_type=\"widget\" data-widget_type=\"image.default\">\n\t\t\t\t<div class=\"elementor-widget-container\">\n\t\t\t\t\t\t\t\t<div class=\"elementor-image\">\n\t\t\t\t\t\t\t\t\t\t\t\t<img decoding=\"async\" width=\"800\" height=\"596\" src=\"https:\/\/maagflock.com\/wp-content\/uploads\/2021\/09\/Bild-27.png\" class=\"attachment-large size-large wp-image-3650\" alt=\"\" loading=\"lazy\" srcset=\"https:\/\/maagflock.com\/wp-content\/uploads\/2021\/09\/Bild-27.png 978w, https:\/\/maagflock.com\/wp-content\/uploads\/2021\/09\/Bild-27-300x223.png 300w, https:\/\/maagflock.com\/wp-content\/uploads\/2021\/09\/Bild-27-768x572.png 768w, https:\/\/maagflock.com\/wp-content\/uploads\/2021\/09\/Bild-27-16x12.png 16w, https:\/\/maagflock.com\/wp-content\/uploads\/2021\/09\/Bild-27-600x447.png 600w\" sizes=\"(max-width: 800px) 100vw, 800px\" \/>\t\t\t\t\t\t\t\t\t\t\t\t\t\t<\/div>\n\t\t\t\t\t\t<\/div>\n\t\t\t\t<\/div>\n\t\t\t\t\t\t<\/div>\n\t\t\t\t\t<\/div>\n\t\t<\/div>\n\t\t\t\t<div class=\"elementor-column elementor-col-33 elementor-inner-column elementor-element elementor-element-7e0a4bc\" data-id=\"7e0a4bc\" data-element_type=\"column\">\n\t\t\t<div class=\"elementor-column-wrap elementor-element-populated\">\n\t\t\t\t\t\t\t<div class=\"elementor-widget-wrap\">\n\t\t\t\t\t\t<div class=\"elementor-element elementor-element-a7d422c elementor-widget elementor-widget-image\" data-id=\"a7d422c\" data-element_type=\"widget\" data-widget_type=\"image.default\">\n\t\t\t\t<div class=\"elementor-widget-container\">\n\t\t\t\t\t\t\t\t<div class=\"elementor-image\">\n\t\t\t\t\t\t\t\t\t\t\t\t<img decoding=\"async\" width=\"800\" height=\"596\" src=\"https:\/\/maagflock.com\/wp-content\/uploads\/2021\/09\/Bild-28-1-1.png\" class=\"attachment-large size-large wp-image-3652\" alt=\"\" loading=\"lazy\" srcset=\"https:\/\/maagflock.com\/wp-content\/uploads\/2021\/09\/Bild-28-1-1.png 978w, https:\/\/maagflock.com\/wp-content\/uploads\/2021\/09\/Bild-28-1-1-300x223.png 300w, https:\/\/maagflock.com\/wp-content\/uploads\/2021\/09\/Bild-28-1-1-768x572.png 768w, https:\/\/maagflock.com\/wp-content\/uploads\/2021\/09\/Bild-28-1-1-16x12.png 16w, https:\/\/maagflock.com\/wp-content\/uploads\/2021\/09\/Bild-28-1-1-600x447.png 600w\" sizes=\"(max-width: 800px) 100vw, 800px\" \/>\t\t\t\t\t\t\t\t\t\t\t\t\t\t<\/div>\n\t\t\t\t\t\t<\/div>\n\t\t\t\t<\/div>\n\t\t\t\t\t\t<\/div>\n\t\t\t\t\t<\/div>\n\t\t<\/div>\n\t\t\t\t<div class=\"elementor-column elementor-col-33 elementor-inner-column elementor-element elementor-element-d1f18e1\" data-id=\"d1f18e1\" data-element_type=\"column\">\n\t\t\t<div class=\"elementor-column-wrap elementor-element-populated\">\n\t\t\t\t\t\t\t<div class=\"elementor-widget-wrap\">\n\t\t\t\t\t\t<div class=\"elementor-element elementor-element-6174d82 elementor-widget elementor-widget-image\" data-id=\"6174d82\" data-element_type=\"widget\" data-widget_type=\"image.default\">\n\t\t\t\t<div class=\"elementor-widget-container\">\n\t\t\t\t\t\t\t\t<div class=\"elementor-image\">\n\t\t\t\t\t\t\t\t\t\t\t\t<img decoding=\"async\" width=\"800\" height=\"596\" src=\"https:\/\/maagflock.com\/wp-content\/uploads\/2021\/09\/Bild-29.png\" class=\"attachment-large size-large wp-image-3651\" alt=\"\" loading=\"lazy\" srcset=\"https:\/\/maagflock.com\/wp-content\/uploads\/2021\/09\/Bild-29.png 978w, https:\/\/maagflock.com\/wp-content\/uploads\/2021\/09\/Bild-29-300x223.png 300w, https:\/\/maagflock.com\/wp-content\/uploads\/2021\/09\/Bild-29-768x572.png 768w, https:\/\/maagflock.com\/wp-content\/uploads\/2021\/09\/Bild-29-16x12.png 16w, https:\/\/maagflock.com\/wp-content\/uploads\/2021\/09\/Bild-29-600x447.png 600w\" sizes=\"(max-width: 800px) 100vw, 800px\" \/>\t\t\t\t\t\t\t\t\t\t\t\t\t\t<\/div>\n\t\t\t\t\t\t<\/div>\n\t\t\t\t<\/div>\n\t\t\t\t\t\t<\/div>\n\t\t\t\t\t<\/div>\n\t\t<\/div>\n\t\t\t\t\t\t\t\t<\/div>\n\t\t\t\t\t<\/div>\n\t\t<\/section>\n\t\t\t\t<div class=\"elementor-element elementor-element-8303086 elementor-widget elementor-widget-text-editor\" data-id=\"8303086\" data-element_type=\"widget\" data-widget_type=\"text-editor.default\">\n\t\t\t\t<div class=\"elementor-widget-container\">\n\t\t\t\t\t\t\t\t<div class=\"elementor-text-editor elementor-clearfix\">\n\t\t\t\t<p>En el contexto de la garant\u00eda de calidad tras el flocado, uno de los criterios m\u00e1s importantes es la resistencia a la abrasi\u00f3n. Con la ayuda de un probador de abrasi\u00f3n, se puede comprobar la intensidad de la abrasi\u00f3n de una muestra o de un objeto flocado. Esto se hace presionando un cincel de prueba y movi\u00e9ndolo lateralmente sobre la muestra. Esto revela la calidad del adhesivo en combinaci\u00f3n con las fibras de flocado, su estabilidad y firmeza. Adem\u00e1s de la resistencia a la abrasi\u00f3n, tambi\u00e9n se puede realizar una prueba de rozaduras y ara\u00f1azos con un probador de abrasi\u00f3n.<\/p>\t\t\t\t\t<\/div>\n\t\t\t\t\t\t<\/div>\n\t\t\t\t<\/div>\n\t\t\t\t<div class=\"elementor-element elementor-element-1ecf339 elementor-widget elementor-widget-text-editor\" data-id=\"1ecf339\" data-element_type=\"widget\" data-widget_type=\"text-editor.default\">\n\t\t\t\t<div class=\"elementor-widget-container\">\n\t\t\t\t\t\t\t\t<div class=\"elementor-text-editor elementor-clearfix\">\n\t\t\t\t<p>Aqu\u00ed puede descargar gratuitamente la lista de comprobaci\u00f3n para el control y la garant\u00eda de calidad en el proceso de flocado:<\/p>\t\t\t\t\t<\/div>\n\t\t\t\t\t\t<\/div>\n\t\t\t\t<\/div>\n\t\t\t\t<div class=\"elementor-element elementor-element-72cd1d2 elementor-align-center elementor-widget elementor-widget-button\" data-id=\"72cd1d2\" data-element_type=\"widget\" data-widget_type=\"button.default\">\n\t\t\t\t<div class=\"elementor-widget-container\">\n\t\t\t\t\t<div class=\"elementor-button-wrapper\">\n\t\t\t<a href=\"https:\/\/maagflock.com\/es\/checkliste\/\" class=\"elementor-button-link elementor-button elementor-size-sm\" role=\"button\">\n\t\t\t\t\t\t<span class=\"elementor-button-content-wrapper\">\n\t\t\t\t\t\t<span class=\"elementor-button-text\">DESCARGAR LA LISTA DE COMPROBACI\u00d3N<\/span>\n\t\t<\/span>\n\t\t\t\t\t<\/a>\n\t\t<\/div>\n\t\t\t\t<\/div>\n\t\t\t\t<\/div>\n\t\t\t\t\t\t<\/div>\n\t\t\t\t\t<\/div>\n\t\t<\/div>\n\t\t\t\t\t\t\t\t<\/div>\n\t\t\t\t\t<\/div>\n\t\t<\/section>\n\t\t\t\t\t\t\t\t\t<\/div>\n\t\t\t<\/div>\n\t\t\t\t\t<\/div>","protected":false},"excerpt":{"rendered":"<p>Aseguramiento de la calidad en el proceso de flocado El control y el aseguramiento de la calidad son una parte esencial del proceso de flocado. Se pueden probar y comprobar varios criterios. La reproducibilidad de las condiciones y pruebas durante la inspecci\u00f3n de calidad es importante. Adem\u00e1s de los procedimientos de prueba, se puede comprobar la calidad de cada uno de los materiales que se van a procesar durante la entrada de la mercanc\u00eda, en el curso del almacenamiento y en el proceso en curso [...]<\/p>","protected":false},"author":5,"featured_media":0,"parent":3446,"menu_order":0,"comment_status":"closed","ping_status":"closed","template":"","meta":[],"_links":{"self":[{"href":"https:\/\/maagflock.com\/es\/wp-json\/wp\/v2\/pages\/4292"}],"collection":[{"href":"https:\/\/maagflock.com\/es\/wp-json\/wp\/v2\/pages"}],"about":[{"href":"https:\/\/maagflock.com\/es\/wp-json\/wp\/v2\/types\/page"}],"author":[{"embeddable":true,"href":"https:\/\/maagflock.com\/es\/wp-json\/wp\/v2\/users\/5"}],"replies":[{"embeddable":true,"href":"https:\/\/maagflock.com\/es\/wp-json\/wp\/v2\/comments?post=4292"}],"version-history":[{"count":22,"href":"https:\/\/maagflock.com\/es\/wp-json\/wp\/v2\/pages\/4292\/revisions"}],"predecessor-version":[{"id":4389,"href":"https:\/\/maagflock.com\/es\/wp-json\/wp\/v2\/pages\/4292\/revisions\/4389"}],"up":[{"embeddable":true,"href":"https:\/\/maagflock.com\/es\/wp-json\/wp\/v2\/pages\/3446"}],"wp:attachment":[{"href":"https:\/\/maagflock.com\/es\/wp-json\/wp\/v2\/media?parent=4292"}],"curies":[{"name":"wp","href":"https:\/\/api.w.org\/{rel}","templated":true}]}}