{"id":5011,"date":"2021-11-10T15:23:27","date_gmt":"2021-11-10T14:23:27","guid":{"rendered":"https:\/\/maagflock.com\/?page_id=5011"},"modified":"2022-02-09T09:48:48","modified_gmt":"2022-02-09T08:48:48","slug":"karriere","status":"publish","type":"page","link":"https:\/\/maagflock.com\/es\/karriere\/","title":{"rendered":"Carrera"},"content":{"rendered":"<div data-elementor-type=\"wp-page\" data-elementor-id=\"5011\" class=\"elementor elementor-5011\">\n\t\t\t\t\t\t<div class=\"elementor-inner\">\n\t\t\t\t<div class=\"elementor-section-wrap\">\n\t\t\t\t\t\t\t\t\t<section class=\"elementor-section elementor-top-section elementor-element elementor-element-afef707 elementor-section-boxed elementor-section-height-default elementor-section-height-default\" data-id=\"afef707\" data-element_type=\"section\">\n\t\t\t\t\t\t<div class=\"elementor-container elementor-column-gap-default\">\n\t\t\t\t\t\t\t<div class=\"elementor-row\">\n\t\t\t\t\t<div class=\"elementor-column elementor-col-100 elementor-top-column elementor-element elementor-element-c795a89\" data-id=\"c795a89\" data-element_type=\"column\">\n\t\t\t<div class=\"elementor-column-wrap elementor-element-populated\">\n\t\t\t\t\t\t\t<div class=\"elementor-widget-wrap\">\n\t\t\t\t\t\t<div class=\"elementor-element elementor-element-f44225a elementor-widget elementor-widget-spacer\" data-id=\"f44225a\" data-element_type=\"widget\" data-widget_type=\"spacer.default\">\n\t\t\t\t<div class=\"elementor-widget-container\">\n\t\t\t\t\t<div class=\"elementor-spacer\">\n\t\t\t<div class=\"elementor-spacer-inner\"><\/div>\n\t\t<\/div>\n\t\t\t\t<\/div>\n\t\t\t\t<\/div>\n\t\t\t\t<div class=\"elementor-element elementor-element-66612c1 elementor-widget elementor-widget-heading\" data-id=\"66612c1\" data-element_type=\"widget\" data-widget_type=\"heading.default\">\n\t\t\t\t<div class=\"elementor-widget-container\">\n\t\t\t<h2 class=\"elementor-heading-title elementor-size-default\">Carrera - Trabajar en Maag Flock<\/h2>\t\t<\/div>\n\t\t\t\t<\/div>\n\t\t\t\t<div class=\"elementor-element elementor-element-ac757ea elementor-widget-divider--view-line elementor-widget elementor-widget-divider\" data-id=\"ac757ea\" data-element_type=\"widget\" data-widget_type=\"divider.default\">\n\t\t\t\t<div class=\"elementor-widget-container\">\n\t\t\t\t\t<div class=\"elementor-divider\">\n\t\t\t<span class=\"elementor-divider-separator\">\n\t\t\t\t\t\t<\/span>\n\t\t<\/div>\n\t\t\t\t<\/div>\n\t\t\t\t<\/div>\n\t\t\t\t<div class=\"elementor-element elementor-element-dc79bec elementor-widget elementor-widget-text-editor\" data-id=\"dc79bec\" data-element_type=\"widget\" data-widget_type=\"text-editor.default\">\n\t\t\t\t<div class=\"elementor-widget-container\">\n\t\t\t\t\t\t\t\t<div class=\"elementor-text-editor elementor-clearfix\">\n\t\t\t\t<p>Buscamos empleados con personalidad que, fieles a nuestro lema \"Ingenio para generaciones\", inspiren a nuestros clientes con pasi\u00f3n e inventiva.<\/p>\t\t\t\t\t<\/div>\n\t\t\t\t\t\t<\/div>\n\t\t\t\t<\/div>\n\t\t\t\t<div class=\"elementor-element elementor-element-ee58ef2 elementor-widget elementor-widget-image\" data-id=\"ee58ef2\" data-element_type=\"widget\" data-widget_type=\"image.default\">\n\t\t\t\t<div class=\"elementor-widget-container\">\n\t\t\t\t\t\t\t\t<div class=\"elementor-image\">\n\t\t\t\t\t\t\t\t\t\t\t\t<img decoding=\"async\" width=\"630\" height=\"370\" src=\"https:\/\/maagflock.com\/wp-content\/uploads\/2020\/12\/image-14.png\" class=\"attachment-full size-full wp-image-1387\" alt=\"\" loading=\"lazy\" srcset=\"https:\/\/maagflock.com\/wp-content\/uploads\/2020\/12\/image-14.png 630w, https:\/\/maagflock.com\/wp-content\/uploads\/2020\/12\/image-14-600x352.png 600w, https:\/\/maagflock.com\/wp-content\/uploads\/2020\/12\/image-14-300x176.png 300w, https:\/\/maagflock.com\/wp-content\/uploads\/2020\/12\/image-14-16x9.png 16w\" sizes=\"(max-width: 630px) 100vw, 630px\" \/>\t\t\t\t\t\t\t\t\t\t\t\t\t\t<\/div>\n\t\t\t\t\t\t<\/div>\n\t\t\t\t<\/div>\n\t\t\t\t<section class=\"elementor-section elementor-inner-section elementor-element elementor-element-9c306c4 elementor-section-boxed elementor-section-height-default elementor-section-height-default\" data-id=\"9c306c4\" data-element_type=\"section\">\n\t\t\t\t\t\t<div class=\"elementor-container elementor-column-gap-default\">\n\t\t\t\t\t\t\t<div class=\"elementor-row\">\n\t\t\t\t\t<div class=\"elementor-column elementor-col-50 elementor-inner-column elementor-element elementor-element-fafbff4\" data-id=\"fafbff4\" data-element_type=\"column\">\n\t\t\t<div class=\"elementor-column-wrap elementor-element-populated\">\n\t\t\t\t\t\t\t<div class=\"elementor-widget-wrap\">\n\t\t\t\t\t\t<div class=\"elementor-element elementor-element-6fee4fa elementor-widget elementor-widget-heading\" data-id=\"6fee4fa\" data-element_type=\"widget\" data-widget_type=\"heading.default\">\n\t\t\t\t<div class=\"elementor-widget-container\">\n\t\t\t<h2 class=\"elementor-heading-title elementor-size-medium\">Qui\u00e9nes somos<\/h2>\t\t<\/div>\n\t\t\t\t<\/div>\n\t\t\t\t<div class=\"elementor-element elementor-element-eb51dd6 elementor-widget-divider--view-line elementor-widget elementor-widget-divider\" data-id=\"eb51dd6\" data-element_type=\"widget\" data-widget_type=\"divider.default\">\n\t\t\t\t<div class=\"elementor-widget-container\">\n\t\t\t\t\t<div class=\"elementor-divider\">\n\t\t\t<span class=\"elementor-divider-separator\">\n\t\t\t\t\t\t<\/span>\n\t\t<\/div>\n\t\t\t\t<\/div>\n\t\t\t\t<\/div>\n\t\t\t\t<div class=\"elementor-element elementor-element-3259589 elementor-widget elementor-widget-text-editor\" data-id=\"3259589\" data-element_type=\"widget\" data-widget_type=\"text-editor.default\">\n\t\t\t\t<div class=\"elementor-widget-container\">\n\t\t\t\t\t\t\t\t<div class=\"elementor-text-editor elementor-clearfix\">\n\t\t\t\t<p>Maag Flock es el l\u00edder del mercado mundial como fabricante de m\u00e1quinas en la industria del flocado.<\/p><p>Para nosotros, la longevidad y el progreso tecnol\u00f3gico son fundamentales. Nuestra filosof\u00eda corporativa, \"Ingenio para las generaciones\", lo encarna. Siempre podemos ser mejores y optimizarnos. Con esta mentalidad, nos centramos en la intervenci\u00f3n de soluciones y encontramos la soluci\u00f3n \u00f3ptima para cada sector con competencia y pasi\u00f3n.<\/p><p>Maag Flock es sin\u00f3nimo de innovaci\u00f3n y gesti\u00f3n de ideas con \u00e9xito. Detr\u00e1s hay una empresa familiar dirigida por la familia Wagner. Junto con todo el equipo, Maag Flock es una empresa con mentes creativas y representa una empresa moderna e innovadora.<\/p>\t\t\t\t\t<\/div>\n\t\t\t\t\t\t<\/div>\n\t\t\t\t<\/div>\n\t\t\t\t\t\t<\/div>\n\t\t\t\t\t<\/div>\n\t\t<\/div>\n\t\t\t\t<div class=\"elementor-column elementor-col-50 elementor-inner-column elementor-element elementor-element-2f20da9\" data-id=\"2f20da9\" data-element_type=\"column\">\n\t\t\t<div class=\"elementor-column-wrap elementor-element-populated\">\n\t\t\t\t\t\t\t<div class=\"elementor-widget-wrap\">\n\t\t\t\t\t\t<div class=\"elementor-element elementor-element-bdc12fc elementor-widget elementor-widget-heading\" data-id=\"bdc12fc\" data-element_type=\"widget\" data-widget_type=\"heading.default\">\n\t\t\t\t<div class=\"elementor-widget-container\">\n\t\t\t<h2 class=\"elementor-heading-title elementor-size-medium\">Lo que ofrecemos<\/h2>\t\t<\/div>\n\t\t\t\t<\/div>\n\t\t\t\t<div class=\"elementor-element elementor-element-aa622b1 elementor-widget-divider--view-line elementor-widget elementor-widget-divider\" data-id=\"aa622b1\" data-element_type=\"widget\" data-widget_type=\"divider.default\">\n\t\t\t\t<div class=\"elementor-widget-container\">\n\t\t\t\t\t<div class=\"elementor-divider\">\n\t\t\t<span class=\"elementor-divider-separator\">\n\t\t\t\t\t\t<\/span>\n\t\t<\/div>\n\t\t\t\t<\/div>\n\t\t\t\t<\/div>\n\t\t\t\t<div class=\"elementor-element elementor-element-15ff693 elementor-widget elementor-widget-text-editor\" data-id=\"15ff693\" data-element_type=\"widget\" data-widget_type=\"text-editor.default\">\n\t\t\t\t<div class=\"elementor-widget-container\">\n\t\t\t\t\t\t\t\t<div class=\"elementor-text-editor elementor-clearfix\">\n\t\t\t\t<p>Le ofrecemos la oportunidad de trabajar en un modelo de empresa innovador y orientado al futuro que se caracteriza por la pasi\u00f3n y la creatividad. Un entorno de trabajo motivador e inspirador es importante para nosotros. Combinamos el trabajo y la familia y garantizamos un buen equilibrio entre la vida laboral y la personal.<\/p><p>Adem\u00e1s, ofrecemos:<\/p><ul><li>Relaci\u00f3n laboral permanente<\/li><\/ul><ul><li>Ambiente de trabajo agradable en un equipo motivado<\/li><\/ul><ul><li>Responsabilidad y libertad de iniciativa propia<\/li><\/ul><ul><li>Oportunidades de desarrollo profesional y de formaci\u00f3n continua<\/li><\/ul><ul><li>Remuneraci\u00f3n en funci\u00f3n del rendimiento con los beneficios sociales habituales<\/li><li>Bebidas gratis<\/li><li>Plazas de aparcamiento gratuitas<\/li><\/ul>\t\t\t\t\t<\/div>\n\t\t\t\t\t\t<\/div>\n\t\t\t\t<\/div>\n\t\t\t\t\t\t<\/div>\n\t\t\t\t\t<\/div>\n\t\t<\/div>\n\t\t\t\t\t\t\t\t<\/div>\n\t\t\t\t\t<\/div>\n\t\t<\/section>\n\t\t\t\t<div class=\"elementor-element elementor-element-8b388fd elementor-widget elementor-widget-spacer\" data-id=\"8b388fd\" data-element_type=\"widget\" data-widget_type=\"spacer.default\">\n\t\t\t\t<div class=\"elementor-widget-container\">\n\t\t\t\t\t<div class=\"elementor-spacer\">\n\t\t\t<div class=\"elementor-spacer-inner\"><\/div>\n\t\t<\/div>\n\t\t\t\t<\/div>\n\t\t\t\t<\/div>\n\t\t\t\t<div class=\"elementor-element elementor-element-bcb4d07 elementor-widget elementor-widget-heading\" data-id=\"bcb4d07\" data-element_type=\"widget\" data-widget_type=\"heading.default\">\n\t\t\t\t<div class=\"elementor-widget-container\">\n\t\t\t<h2 class=\"elementor-heading-title elementor-size-default\">Vacantes<\/h2>\t\t<\/div>\n\t\t\t\t<\/div>\n\t\t\t\t<div class=\"elementor-element elementor-element-76ffbe3 elementor-widget-divider--view-line elementor-widget elementor-widget-divider\" data-id=\"76ffbe3\" data-element_type=\"widget\" data-widget_type=\"divider.default\">\n\t\t\t\t<div class=\"elementor-widget-container\">\n\t\t\t\t\t<div class=\"elementor-divider\">\n\t\t\t<span class=\"elementor-divider-separator\">\n\t\t\t\t\t\t<\/span>\n\t\t<\/div>\n\t\t\t\t<\/div>\n\t\t\t\t<\/div>\n\t\t\t\t<div class=\"elementor-element elementor-element-82c818d elementor-widget elementor-widget-text-editor\" data-id=\"82c818d\" data-element_type=\"widget\" data-widget_type=\"text-editor.default\">\n\t\t\t\t<div class=\"elementor-widget-container\">\n\t\t\t\t\t\t\t\t<div class=\"elementor-text-editor elementor-clearfix\">\n\t\t\t\t<p>Si est\u00e1 interesado, env\u00ede su solicitud completa a <a href=\"mailto:andreas.wagner@maagflock.com\"><span style=\"text-decoration: underline;\">andreas.wagner@maagflock.com<\/span><\/a><\/p><p>Esperamos recibir su solicitud.<\/p>\t\t\t\t\t<\/div>\n\t\t\t\t\t\t<\/div>\n\t\t\t\t<\/div>\n\t\t\t\t<section class=\"elementor-section elementor-inner-section elementor-element elementor-element-84ff9d6 elementor-section-boxed elementor-section-height-default elementor-section-height-default\" data-id=\"84ff9d6\" data-element_type=\"section\">\n\t\t\t\t\t\t<div class=\"elementor-container elementor-column-gap-default\">\n\t\t\t\t\t\t\t<div class=\"elementor-row\">\n\t\t\t\t\t<div class=\"elementor-column elementor-col-50 elementor-inner-column elementor-element elementor-element-a7089b2\" data-id=\"a7089b2\" data-element_type=\"column\">\n\t\t\t<div class=\"elementor-column-wrap elementor-element-populated\">\n\t\t\t\t\t\t\t<div class=\"elementor-widget-wrap\">\n\t\t\t\t\t\t<div class=\"elementor-element elementor-element-227dd7c elementor-widget elementor-widget-text-editor\" data-id=\"227dd7c\" data-element_type=\"widget\" data-widget_type=\"text-editor.default\">\n\t\t\t\t<div class=\"elementor-widget-container\">\n\t\t\t\t\t\t\t\t<div class=\"elementor-text-editor elementor-clearfix\">\n\t\t\t\t<h5 style=\"font-family: Rubik, sans-serif;\"><span style=\"color: #c00000;\">T\u00e9cnico en ingenier\u00eda mec\u00e1nica<\/span>\u00a0<span style=\"color: #c00000; font-size: 1.25rem; font-style: var( --e-global-typography-text-font-style );\">(m\/f\/d)<\/span><\/h5><h6 style=\"font-family: Rubik, sans-serif;\"><span style=\"font-weight: bold;\">Su campo de actividad<\/span><\/h6><ul style=\"font-size: 18px; background-color: #ffffff;\"><li style=\"font-size: 18px;\">Dise\u00f1o, desarrollo y construcci\u00f3n de sistemas de ingenier\u00eda de procesos en la construcci\u00f3n de m\u00e1quinas especiales \/ de reba\u00f1o.<\/li><li style=\"font-size: 18px;\">Creaci\u00f3n de conjuntos de planos y listas de piezas funcionalmente adecuados<\/li><li style=\"font-size: 18px;\">Supervisi\u00f3n independiente de las tareas del proyecto de acuerdo con los plazos y los costes<\/li><li style=\"font-size: 18px;\">Investigaci\u00f3n t\u00e9cnica para el desarrollo de dise\u00f1os especiales seg\u00fan los requisitos del cliente<\/li><li style=\"font-size: 18px;\">Comunicaci\u00f3n y coordinaci\u00f3n con los proveedores y socios del proyecto<\/li><li style=\"font-size: 18px;\">Desarrollo de equipos para el acabado de superficies<\/li><\/ul><div>\u00a0<\/div><h6 style=\"font-family: Rubik, sans-serif;\"><span style=\"font-weight: bold;\">Traes contigo<\/span><\/h6><ul style=\"font-size: 18px; background-color: #ffffff;\"><li style=\"font-size: 18px;\">Estudios completos de ingenier\u00eda \/ t\u00e9cnico<\/li><li style=\"font-size: 18px;\">Deseable experiencia profesional en construcci\u00f3n y gesti\u00f3n de proyectos<\/li><li style=\"font-size: 18px;\">Alto grado de independencia y responsabilidad personal<\/li><\/ul><div>\u00a0<\/div><h6 style=\"font-family: Rubik, sans-serif;\"><span style=\"font-weight: bold;\">Lo que le ofrecemos<\/span><\/h6><ul style=\"font-size: 18px; background-color: #ffffff;\"><li style=\"font-size: 18px;\">Relaci\u00f3n laboral permanente<\/li><li style=\"font-size: 18px;\">Ambiente de trabajo agradable en un equipo motivado<\/li><li style=\"font-size: 18px;\">Responsabilidad y libertad de iniciativa propia<\/li><li style=\"font-size: 18px;\">Oportunidades de desarrollo profesional y formaci\u00f3n.<\/li><li style=\"font-size: 18px;\">Remuneraci\u00f3n en funci\u00f3n del rendimiento con los beneficios sociales habituales<\/li><\/ul>\t\t\t\t\t<\/div>\n\t\t\t\t\t\t<\/div>\n\t\t\t\t<\/div>\n\t\t\t\t\t\t<\/div>\n\t\t\t\t\t<\/div>\n\t\t<\/div>\n\t\t\t\t<div class=\"elementor-column elementor-col-50 elementor-inner-column elementor-element elementor-element-647b7e8\" data-id=\"647b7e8\" data-element_type=\"column\">\n\t\t\t<div class=\"elementor-column-wrap elementor-element-populated\">\n\t\t\t\t\t\t\t<div class=\"elementor-widget-wrap\">\n\t\t\t\t\t\t<div class=\"elementor-element elementor-element-e0f8228 elementor-widget elementor-widget-text-editor\" data-id=\"e0f8228\" data-element_type=\"widget\" data-widget_type=\"text-editor.default\">\n\t\t\t\t<div class=\"elementor-widget-container\">\n\t\t\t\t\t\t\t\t<div class=\"elementor-text-editor elementor-clearfix\">\n\t\t\t\t<h5><span style=\"color: #c00000;\">Ingeniero mec\u00e1nico (m\/f\/d)<\/span><\/h5><h6><b>Su campo de actividad<\/b><\/h6><ul><li>Dise\u00f1o, desarrollo y construcci\u00f3n de sistemas de ingenier\u00eda de procesos en la construcci\u00f3n de m\u00e1quinas especiales \/ de reba\u00f1o.<\/li><li>Creaci\u00f3n de conjuntos de planos y listas de piezas funcionalmente adecuados<\/li><li>Supervisi\u00f3n independiente de las tareas del proyecto de acuerdo con los plazos y los costes<\/li><li>Investigaci\u00f3n t\u00e9cnica para el desarrollo de dise\u00f1os especiales seg\u00fan los requisitos del cliente<\/li><li>Comunicaci\u00f3n y coordinaci\u00f3n con los proveedores y socios del proyecto<\/li><li>Desarrollo de equipos para el acabado de superficies<\/li><\/ul><div>\u00a0<\/div><h6><b>Traes contigo<\/b><\/h6><ul><li>Estudios completos de ingenier\u00eda (ingenier\u00eda mec\u00e1nica)<\/li><li>Deseable experiencia profesional en construcci\u00f3n y gesti\u00f3n de proyectos<\/li><li>Alto grado de independencia y responsabilidad personal<\/li><\/ul><div>\u00a0<\/div><h6><b>Lo que le ofrecemos<\/b><\/h6><ul><li>Relaci\u00f3n laboral permanente<\/li><li>Ambiente de trabajo agradable en un equipo motivado<\/li><li>Responsabilidad y libertad de iniciativa propia<\/li><li>Oportunidades de desarrollo profesional y formaci\u00f3n.<\/li><li>Remuneraci\u00f3n en funci\u00f3n del rendimiento con los beneficios sociales habituales<\/li><\/ul>\t\t\t\t\t<\/div>\n\t\t\t\t\t\t<\/div>\n\t\t\t\t<\/div>\n\t\t\t\t\t\t<\/div>\n\t\t\t\t\t<\/div>\n\t\t<\/div>\n\t\t\t\t\t\t\t\t<\/div>\n\t\t\t\t\t<\/div>\n\t\t<\/section>\n\t\t\t\t\t\t<\/div>\n\t\t\t\t\t<\/div>\n\t\t<\/div>\n\t\t\t\t\t\t\t\t<\/div>\n\t\t\t\t\t<\/div>\n\t\t<\/section>\n\t\t\t\t\t\t\t\t\t<\/div>\n\t\t\t<\/div>\n\t\t\t\t\t<\/div>","protected":false},"excerpt":{"rendered":"<p>Carrera - Trabajar en Maag Flock Buscamos empleados con personalidad que, fieles a nuestro lema \"Ingenio para generaciones\", inspiren a nuestros clientes con pasi\u00f3n e inventiva. Qui\u00e9nes somos Maag Flock es l\u00edder del mercado mundial como fabricante de maquinaria en la industria del flocado. Para nosotros, la longevidad y el progreso tecnol\u00f3gico ocupan un lugar central. Nuestra filosof\u00eda corporativa \"Ingenio para generaciones\", encarna esto. Podemos [...]<\/p>","protected":false},"author":5,"featured_media":0,"parent":0,"menu_order":0,"comment_status":"closed","ping_status":"closed","template":"","meta":[],"_links":{"self":[{"href":"https:\/\/maagflock.com\/es\/wp-json\/wp\/v2\/pages\/5011"}],"collection":[{"href":"https:\/\/maagflock.com\/es\/wp-json\/wp\/v2\/pages"}],"about":[{"href":"https:\/\/maagflock.com\/es\/wp-json\/wp\/v2\/types\/page"}],"author":[{"embeddable":true,"href":"https:\/\/maagflock.com\/es\/wp-json\/wp\/v2\/users\/5"}],"replies":[{"embeddable":true,"href":"https:\/\/maagflock.com\/es\/wp-json\/wp\/v2\/comments?post=5011"}],"version-history":[{"count":32,"href":"https:\/\/maagflock.com\/es\/wp-json\/wp\/v2\/pages\/5011\/revisions"}],"predecessor-version":[{"id":5516,"href":"https:\/\/maagflock.com\/es\/wp-json\/wp\/v2\/pages\/5011\/revisions\/5516"}],"wp:attachment":[{"href":"https:\/\/maagflock.com\/es\/wp-json\/wp\/v2\/media?parent=5011"}],"curies":[{"name":"wp","href":"https:\/\/api.w.org\/{rel}","templated":true}]}}