{"id":705,"date":"2020-10-19T17:28:52","date_gmt":"2020-10-19T15:28:52","guid":{"rendered":"https:\/\/maag-flock.servles.de\/datenschutz\/"},"modified":"2021-03-25T14:51:05","modified_gmt":"2021-03-25T13:51:05","slug":"datenschutz","status":"publish","type":"page","link":"https:\/\/maagflock.com\/es\/politica-de-privacidad\/","title":{"rendered":"Protecci\u00f3n de datos"},"content":{"rendered":"<div data-elementor-type=\"wp-page\" data-elementor-id=\"705\" class=\"elementor elementor-705\">\n\t\t\t\t\t\t<div class=\"elementor-inner\">\n\t\t\t\t<div class=\"elementor-section-wrap\">\n\t\t\t\t\t\t\t\t\t<section class=\"elementor-section elementor-top-section elementor-element elementor-element-4c7ddf12 elementor-section-boxed elementor-section-height-default elementor-section-height-default\" data-id=\"4c7ddf12\" data-element_type=\"section\">\n\t\t\t\t\t\t<div class=\"elementor-container elementor-column-gap-default\">\n\t\t\t\t\t\t\t<div class=\"elementor-row\">\n\t\t\t\t\t<div class=\"elementor-column elementor-col-100 elementor-top-column elementor-element elementor-element-604b950f\" data-id=\"604b950f\" data-element_type=\"column\">\n\t\t\t<div class=\"elementor-column-wrap elementor-element-populated\">\n\t\t\t\t\t\t\t<div class=\"elementor-widget-wrap\">\n\t\t\t\t\t\t<div class=\"elementor-element elementor-element-90cfdcd elementor-widget elementor-widget-shortcode\" data-id=\"90cfdcd\" data-element_type=\"widget\" data-widget_type=\"shortcode.default\">\n\t\t\t\t<div class=\"elementor-widget-container\">\n\t\t\t\t\t<div class=\"elementor-shortcode\"><a href=\"#\" class=\"borlabs-cookie-preference\">Editar la configuraci\u00f3n de las cookies<\/a><\/div>\n\t\t\t\t<\/div>\n\t\t\t\t<\/div>\n\t\t\t\t<div class=\"elementor-element elementor-element-873a267 elementor-widget elementor-widget-text-editor\" data-id=\"873a267\" data-element_type=\"widget\" data-widget_type=\"text-editor.default\">\n\t\t\t\t<div class=\"elementor-widget-container\">\n\t\t\t\t\t\t\t\t<div class=\"elementor-text-editor elementor-clearfix\">\n\t\t\t\t<h2>Pol\u00edtica de privacidad<\/h2>\n<h3>1. La protecci\u00f3n de datos de un vistazo Informaci\u00f3n general<\/h3>\nLas siguientes notas proporcionan una simple visi\u00f3n general de lo que sucede con sus datos personales cuando visita este sitio web. Los datos personales son todos los datos con los que se puede identificar personalmente. Para obtener informaci\u00f3n detallada sobre el tema de la protecci\u00f3n de datos, por favor consulte nuestra declaraci\u00f3n de protecci\u00f3n de datos que figura a continuaci\u00f3n de este texto.\n\nLa recopilaci\u00f3n de datos en este sitio web\n\n\u00bfQui\u00e9n es el responsable de la recopilaci\u00f3n de datos en este sitio web?\n\nEl procesamiento de datos en este sitio web lo lleva a cabo el operador del sitio web. Sus datos de contacto se encuentran en el pie de imprenta de este sitio web.\n<h4>\u00bfC\u00f3mo recogemos sus datos?<\/h4>\nPor un lado, sus datos se recogen al proporcionarnos esta informaci\u00f3n. Pueden ser datos que se introducen en un formulario de contacto, por ejemplo.\n\nOtros datos se recogen autom\u00e1ticamente o con su consentimiento por nuestros sistemas inform\u00e1ticos cuando visita el sitio web. Se trata principalmente de datos t\u00e9cnicos (por ejemplo, el navegador de Internet, el sistema operativo o la hora de la llamada a la p\u00e1gina). Estos datos se recogen autom\u00e1ticamente en cuanto se entra en este sitio web.\n<h4>\u00bfPara qu\u00e9 utilizamos sus datos?<\/h4>\nParte de los datos se recogen para garantizar que el sitio web se proporcione sin errores. Otros\n\nLos datos pueden utilizarse para analizar el comportamiento de los usuarios.\n<h4>\u00bfQu\u00e9 derechos tiene respecto a sus datos?<\/h4>\nTiene derecho a recibir informaci\u00f3n gratuita sobre el origen, el destinatario y la finalidad de sus datos personales almacenados en cualquier momento. Tambi\u00e9n tiene derecho a exigir la correcci\u00f3n o eliminaci\u00f3n de estos datos. Si ha dado su consentimiento para el procesamiento de datos, puede revocar este consentimiento para el futuro en cualquier momento. Adem\u00e1s, tiene derecho a exigir, en determinadas circunstancias, la restricci\u00f3n del tratamiento de sus datos personales. Adem\u00e1s, tiene derecho a apelar a la autoridad de supervisi\u00f3n competente.\n\nPuede ponerse en contacto con nosotros en cualquier momento en la direcci\u00f3n indicada en el pie de imprenta para esta y otras preguntas sobre el tema de la protecci\u00f3n de datos.\n<h3>Herramientas de an\u00e1lisis y herramientas de terceros<\/h3>\nCuando visite este sitio web, su comportamiento de navegaci\u00f3n puede ser evaluado estad\u00edsticamente. Esto se hace principalmente con los llamados programas de an\u00e1lisis.\n\nLa informaci\u00f3n detallada sobre estos programas de an\u00e1lisis se puede encontrar en la siguiente pol\u00edtica de privacidad.\n<h3>2. Alojamiento y redes de distribuci\u00f3n de contenidos (CDN) Alojamiento externo<\/h3>\nEste sitio web est\u00e1 alojado por un proveedor de servicios externo (hoster). Los datos personales recogidos en este sitio web se almacenan en los servidores del anfitri\u00f3n. Esto puede incluir direcciones IP, solicitudes de contacto, datos de meta y comunicaci\u00f3n, datos de contratos, detalles de contacto, nombres, accesos a sitios web y otros datos generados por un sitio web.\n\nEl uso del hoster es con el prop\u00f3sito de cumplir el contrato con nuestros clientes potenciales y existentes (Art. 6 p\u00e1rr. 1 lit. b DSGVO) y en inter\u00e9s de una provisi\u00f3n segura, r\u00e1pida y eficiente de nuestra oferta en l\u00ednea por parte de un proveedor profesional (Art. 6 p\u00e1rr. 1 lit. f DSGVO).\n\nNuestro anfitri\u00f3n s\u00f3lo procesar\u00e1 sus datos en la medida necesaria para cumplir con sus obligaciones de rendimiento y seguir\u00e1 nuestras instrucciones con respecto a estos datos.\n<h3>3. Informaci\u00f3n general e informaci\u00f3n obligatoria Protecci\u00f3n de datos<\/h3>\nLos operadores de estas p\u00e1ginas se toman muy en serio la protecci\u00f3n de sus datos personales. Tratamos sus datos personales de forma confidencial y de acuerdo con las normas legales de protecci\u00f3n de datos y esta declaraci\u00f3n de protecci\u00f3n de datos.\n\nCuando usted utiliza este sitio web, se recogen varios datos personales. Los datos personales son datos con los que se puede identificar personalmente. Esta pol\u00edtica de privacidad explica qu\u00e9 datos recogemos y para qu\u00e9 los usamos. Tambi\u00e9n explica c\u00f3mo y con qu\u00e9 prop\u00f3sito se hace.\n\nQuisi\u00e9ramos se\u00f1alar que la transmisi\u00f3n de datos en Internet (por ejemplo, la comunicaci\u00f3n por correo electr\u00f3nico) puede tener lagunas de seguridad. No es posible una protecci\u00f3n completa de los datos contra el acceso de terceros.\n\nposible.\n<h3>Nota sobre el organismo responsable<\/h3>\nLa persona responsable del procesamiento de datos en este sitio web es\n<p>\n<p>Maag Flock GmbH\n\n<p>El director general Micheal Wagner y Andreas Wagner\n\n<p>Ulrichstrasse 19\n\n<p>72116 M\u00f6ssingen\n\n<p>Alemania\n\n<p><a href=\"tel:+4974739554500\"> Tel\u00e9fono +49 74739 554500 <\/a>\n\n<p><a href=\"mailto:info@maagflock.com\"> e-mail: info@maagflock.com <\/a>\n<p>\nEl responsable es la persona f\u00edsica o jur\u00eddica que, por s\u00ed sola o conjuntamente con otras, decide los fines y los medios del tratamiento de los datos personales (por ejemplo, nombres, direcciones de correo electr\u00f3nico, etc.).\n\nRevocaci\u00f3n de su consentimiento para el procesamiento de datos\n\nMuchas operaciones de tratamiento de datos s\u00f3lo son posibles con su consentimiento expreso. Puede revocar cualquier consentimiento ya dado en cualquier momento. La legalidad del tratamiento de datos realizado hasta el momento de la revocaci\u00f3n no se ve afectada por \u00e9sta.\n<h3>Derecho a oponerse a la recopilaci\u00f3n de datos en casos especiales y a la publicidad directa (Art. 21 DPA)<\/h3>\nSI EL PROCESAMIENTO DE DATOS SE REALIZA SOBRE LA BASE DEL ARTE. 6 ABS. 1 LIT. E O F DSGVO, TENDR\u00c1 DERECHO A OPONERSE AL TRATAMIENTO DE SUS DATOS PERSONALES EN CUALQUIER MOMENTO POR MOTIVOS DERIVADOS DE SU SITUACI\u00d3N CONCRETA, INCLUIDA LA ELABORACI\u00d3N DE PERFILES BASADOS EN ESTAS DISPOSICIONES. LA BASE JUR\u00cdDICA RESPECTIVA EN LA QUE SE BASA EL PROCESAMIENTO PUEDE ENCONTRARSE EN ESTA POL\u00cdTICA DE PRIVACIDAD. SI USTED SE OPONE, NO PROCESAREMOS M\u00c1S SUS DATOS PERSONALES EN CUESTI\u00d3N A MENOS QUE PODAMOS DEMOSTRAR QUE EXISTEN RAZONES IMPERIOSAS PARA EL PROCESAMIENTO QUE SON DIGNAS DE PROTECCI\u00d3N Y QUE PESAN M\u00c1S QUE SUS INTERESES, DERECHOS Y LIBERTADES, O A MENOS QUE EL PROCESAMIENTO SIRVA PARA HACER VALER, EJERCER O DEFENDER RECLAMACIONES LEGALES (OBJECI\u00d3N DE CONFORMIDAD CON EL ART\u00cdCULO 21, P\u00c1RRAFO 1, DSGVO).\n\nSI SUS DATOS PERSONALES SE PROCESAN CON FINES DE COMERCIALIZACI\u00d3N DIRECTA, TIENE DERECHO A OPONERSE, EN CUALQUIER MOMENTO, AL PROCESAMIENTO DE LOS DATOS PERSONALES QUE LE CONCIERNEN CON EL FIN DE DICHA COMERCIALIZACI\u00d3N, INCLUIDA LA ELABORACI\u00d3N DE PERFILES, EN LA MEDIDA EN QUE EST\u00c9N VINCULADOS A DICHA COMERCIALIZACI\u00d3N DIRECTA SI USTED SE OPONE, SUS DATOS PERSONALES DEJAR\u00c1N DE SER UTILIZADOS POSTERIORMENTE PARA FINES DE COMERCIALIZACI\u00d3N DIRECTA (OBJECI\u00d3N SEG\u00daN EL ART. 21, P\u00c1RR. 2 DSGVO).\n<h3>Derecho de apelaci\u00f3n ante la autoridad de supervisi\u00f3n competente<\/h3>\nEn el caso de infracciones de las DPA, las personas afectadas tienen derecho a apelar a una autoridad de supervisi\u00f3n, en particular en el Estado miembro de su residencia habitual, lugar de trabajo o lugar de la presunta infracci\u00f3n. Este derecho de apelaci\u00f3n se entiende sin perjuicio de otros recursos administrativos o judiciales.\n<h3>Derecho a la transferibilidad de los datos<\/h3>\nUsted tiene derecho a que los datos que procesamos autom\u00e1ticamente sobre la base de su consentimiento o en cumplimiento de un contrato se le entreguen a usted o a un tercero en un formato com\u00fan y legible por m\u00e1quina. Si solicita la transferencia directa de los datos a otra parte responsable, \u00e9sta s\u00f3lo se llevar\u00e1 a cabo en la medida en que sea t\u00e9cnicamente factible.\n<h3>Cifrado SSL o TLS<\/h3>\nPor razones de seguridad y para proteger la transmisi\u00f3n de contenido confidencial, como los pedidos o consultas que usted nos env\u00eda como operador del sitio, este sitio utiliza la encriptaci\u00f3n SSL o TLS. Puede reconocer una conexi\u00f3n cifrada por el hecho de que la l\u00ednea de direcci\u00f3n del navegador cambia de \"http:\/\/\" a \"https:\/\/\" y por el s\u00edmbolo del candado en la l\u00ednea del navegador.\n\nSi se activa la encriptaci\u00f3n SSL o TLS, los datos que nos transmita no podr\u00e1n ser le\u00eddos por terceros.\n<h3>Informaci\u00f3n, supresi\u00f3n y correcci\u00f3n<\/h3>\nEn el marco de las disposiciones legales aplicables, usted tiene derecho a obtener en cualquier momento informaci\u00f3n gratuita sobre sus datos personales almacenados, su origen y destinatarios y la finalidad del tratamiento de los datos y, en su caso, el derecho a corregir o suprimir dichos datos. Para ello, as\u00ed como para otras preguntas sobre datos personales, puede ponerse en contacto con nosotros en cualquier momento en la direcci\u00f3n indicada en el pie de imprenta.\n<h3>Derecho a limitar el procesamiento<\/h3>\nTiene derecho a solicitar la restricci\u00f3n del tratamiento de sus datos personales. Para ello, puede ponerse en contacto con nosotros en cualquier momento en la direcci\u00f3n indicada en el pie de imprenta. El derecho a restringir el procesamiento existe en los siguientes casos:\n\nSi usted disputa la exactitud de sus datos personales almacenados con nosotros, normalmente necesitamos tiempo para verificarlo. Durante la duraci\u00f3n de la revisi\u00f3n, tiene derecho a solicitar que limitemos el tratamiento de sus datos personales.\n\nSi el tratamiento de sus datos personales se ha realizado de forma ilegal, puede solicitar que se limite el tratamiento de datos en lugar de que se suprima.\n\nSi ya no necesitamos sus datos personales, pero usted los necesita para ejercer, defender o hacer valer sus derechos legales, tiene derecho a solicitar que limitemos el procesamiento de sus datos personales en lugar de borrarlos.\n\nSi usted ha presentado una objeci\u00f3n en virtud del art\u00edculo 21, p\u00e1rrafo 1 de la DSGVO, se debe encontrar un equilibrio entre sus intereses y los nuestros. Mientras no est\u00e9 claro qu\u00e9 intereses prevalecen sobre los intereses de las partes, usted tiene derecho a exigir que se restrinja el tratamiento de sus datos personales.\n\nSi usted ha restringido el tratamiento de sus datos personales, \u00e9stos s\u00f3lo podr\u00e1n ser tratados -aparte de su almacenamiento- con su consentimiento o con el fin de hacer valer, ejercer o defender reclamaciones legales o proteger los derechos de otra persona f\u00edsica o jur\u00eddica o por razones de inter\u00e9s p\u00fablico importante de la Uni\u00f3n Europea o de un Estado miembro.\n<h3>4. recopilaci\u00f3n de datos en el formulario de contacto de este sitio web<\/h3>\nFormulario de consulta que incluye los datos de contacto proporcionados por usted all\u00ed con el fin de procesar la consulta y para el caso de preguntas de seguimiento almacenadas con nosotros. No transmitiremos estos datos sin su consentimiento.\n\nEstos datos se procesan sobre la base del art\u00edculo 6, p\u00e1rrafo 1, letra b) de la DSGVO si su solicitud est\u00e1 relacionada con el cumplimiento de un contrato o es necesaria para la aplicaci\u00f3n de medidas precontractuales. En todos los dem\u00e1s casos, el tratamiento se basa en nuestro inter\u00e9s leg\u00edtimo en el tratamiento efectivo de las consultas que se nos dirigen (art. 6, p\u00e1rr. 1, letra f DSGVO) o en su consentimiento (art. 6, p\u00e1rr. 1, letra a DSGVO), siempre que se haya realizado la consulta.\n\nLos datos que introduzca en el formulario de contacto permanecer\u00e1n con nosotros hasta que nos solicite que los borremos, revoque su consentimiento para el almacenamiento o hasta que el prop\u00f3sito para el que se almacenaron los datos deje de ser v\u00e1lido (por ejemplo, despu\u00e9s de que se haya procesado su solicitud). Las disposiciones legales obligatorias, en particular los per\u00edodos de retenci\u00f3n, no se ven afectadas.\n<h3>Consulta por correo electr\u00f3nico, tel\u00e9fono o fax<\/h3>\nSi se pone en contacto con nosotros por correo electr\u00f3nico, tel\u00e9fono o fax, su consulta, incluidos todos los datos personales (nombre, consulta), ser\u00e1 almacenada y procesada por nosotros con el fin de tramitar su solicitud. No transmitiremos estos datos sin su consentimiento.\n\nEstos datos se procesan sobre la base del art\u00edculo 6, p\u00e1rrafo 1, letra b) de la DSGVO si su solicitud est\u00e1 relacionada con el cumplimiento de un contrato o es necesaria para la aplicaci\u00f3n de medidas precontractuales. En todos los dem\u00e1s casos, el tratamiento se basa en nuestro inter\u00e9s leg\u00edtimo en el tratamiento efectivo de las consultas que se nos dirigen (art. 6, p\u00e1rr. 1, letra f DSGVO) o en su consentimiento (art. 6, p\u00e1rr. 1, letra a DSGVO), siempre que se haya realizado la consulta.\n\nLos datos que nos ha enviado a trav\u00e9s de las solicitudes de contacto permanecer\u00e1n con nosotros hasta que nos solicite que los borremos, revoque su consentimiento para el almacenamiento o el prop\u00f3sito para el que se almacenaron los datos ya no sea aplicable (por ejemplo, despu\u00e9s de que su solicitud haya sido procesada). Las disposiciones legales obligatorias, en particular los per\u00edodos de retenci\u00f3n legales, no se ven afectadas.\n<h3>5. datos del bolet\u00edn informativo<\/h3>\nSi desea recibir el bolet\u00edn informativo que se ofrece en el sitio web, necesitamos que nos proporcione una direcci\u00f3n de correo electr\u00f3nico, as\u00ed como informaci\u00f3n que nos permita verificar que usted es el propietario de la direcci\u00f3n de correo electr\u00f3nico proporcionada y que est\u00e1 de acuerdo en recibir el bolet\u00edn. Los datos adicionales no se recogen o s\u00f3lo se recogen de forma voluntaria. Utilizamos estos datos exclusivamente para enviar la informaci\u00f3n solicitada y no los transmitimos a terceros.\n\nLos datos introducidos en el formulario de inscripci\u00f3n del bolet\u00edn ser\u00e1n procesados exclusivamente sobre la base de su consentimiento (Art. 6 p\u00e1rr. 1 lit. a DSGVO). Puede revocar en cualquier momento su consentimiento para el almacenamiento de los datos, la direcci\u00f3n de correo electr\u00f3nico as\u00ed como su utilizaci\u00f3n para el env\u00edo del bolet\u00edn informativo, por ejemplo, utilizando el enlace \"cancelar la suscripci\u00f3n\" del bolet\u00edn informativo. La legalidad de las operaciones de tratamiento de datos ya realizadas no se ve afectada por la revocaci\u00f3n.\n\nLos datos que nos proporcione con el fin de suscribirse al bolet\u00edn ser\u00e1n almacenados por nosotros o por el proveedor del servicio de boletines hasta que se d\u00e9 de baja del bolet\u00edn y se eliminen de la lista de distribuci\u00f3n del mismo despu\u00e9s de que haya cancelado su suscripci\u00f3n. Los datos que han sido almacenados por nosotros para otros prop\u00f3sitos no se ven afectados.\n\nDespu\u00e9s de su eliminaci\u00f3n de la lista de distribuci\u00f3n del bolet\u00edn, su direcci\u00f3n de correo electr\u00f3nico ser\u00e1 eliminada de nuestra o de la\n\nLos proveedores de servicios de boletines de noticias pueden ser almacenados en una lista negra para evitar futuros env\u00edos. Los datos de la lista negra s\u00f3lo se utilizar\u00e1n para este fin y no se fusionar\u00e1n con otros datos. Esto sirve tanto a su inter\u00e9s como a nuestro inter\u00e9s en el cumplimiento de los requisitos legales en el env\u00edo de boletines de noticias (inter\u00e9s leg\u00edtimo en el sentido del Art. 6 p\u00e1rrafo 1 lit. f DSGVO). El almacenamiento en la lista negra no est\u00e1 limitado en el tiempo. Puede objetar el almacenamiento si sus intereses superan nuestros leg\u00edtimos intereses.\n\nFuente: e-recht24.de\t\t\t\t\t<\/div>\n\t\t\t\t\t\t<\/div>\n\t\t\t\t<\/div>\n\t\t\t\t\t\t<\/div>\n\t\t\t\t\t<\/div>\n\t\t<\/div>\n\t\t\t\t\t\t\t\t<\/div>\n\t\t\t\t\t<\/div>\n\t\t<\/section>\n\t\t\t\t\t\t\t\t\t<\/div>\n\t\t\t<\/div>\n\t\t\t\t\t<\/div>","protected":false},"excerpt":{"rendered":"<p>Pol\u00edtica de privacidad 1. La protecci\u00f3n de datos de un vistazo Informaci\u00f3n general La siguiente informaci\u00f3n proporciona una simple visi\u00f3n general de lo que sucede con sus datos personales cuando visita este sitio web. Los datos personales son cualquier dato por el que se le pueda identificar personalmente. Para obtener informaci\u00f3n detallada sobre la protecci\u00f3n de datos, por favor, consulte nuestra declaraci\u00f3n de protecci\u00f3n de datos que figura a continuaci\u00f3n de este texto. La recopilaci\u00f3n de datos sobre este [...]<\/p>","protected":false},"author":5,"featured_media":0,"parent":0,"menu_order":0,"comment_status":"closed","ping_status":"closed","template":"","meta":[],"_links":{"self":[{"href":"https:\/\/maagflock.com\/es\/wp-json\/wp\/v2\/pages\/705"}],"collection":[{"href":"https:\/\/maagflock.com\/es\/wp-json\/wp\/v2\/pages"}],"about":[{"href":"https:\/\/maagflock.com\/es\/wp-json\/wp\/v2\/types\/page"}],"author":[{"embeddable":true,"href":"https:\/\/maagflock.com\/es\/wp-json\/wp\/v2\/users\/5"}],"replies":[{"embeddable":true,"href":"https:\/\/maagflock.com\/es\/wp-json\/wp\/v2\/comments?post=705"}],"version-history":[{"count":4,"href":"https:\/\/maagflock.com\/es\/wp-json\/wp\/v2\/pages\/705\/revisions"}],"predecessor-version":[{"id":3283,"href":"https:\/\/maagflock.com\/es\/wp-json\/wp\/v2\/pages\/705\/revisions\/3283"}],"wp:attachment":[{"href":"https:\/\/maagflock.com\/es\/wp-json\/wp\/v2\/media?parent=705"}],"curies":[{"name":"wp","href":"https:\/\/api.w.org\/{rel}","templated":true}]}}