{"id":9,"date":"2020-09-19T15:32:43","date_gmt":"2020-09-19T13:32:43","guid":{"rendered":"http:\/\/maag-flock.servles.de\/?page_id=9"},"modified":"2024-08-23T13:17:43","modified_gmt":"2024-08-23T11:17:43","slug":"impressum","status":"publish","type":"page","link":"https:\/\/maagflock.com\/es\/imprint\/","title":{"rendered":"Pie de imprenta"},"content":{"rendered":"<div data-elementor-type=\"wp-page\" data-elementor-id=\"9\" class=\"elementor elementor-9\">\n\t\t\t\t\t\t<div class=\"elementor-inner\">\n\t\t\t\t<div class=\"elementor-section-wrap\">\n\t\t\t\t\t\t\t\t\t<section class=\"elementor-section elementor-top-section elementor-element elementor-element-15f27789 elementor-section-boxed elementor-section-height-default elementor-section-height-default\" data-id=\"15f27789\" data-element_type=\"section\">\n\t\t\t\t\t\t<div class=\"elementor-container elementor-column-gap-default\">\n\t\t\t\t\t\t\t<div class=\"elementor-row\">\n\t\t\t\t\t<div class=\"elementor-column elementor-col-100 elementor-top-column elementor-element elementor-element-2687aa73\" data-id=\"2687aa73\" data-element_type=\"column\">\n\t\t\t<div class=\"elementor-column-wrap elementor-element-populated\">\n\t\t\t\t\t\t\t<div class=\"elementor-widget-wrap\">\n\t\t\t\t\t\t<div class=\"elementor-element elementor-element-5e98ac3b elementor-widget elementor-widget-text-editor\" data-id=\"5e98ac3b\" data-element_type=\"widget\" data-widget_type=\"text-editor.default\">\n\t\t\t\t<div class=\"elementor-widget-container\">\n\t\t\t\t\t\t\t\t<div class=\"elementor-text-editor elementor-clearfix\">\n\t\t\t\t<h1><strong>Pie de imprenta <\/strong><\/h1>\n<h3>Informaci\u00f3n seg\u00fan el \u00a7 5 TMG<\/h3>\n<p>Maag Flock GmbH<br>Daimlerstrasse 50<br>72147 Nehren<\/p>\n<h3>Representada por<\/h3>\n<p>Representados por los directores generales Andreas Wagner y Michael Wagner<\/p>\n<h3>Contacte con<\/h3>\n<p><a href=\"tel:++4974739554500\"> Tel\u00e9fono +49 74739 554500 <\/a><\/p>\n<p><a href=\"mailto:info@maagflock.com\"> e-mail: info@maagflock.com <\/a><\/p>\n<h3>Dise\u00f1o y programaci\u00f3n&nbsp;<\/h3>\n<p>agencia de servicio completo&nbsp;<\/p>\n<p>assentio<\/p>\n<p><a style=\"font-family: var( --e-global-typography-text-font-family ), Sans-serif; font-weight: var( --e-global-typography-text-font-weight ); background-color: #ffffff; font-size: 1rem;\" href=\"http:\/\/www.assentio.de\" target=\"_blank\" rel=\"noopener\">www.assentio.de<\/a><\/p>\n<h3>Registro de entrada<\/h3>\n<p>Inscripci\u00f3n en el registro mercantil, tribunal de registro de Stuttgart, n\u00famero de registro HRB 775382<\/p>\n<h3>Impuesto sobre el valor a\u00f1adido<\/h3>\n<p>N\u00famero de identificaci\u00f3n del impuesto sobre las ventas DE-333503221<\/p>\n<h3>Soluci\u00f3n de controversias<\/h3>\n<p>No estamos dispuestos ni obligados a participar en los procedimientos de resoluci\u00f3n de controversias ante una junta de arbitraje de consumidores.<\/p>\n<h3>Responsabilidad por el contenido<\/h3>\n<p>Como proveedor de servicios, somos responsables de nuestros propios contenidos en estas p\u00e1ginas de acuerdo con el \u00a7 7 p\u00e1rrafo 1 TMG (Ley alemana de telemedios) y las leyes generales. De conformidad con los art\u00edculos 8 a 10 de la Ley de Marcas, no estamos obligados a vigilar la informaci\u00f3n transmitida o almacenada de terceros ni a investigar las circunstancias que indiquen una actividad ilegal.<\/p>\n<p>Las obligaciones de eliminar o bloquear el uso de la informaci\u00f3n de acuerdo con las leyes generales no se ven afectadas. Sin embargo, la responsabilidad a este respecto s\u00f3lo es posible a partir del momento en que se tiene conocimiento de una infracci\u00f3n concreta. Si nos enteramos de alguna de estas infracciones legales, eliminaremos estos contenidos inmediatamente.<\/p>\n<h3>Responsabilidad por los enlaces<\/h3>\n<p>Nuestra oferta contiene enlaces a p\u00e1ginas web externas de terceros, sobre cuyos contenidos no tenemos ninguna influencia. Por lo tanto, no podemos asumir ninguna responsabilidad por estos contenidos externos. El respectivo proveedor u operador de los sitios es siempre responsable de los contenidos de los sitios enlazados. Las p\u00e1ginas enlazadas fueron comprobadas para detectar posibles violaciones legales en el momento de la vinculaci\u00f3n. Los contenidos ilegales no se identificaron en el momento de la vinculaci\u00f3n.<\/p>\n<p>Un control permanente del contenido de los sitios web vinculados<br>P\u00e1ginas no es razonable sin pruebas concretas de una violaci\u00f3n de la ley. Si nos enteramos de alguna infracci\u00f3n, eliminaremos esos enlaces inmediatamente.<\/p>\n<h3>Derechos de autor<\/h3>\n<p>Los contenidos y las obras de estas p\u00e1ginas creadas por los operadores del sitio est\u00e1n sujetos a la ley alemana de derechos de autor. La reproducci\u00f3n, edici\u00f3n, distribuci\u00f3n y cualquier tipo de uso fuera de los l\u00edmites de la ley de derechos de autor requieren el consentimiento por escrito del respectivo autor o creador. Las descargas y copias de estas p\u00e1ginas s\u00f3lo se permiten para uso privado y no comercial.<\/p>\n<p>En la medida en que el contenido de este sitio no haya sido creado por el operador, se respetan los derechos de autor de terceros. En particular, el contenido de terceros se identifica como tal. Si a pesar de ello, se entera de una infracci\u00f3n de derechos de autor, por favor inf\u00f3rmenos. Si nos enteramos de alguna infracci\u00f3n, eliminaremos ese contenido inmediatamente.<\/p>\t\t\t\t\t<\/div>\n\t\t\t\t\t\t<\/div>\n\t\t\t\t<\/div>\n\t\t\t\t\t\t<\/div>\n\t\t\t\t\t<\/div>\n\t\t<\/div>\n\t\t\t\t\t\t\t\t<\/div>\n\t\t\t\t\t<\/div>\n\t\t<\/section>\n\t\t\t\t\t\t\t\t\t<\/div>\n\t\t\t<\/div>\n\t\t\t\t\t<\/div>","protected":false},"excerpt":{"rendered":"<p>Pie de imprenta Informaci\u00f3n seg\u00fan \u00a7 5 TMG Maag Flock GmbHDaimlerstrasse 5072147 Nehren Representada por Representada por los gerentes Andreas Wagner y Michael Wagner Contacto Tel\u00e9fono +49 74739 554500 E-Mail: info@maagflock.com Design &amp; Programmierung Full-Service Agentur assentio www.assentio.de Inscripci\u00f3n en el Registro Mercantil, Juzgado de Registro de Stuttgart, n\u00famero de registro HRB 775382 Impuesto sobre el valor a\u00f1adido N\u00famero de identificaci\u00f3n del impuesto sobre el valor a\u00f1adido DE-333503221 Resoluci\u00f3n de litigios No estamos preparados ni [...]<\/p>","protected":false},"author":5,"featured_media":0,"parent":0,"menu_order":0,"comment_status":"closed","ping_status":"closed","template":"","meta":[],"_links":{"self":[{"href":"https:\/\/maagflock.com\/es\/wp-json\/wp\/v2\/pages\/9"}],"collection":[{"href":"https:\/\/maagflock.com\/es\/wp-json\/wp\/v2\/pages"}],"about":[{"href":"https:\/\/maagflock.com\/es\/wp-json\/wp\/v2\/types\/page"}],"author":[{"embeddable":true,"href":"https:\/\/maagflock.com\/es\/wp-json\/wp\/v2\/users\/5"}],"replies":[{"embeddable":true,"href":"https:\/\/maagflock.com\/es\/wp-json\/wp\/v2\/comments?post=9"}],"version-history":[{"count":25,"href":"https:\/\/maagflock.com\/es\/wp-json\/wp\/v2\/pages\/9\/revisions"}],"predecessor-version":[{"id":5562,"href":"https:\/\/maagflock.com\/es\/wp-json\/wp\/v2\/pages\/9\/revisions\/5562"}],"wp:attachment":[{"href":"https:\/\/maagflock.com\/es\/wp-json\/wp\/v2\/media?parent=9"}],"curies":[{"name":"wp","href":"https:\/\/api.w.org\/{rel}","templated":true}]}}