{"id":1456,"date":"2020-12-19T17:04:11","date_gmt":"2020-12-19T16:04:11","guid":{"rendered":"https:\/\/maagflock.com\/?post_type=product&#038;p=1456"},"modified":"2021-10-25T11:30:54","modified_gmt":"2021-10-25T09:30:54","slug":"flocktisch","status":"publish","type":"product","link":"https:\/\/maagflock.com\/es\/producto\/flocktisch\/","title":{"rendered":"Mesa de reba\u00f1o"},"content":{"rendered":"<p><strong>Mesa de reba\u00f1o\u00a0<\/strong><\/p>\n<p>La mesa de flocado FT ha sido desarrollada para trabajar de forma ergon\u00f3mica y eficiente con la HEK y la MiniFlock. El tama\u00f1o de la mesa de flocado puede adaptarse individualmente a las necesidades de trabajo respectivas entre 800 y 2400 cm. La mesa de flocado se utiliza para la puesta a tierra segura de los productos, la garant\u00eda de calidad de la imagen de flocado, dispone de un captador de flocado residual y es compatible con la Dustomat 160 S. El equipo b\u00e1sico consiste en la mesa de reba\u00f1o, el contenedor de recogida de reba\u00f1o y las pesas para la compensaci\u00f3n del peso.<\/p>\n<p>La superficie de trabajo es de 1000 x 800 mm y est\u00e1 apantallada por tres lados. La altura de trabajo es de 800 mm. Un soporte de trabajo en forma de rejilla permite que el exceso de borrasca caiga en una tolva redonda con una salida de 250 mm de di\u00e1metro. Al evitar las esquinas y los bordes, la mesa es f\u00e1cil de limpiar cuando se cambian los colores de los reba\u00f1os. El reba\u00f1o se recoge en un contenedor de recogida de reba\u00f1os de 30 l y se puede reutilizar. El dispositivo de sujeci\u00f3n con compensaci\u00f3n de peso para el aplicador facilita mucho el trabajo.<\/p>\n<p>&nbsp;<\/p>\n<p><strong>Datos t\u00e9cnicos:<\/strong><\/p>\n<p>Dimensiones: 1000 x 800 x 1175 mm<\/p>","protected":false},"excerpt":{"rendered":"<p>La mesa de flocado FT ha sido desarrollada para un trabajo ergon\u00f3mico y eficiente con la HEK y la MiniFlock.<\/p>","protected":false},"featured_media":4574,"template":"","meta":[],"product_cat":[118,125],"product_tag":[],"_links":{"self":[{"href":"https:\/\/maagflock.com\/es\/wp-json\/wp\/v2\/product\/1456"}],"collection":[{"href":"https:\/\/maagflock.com\/es\/wp-json\/wp\/v2\/product"}],"about":[{"href":"https:\/\/maagflock.com\/es\/wp-json\/wp\/v2\/types\/product"}],"wp:featuredmedia":[{"embeddable":true,"href":"https:\/\/maagflock.com\/es\/wp-json\/wp\/v2\/media\/4574"}],"wp:attachment":[{"href":"https:\/\/maagflock.com\/es\/wp-json\/wp\/v2\/media?parent=1456"}],"wp:term":[{"taxonomy":"product_cat","embeddable":true,"href":"https:\/\/maagflock.com\/es\/wp-json\/wp\/v2\/product_cat?post=1456"},{"taxonomy":"product_tag","embeddable":true,"href":"https:\/\/maagflock.com\/es\/wp-json\/wp\/v2\/product_tag?post=1456"}],"curies":[{"name":"wp","href":"https:\/\/api.w.org\/{rel}","templated":true}]}}