{"id":1464,"date":"2021-01-21T11:03:59","date_gmt":"2021-01-21T10:03:59","guid":{"rendered":"https:\/\/maagflock.com\/?post_type=product&#038;p=1464"},"modified":"2021-10-25T15:41:31","modified_gmt":"2021-10-25T13:41:31","slug":"reinigungskabine","status":"publish","type":"product","link":"https:\/\/maagflock.com\/es\/producto\/reinigungskabine\/","title":{"rendered":"Cabina de limpieza"},"content":{"rendered":"<p><strong>Cabina de limpieza<\/strong><\/p>\n<p><span style=\"font-weight: 400;\">La cabina de limpieza de alta calidad RK es excelentemente adecuada para la limpieza manual de piezas flocadas. <\/span>Funciona con aire comprimido para limpiar el exceso de borras y un sistema de aspiraci\u00f3n con posterior proceso de reciclaje. Gracias a su dise\u00f1o, se evita una turbulencia de los flujos de aire, por lo que el reba\u00f1o se acumula en la zona inferior y puede ser retirado o extra\u00eddo. El sencillo manejo y el sistema de aspiraci\u00f3n automatizado lo convierten en un dispositivo ideal para la limpieza final de los productos flocados.<\/p>\n<p>&nbsp;<\/p>\n<p><strong>Datos t\u00e9cnicos:<\/strong><\/p>\n<p>Alimentaci\u00f3n Conexi\u00f3n a la red: 110\/230 V, 50\/60 Hz<br \/>\nDimensiones: 2250 x 2150 x 1500 mm<br \/>\nPeso: 300 kg, con embalaje: 350 kg<\/p>\n<p><strong>Equipo b\u00e1sico:<\/strong><\/p>\n<ul>\n<li><span style=\"font-weight: 400;\">Carcasa de cabina con 4 pies<\/span><\/li>\n<li><span style=\"font-weight: 400;\">Recogida de bandadas y embudo de aspiraci\u00f3n adicional<\/span><\/li>\n<li><span style=\"font-weight: 400;\">Rejilla extra\u00edble como superficie de trabajo en la cabina. Recipiente de recogida de reba\u00f1os debajo del embudo de recogida.<\/span><\/li>\n<li><span style=\"font-weight: 400;\">Iluminaci\u00f3n interior de la cabina mediante una luminaria lineal de 40 vatios protegida contra el polvo<\/span><\/li>\n<\/ul>","protected":false},"excerpt":{"rendered":"<p><span style=\"font-weight: 400;\">La cabina de limpieza de alta calidad es muy adecuada para la limpieza manual de piezas flocadas.<\/span><\/p>","protected":false},"featured_media":4586,"template":"","meta":[],"product_cat":[118,129],"product_tag":[],"_links":{"self":[{"href":"https:\/\/maagflock.com\/es\/wp-json\/wp\/v2\/product\/1464"}],"collection":[{"href":"https:\/\/maagflock.com\/es\/wp-json\/wp\/v2\/product"}],"about":[{"href":"https:\/\/maagflock.com\/es\/wp-json\/wp\/v2\/types\/product"}],"wp:featuredmedia":[{"embeddable":true,"href":"https:\/\/maagflock.com\/es\/wp-json\/wp\/v2\/media\/4586"}],"wp:attachment":[{"href":"https:\/\/maagflock.com\/es\/wp-json\/wp\/v2\/media?parent=1464"}],"wp:term":[{"taxonomy":"product_cat","embeddable":true,"href":"https:\/\/maagflock.com\/es\/wp-json\/wp\/v2\/product_cat?post=1464"},{"taxonomy":"product_tag","embeddable":true,"href":"https:\/\/maagflock.com\/es\/wp-json\/wp\/v2\/product_tag?post=1464"}],"curies":[{"name":"wp","href":"https:\/\/api.w.org\/{rel}","templated":true}]}}