{"id":1484,"date":"2021-01-18T12:47:06","date_gmt":"2021-01-18T11:47:06","guid":{"rendered":"https:\/\/maagflock.com\/?post_type=product&#038;p=1484"},"modified":"2021-10-25T11:49:25","modified_gmt":"2021-10-25T09:49:25","slug":"miniflock","status":"publish","type":"product","link":"https:\/\/maagflock.com\/es\/producto\/mini-maquina-de-flocado\/","title":{"rendered":"Mini Flock"},"content":{"rendered":"<p><strong>Mini Flock<\/strong><\/p>\n<p>Con el Mini Flock, Maag Flock le ofrece un dispositivo de flocado manual para la tecnolog\u00eda de flocado de nivel b\u00e1sico hasta la producci\u00f3n de peque\u00f1as series. El Mini Flock est\u00e1 disponible en diferentes sets, por lo que puede decidir desde el set de inicio hasta el perfil de flocado con equipamiento completo. La fabricaci\u00f3n de alta calidad y la mayor potencia con una fuente de alimentaci\u00f3n de 70 kV le permiten manejar y reba\u00f1ar su producto con precisi\u00f3n. Con los diferentes aplicadores en el tama\u00f1o de \u00d8 = 60 \/ 120 \/ 160 mm, el Mini Flock le ofrece una amplia selecci\u00f3n para el flocado de diferentes productos. Las diferentes mallas de los tamices permiten dividir el flocado en grueso y fino. La Mini Flock se utiliza principalmente para reba\u00f1ar muestras y peque\u00f1as series.<\/p>\n<p>El generador incorporado produce aproximadamente 70 kV de alta tensi\u00f3n, que, sin embargo, es absolutamente inofensivo debido a la limitaci\u00f3n de la corriente a 0,15 mA. Puede funcionar con bater\u00eda (3 monoc\u00e9lulas de alta potencia de 1,5 V) o mediante una fuente de alimentaci\u00f3n (para 230 y 110 V). El tiempo de funcionamiento de las pilas es de aproximadamente 5 horas. La tensi\u00f3n disminuye aproximadamente 5 kV por hora de trabajo.<\/p>\n<p>&nbsp;<\/p>\n<p><strong>Datos t\u00e9cnicos:<\/strong><\/p>\n<p><strong>Para el funcionamiento con bater\u00eda<\/strong><br \/>\nGenerador de alta tensi\u00f3n: 4,5 V, 3 monoc\u00e9lulas de alta potencia 1,5 V<br \/>\nCorriente de cortocircuito: 0,15 mA<br \/>\nalta tensi\u00f3n m\u00e1xima: 70 kv negativos (sin carga)<br \/>\nTiempo de funcionamiento: aprox. 5 h, la tensi\u00f3n disminuye unos 5 kv por hora de trabajo<\/p>\n<p><strong>Para el funcionamiento en red:<\/strong><br \/>\nTensi\u00f3n de entrada:110 V, 50 \/ 60 Hz<br \/>\nGenerador de alta tensi\u00f3n: 4,6 V, estabilizado<br \/>\nAlta tensi\u00f3n m\u00e1xima: 70 kV negativos (circuito abierto)<br \/>\nTensi\u00f3n de salida m\u00e1xima: 1,1 A, a prueba de cortocircuitos<br \/>\nTiempo de funcionamiento: Funcionamiento a intervalos<\/p>\n<p><strong>Dimensiones:<\/strong><br \/>\nLongitud del cable: 3 m<br \/>\nGenerador: 40 mm x 350 mm<\/p>\n<p><strong>Peso:<\/strong><br \/>\nFuncionamiento con bater\u00eda: aprox. 850 g<br \/>\nFuncionamiento en red: aprox. 570 g<\/p>\n<h2>Conjunto 1<\/h2>\n<p>Peso (kg):<br \/>\nCon funcionamiento en red: aprox. 570 g<br \/>\nCon funcionamiento a pilas: aprox. 850 g<\/p>\n<p>Tama\u00f1o (cm):<br \/>\nLongitud: 350 mm<br \/>\nAnchura: 40 mm<br \/>\nLongitud del cable: 3 m<\/p>\n<p>Para el funcionamiento en red:<br \/>\nTensi\u00f3n de entrada: 110\/230 V, 50 \/ 60 Hz Tensi\u00f3n de entrada: 85-264 V (47-63 Hz)<\/p>\n<p>Generador de alta tensi\u00f3n: 4,6 V, estabilizado<br \/>\nAlta tensi\u00f3n m\u00e1xima: 70 kV negativos (circuito abierto)<br \/>\nTensi\u00f3n de salida m\u00e1xima: 1,1 A, a prueba de cortocircuitos<br \/>\nTiempo de funcionamiento: Funcionamiento a intervalos<\/p>\n<p>Para el funcionamiento con bater\u00eda:<\/p>\n<p>Generador de alta tensi\u00f3n: 4,5 V, 3 monoc\u00e9lulas de alta potencia 1,5 V<br \/>\nCorriente de cortocircuito: 0,15 mA<br \/>\nalta tensi\u00f3n m\u00e1xima 70 kv negativo (circuito abierto)<br \/>\nTiempo de funcionamiento: aprox. 5 h, la tensi\u00f3n disminuye unos 5 kv por hora de trabajo<\/p>\n<p>Alcance de la entrega:<\/p>\n<ul>\n<li>Empu\u00f1adura con generador de alta tensi\u00f3n regulable de 70 kV preparada para el funcionamiento en bater\u00eda y en red<\/li>\n<li>Fuente de alimentaci\u00f3n con adaptador de voltaje con cierre de manilla<\/li>\n<li>Tapa final con cierre de asa para el funcionamiento de la bater\u00eda<\/li>\n<li>Aplicador \u2205 60 mm<\/li>\n<li>Aplicador \u2205 120 mm<\/li>\n<li>Aplicador \u2205 180 mm<\/li>\n<li>Tamices de malla gruesa de 1,9 mm<\/li>\n<li>Tamices finos de 1,2 mm de malla<\/li>\n<\/ul>\n<h2>Set 2<\/h2>\n<p>Tama\u00f1o (cm):<br \/>\nLongitud: 350 mm<br \/>\nAnchura: 40 mm<br \/>\nLongitud del cable: 3 m<\/p>\n<p>Datos t\u00e9cnicos:<br \/>\nFuncionamiento en red 4,6 V, estabilizado<br \/>\nTensi\u00f3n de entrada: 110\/230 V, 50 \/ 60 Hz Tensi\u00f3n de entrada: 100 - 240 V, 47-63 Hz<br \/>\nGenerador de alta tensi\u00f3n: 4,6 V, estabilizado<br \/>\nAlta tensi\u00f3n m\u00e1xima: 70 kV negativos (circuito abierto)<br \/>\nTensi\u00f3n de salida m\u00e1xima: 1,1 A, a prueba de cortocircuitos<br \/>\nTiempo de funcionamiento: Funcionamiento a intervalos<br \/>\nPara el funcionamiento con bater\u00eda:<br \/>\nGenerador de alta tensi\u00f3n: 4,5 V, 3 monoc\u00e9lulas de alta potencia 1,5 V<br \/>\nCorriente de cortocircuito: 0,15 mA<br \/>\nalta tensi\u00f3n m\u00e1xima 70 kv negativo (circuito abierto)<br \/>\nTiempo de funcionamiento: aprox. 5 h, la tensi\u00f3n disminuye unos 5 kv por hora de trabajo<\/p>\n<p>Alcance de la entrega:<\/p>\n<ul>\n<li>Manipulaci\u00f3n con generador de alta tensi\u00f3n de 70 kV preparado para el funcionamiento en bater\u00eda y en red<\/li>\n<li>Tapa final con cierre de asa para el funcionamiento de la bater\u00eda<\/li>\n<li>Aplicador \u2205 60 mm<\/li>\n<li>Aplicador \u2205 120 mm<\/li>\n<li>Aplicador \u2205 180 mm<\/li>\n<li>Tamices de malla gruesa de 1,9 mm<\/li>\n<li>Tamices finos de 1,2 mm de malla<\/li>\n<\/ul>\n<h2>Conjunto 3<\/h2>\n<p>Datos t\u00e9cnicos:<br \/>\nGenerador de alta tensi\u00f3n: 4,5 V, 3 monoc\u00e9lulas de alta potencia 1,5 V<br \/>\nCorriente de cortocircuito: 0,15 mA<br \/>\nalta tensi\u00f3n m\u00e1xima 70 kv negativo (circuito abierto)<br \/>\nTiempo de funcionamiento: aprox. 5 h, la tensi\u00f3n disminuye unos 5 kv por hora de trabajo<\/p>\n<p>Alcance de la entrega:<\/p>\n<ul>\n<li>Mango con tapa de extremo con bloqueo de mango para el funcionamiento de la bater\u00eda<\/li>\n<li>Aplicador \u2205 60 mm<\/li>\n<li>Aplicador \u2205 120 mm<\/li>\n<li>Aplicador \u2205 180 mm<\/li>\n<li>Tamices gruesos de 1, 9 mm de malla<\/li>\n<li>Tamices finos de 1,2 mm de malla<\/li>\n<\/ul>\n<h2>Set 4<\/h2>\n<p>Datos t\u00e9cnicos:<br \/>\nGenerador de alta tensi\u00f3n: 4,5 V, 3 monoc\u00e9lulas de alta potencia 1,5 V<br \/>\nCorriente de cortocircuito: 0,15 mA<br \/>\nalta tensi\u00f3n m\u00e1xima 70 kv negativo (circuito abierto)<br \/>\nTiempo de funcionamiento: aprox. 5 h, la tensi\u00f3n disminuye unos 5 kv por hora de trabajo<\/p>\n<p>Alcance de la entrega:<\/p>\n<ul>\n<li>Mango con tapa de extremo con bloqueo de mango para el funcionamiento de la bater\u00eda<\/li>\n<li>Aplicador \u2205 120 mm<\/li>\n<li>Tamices gruesos de 1, 9 mm de malla<\/li>\n<li>Tamices finos de 1,2 mm de malla<\/li>\n<\/ul>\n<p><img decoding=\"async\" class=\"aligncenter\" src=\"https:\/\/maagflock.com\/wp-content\/uploads\/2021\/01\/image-36-300x227.png\" \/><br \/>\n<a href=\"https:\/\/maagflock.com\/wp-content\/uploads\/2021\/03\/Mini-Flock-Flyer-Maag-Flock-english.pdf\">Haga clic aqu\u00ed y vea el folleto.<\/a><\/p>","protected":false},"excerpt":{"rendered":"<p>Mini Flock - Dispositivo de flocado para un flocado f\u00e1cil y preciso<\/p>\n<ul>\n<li>Actualizable y componible individualmente<\/li>\n<li>Desde la variante de entrada hasta la producci\u00f3n en peque\u00f1a serie<\/li>\n<\/ul>","protected":false},"featured_media":4796,"template":"","meta":[],"product_cat":[118,126],"product_tag":[],"_links":{"self":[{"href":"https:\/\/maagflock.com\/es\/wp-json\/wp\/v2\/product\/1484"}],"collection":[{"href":"https:\/\/maagflock.com\/es\/wp-json\/wp\/v2\/product"}],"about":[{"href":"https:\/\/maagflock.com\/es\/wp-json\/wp\/v2\/types\/product"}],"wp:featuredmedia":[{"embeddable":true,"href":"https:\/\/maagflock.com\/es\/wp-json\/wp\/v2\/media\/4796"}],"wp:attachment":[{"href":"https:\/\/maagflock.com\/es\/wp-json\/wp\/v2\/media?parent=1484"}],"wp:term":[{"taxonomy":"product_cat","embeddable":true,"href":"https:\/\/maagflock.com\/es\/wp-json\/wp\/v2\/product_cat?post=1484"},{"taxonomy":"product_tag","embeddable":true,"href":"https:\/\/maagflock.com\/es\/wp-json\/wp\/v2\/product_tag?post=1484"}],"curies":[{"name":"wp","href":"https:\/\/api.w.org\/{rel}","templated":true}]}}