{"id":1485,"date":"2021-01-21T22:59:38","date_gmt":"2021-01-21T21:59:38","guid":{"rendered":"https:\/\/maagflock.com\/?post_type=product&#038;p=1485"},"modified":"2021-10-25T13:19:28","modified_gmt":"2021-10-25T11:19:28","slug":"elektrostatisches-handflockgeraet-hek","status":"publish","type":"product","link":"https:\/\/maagflock.com\/es\/producto\/hek-200-80-dispositivo-de-flocado-manual-electrostatico\/","title":{"rendered":"Escamador manual electrost\u00e1tico HEK"},"content":{"rendered":"<p><strong>Escamador manual electrost\u00e1tico HEK<\/strong><\/p>\n<p>El escarificador manual electrost\u00e1tico HEK es ideal para el uso industrial debido a su dise\u00f1o s\u00f3lido y potente.<br \/>\nCon su nuevo concepto de seguridad, el dispositivo de flocado manual convence. El valor l\u00edmite ajustable para el flujo de corriente representa un mecanismo de protecci\u00f3n adicional, mediante el cual se excluyen las descargas el\u00e9ctricas para el operador debido al dise\u00f1o.<br \/>\nLa unidad est\u00e1 equipada con una pantalla digital para mostrar la alta tensi\u00f3n y la corriente. La empu\u00f1adura se caracteriza por un nuevo pulsador y, por tanto, un mejor manejo. Al mismo tiempo, la amortiguaci\u00f3n integrada optimiza el nivel de seguridad. La HEK es m\u00f3vil y flexible y le ofrece un uso industrial fiable para el flocado.<\/p>\n<h4>Datos t\u00e9cnicos<\/h4>\n<p>Fuente de alimentaci\u00f3n<\/p>\n<p>Alimentaci\u00f3n: 85-265VAC, 50\/60Hz, m\u00e1x.300 \u03bcA, m\u00e1x.90W<\/p>\n<p>Dimensiones: 360 x 260 x 130 mm<br \/>\ncon embalaje: 880 x 670 x 230 mm<br \/>\nPeso del generador de alta tensi\u00f3n: 6,6 kg con embalaje: 13,0 kg<\/p>\n<h4>Alcance de la entrega:<\/h4>\n<ul>\n<li>Electrost\u00e1tica EK 200-80<\/li>\n<li>Tensi\u00f3n de red 85 - 265 V, 50\/60 Hz.<\/li>\n<li>Alta tensi\u00f3n de 0 a 80 kV ajustable de forma continua, controlable por cable de alta tensi\u00f3n, interruptor de pie o interruptor externo<\/li>\n<li>Control del suelo<\/li>\n<li>Visualizaci\u00f3n digital de los valores de kV y \u00b5A<\/li>\n<li>Preselecci\u00f3n del caudal m\u00e1ximo de corriente<\/li>\n<\/ul>\n<p><a href=\"https:\/\/maagflock.com\/wp-content\/uploads\/2021\/03\/HEK200-80-Flyer-Maag-Flock-english.pdf\">Haga clic aqu\u00ed y vea el folleto.<\/a><\/p>","protected":false},"excerpt":{"rendered":"<p>El escarificador manual electrost\u00e1tico HEK es ideal para el uso industrial debido a su dise\u00f1o s\u00f3lido y potente.<\/p>","protected":false},"featured_media":4593,"template":"","meta":[],"product_cat":[118,126],"product_tag":[],"_links":{"self":[{"href":"https:\/\/maagflock.com\/es\/wp-json\/wp\/v2\/product\/1485"}],"collection":[{"href":"https:\/\/maagflock.com\/es\/wp-json\/wp\/v2\/product"}],"about":[{"href":"https:\/\/maagflock.com\/es\/wp-json\/wp\/v2\/types\/product"}],"wp:featuredmedia":[{"embeddable":true,"href":"https:\/\/maagflock.com\/es\/wp-json\/wp\/v2\/media\/4593"}],"wp:attachment":[{"href":"https:\/\/maagflock.com\/es\/wp-json\/wp\/v2\/media?parent=1485"}],"wp:term":[{"taxonomy":"product_cat","embeddable":true,"href":"https:\/\/maagflock.com\/es\/wp-json\/wp\/v2\/product_cat?post=1485"},{"taxonomy":"product_tag","embeddable":true,"href":"https:\/\/maagflock.com\/es\/wp-json\/wp\/v2\/product_tag?post=1485"}],"curies":[{"name":"wp","href":"https:\/\/api.w.org\/{rel}","templated":true}]}}