{"id":1486,"date":"2021-01-21T23:03:14","date_gmt":"2021-01-21T22:03:14","guid":{"rendered":"https:\/\/maagflock.com\/?post_type=product&#038;p=1486"},"modified":"2021-10-25T11:10:43","modified_gmt":"2021-10-25T09:10:43","slug":"flockkabine","status":"publish","type":"product","link":"https:\/\/maagflock.com\/es\/producto\/flockkabine\/","title":{"rendered":"Caba\u00f1a del Reba\u00f1o"},"content":{"rendered":"<p><strong>Caba\u00f1a del Reba\u00f1o<\/strong><\/p>\n<p>La cabina de flocado FK ofrece un lugar de trabajo ideal para el flocado de piezas moldeadas. La cabina de flocado tiene una conexi\u00f3n de alimentaci\u00f3n para el EPF y un interruptor para encender y apagar el sistema de extracci\u00f3n posterior.<\/p>\n<p>&nbsp;<\/p>\n<p><strong>Datos t\u00e9cnicos:<\/strong><\/p>\n<p>Fuente de alimentaci\u00f3n<br \/>\nFuente de alimentaci\u00f3n: 110 \/ 230 V, 50\/60 Hz<br \/>\nPotencia: 650 W<\/p>\n<p><strong>Tallas:<\/strong><\/p>\n<ul>\n<li>800 mm<\/li>\n<li>1200 mm<\/li>\n<li>2400 mm<\/li>\n<\/ul>\n<p><strong>Accesorios:<\/strong><\/p>\n<ul>\n<li>\u00d3xido de la rejilla<\/li>\n<li>Manguera de aire<\/li>\n<\/ul>","protected":false},"excerpt":{"rendered":"<p>La amplia cabina de flocado ofrece el entorno de trabajo ideal para el uso de equipos de flocado manual. Obtenga m\u00e1s informaci\u00f3n ahora.<\/p>","protected":false},"featured_media":4794,"template":"","meta":[],"product_cat":[118,125],"product_tag":[],"_links":{"self":[{"href":"https:\/\/maagflock.com\/es\/wp-json\/wp\/v2\/product\/1486"}],"collection":[{"href":"https:\/\/maagflock.com\/es\/wp-json\/wp\/v2\/product"}],"about":[{"href":"https:\/\/maagflock.com\/es\/wp-json\/wp\/v2\/types\/product"}],"wp:featuredmedia":[{"embeddable":true,"href":"https:\/\/maagflock.com\/es\/wp-json\/wp\/v2\/media\/4794"}],"wp:attachment":[{"href":"https:\/\/maagflock.com\/es\/wp-json\/wp\/v2\/media?parent=1486"}],"wp:term":[{"taxonomy":"product_cat","embeddable":true,"href":"https:\/\/maagflock.com\/es\/wp-json\/wp\/v2\/product_cat?post=1486"},{"taxonomy":"product_tag","embeddable":true,"href":"https:\/\/maagflock.com\/es\/wp-json\/wp\/v2\/product_tag?post=1486"}],"curies":[{"name":"wp","href":"https:\/\/api.w.org\/{rel}","templated":true}]}}