{"id":1491,"date":"2020-12-19T17:23:23","date_gmt":"2020-12-19T16:23:23","guid":{"rendered":"https:\/\/maagflock.com\/?post_type=product&#038;p=1491"},"modified":"2021-10-25T13:53:18","modified_gmt":"2021-10-25T11:53:18","slug":"elektropneumatisches-flockgeraet-epf","status":"publish","type":"product","link":"https:\/\/maagflock.com\/es\/producto\/unidad-de-flocado-electroneumatico\/","title":{"rendered":"Unidad de flocado electroneum\u00e1tico EPF"},"content":{"rendered":"<p><strong>Unidad de flocado electroneum\u00e1tico EPF<\/strong><\/p>\n<p>La unidad de flocado electrost\u00e1tica-neum\u00e1tica EPF es adecuada para el flocado electrost\u00e1tico sin suministro de aire, as\u00ed como para el flocado neum\u00e1tico de piezas moldeadas de dise\u00f1o complejo con geometr\u00eda tridimensional. Las figuras, las guanteras y mucho m\u00e1s se pueden flocar de forma excelente gracias a la tecnolog\u00eda electrost\u00e1tica-neum\u00e1tica. La pantalla anal\u00f3gica muestra la alta tensi\u00f3n as\u00ed como la corriente y permite una regulaci\u00f3n continua con el electrostato de 0-80 kV. Gracias a la parada de emergencia y a la manivela con toma de tierra con interruptor de dos etapas, la EPF se caracteriza por su alta tecnolog\u00eda de seguridad y est\u00e1 sujeta a la norma de flotaci\u00f3n. El dispositivo es especialmente potente para un uso industrial fiable y se caracteriza por su preciso proceso de flocado.<\/p>\n<div class=\"BorlabsCookie _brlbs-cb-youtube\"><div class=\"_brlbs-content-blocker\"> <div class=\"_brlbs-embed _brlbs-video-youtube\"> <img class=\"_brlbs-thumbnail\" src=\"https:\/\/maagflock.com\/wp-content\/plugins\/borlabs-cookie\/assets\/images\/cb-no-thumbnail.png\" alt=\"YouTube\"> <div class=\"_brlbs-caption\"> <p>Al cargar el v\u00eddeo, aceptas la pol\u00edtica de privacidad de YouTube.<br><a href=\"https:\/\/policies.google.com\/privacy\" target=\"_blank\" rel=\"nofollow noopener noreferrer\">Aprende m\u00e1s.<\/a><\/p> <p><a class=\"_brlbs-btn _brlbs-icon-play-white\" href=\"#\" data-borlabs-cookie-unblock role=\"button\">Cargar video<\/a><\/p> <p><label><input type=\"checkbox\" name=\"unblockAll\" value=\"1\" checked> <small>Siempre desbloquea YouTube<\/small><\/label><\/p> <\/div> <\/div> <\/div><div class=\"borlabs-hide\" data-borlabs-cookie-type=\"content-blocker\" data-borlabs-cookie-id=\"youtube\"><script type=\"text\/template\">PHA+PGlmcmFtZSBsb2FkaW5nPSJsYXp5IiBzcmM9Imh0dHBzOi8vd3d3LnlvdXR1YmUtbm9jb29raWUuY29tL2VtYmVkL2lTMHR5SENlRnR3IiB3aWR0aD0iOTAwIiBoZWlnaHQ9IjUwNiIgZnJhbWVib3JkZXI9IjAiIGFsbG93ZnVsbHNjcmVlbj0iYWxsb3dmdWxsc2NyZWVuIj48L2lmcmFtZT48L3A+<\/script><\/div><\/div>\n<p>Adem\u00e1s, es posible una forma especial de la unidad de flocado electrost\u00e1tica-neum\u00e1tica con recirculaci\u00f3n.<\/p>\n<p>El EPF est\u00e1 equipado con un cable de alta tensi\u00f3n con asa. El cable ofrece una longitud c\u00f3moda para flexibilizar el proceso de flocado. El mango ergon\u00f3mico proporciona un manejo f\u00e1cil y relajado durante el proceso de flocado. El cable de alta tensi\u00f3n est\u00e1 disponible en diferentes longitudes para su uso individual. La boquilla de copa con electrodo de bola se utiliza para controlar el flujo de aire durante el flocado electrost\u00e1tico-neum\u00e1tico y tiene un di\u00e1metro de \u00d8 40 mm. Para poder reba\u00f1ar idealmente geometr\u00edas especiales e individuales, hay disponibles otras versiones de las boquillas:<\/p>\n<ul>\n<li>Electrodo de bola \u00d8 40 mm<\/li>\n<li>Electrodo de alambre<\/li>\n<li>Electrodo de boquilla plana<\/li>\n<li>Electrodo de boquilla plana en \u00e1ngulo de 90\u00b0.<\/li>\n<\/ul>\n<p>Para otras variantes de boquillas, p\u00f3ngase en contacto con nosotros, estaremos encantados de especificar boquillas para usted.<\/p>\n<p>Para el flocado puramente electrost\u00e1tico, el cable HEK puede conectarse al EPF. Esto ampl\u00eda el rango de acci\u00f3n y la variabilidad de su flocado. La dosificaci\u00f3n de borras, el soplador y la alta tensi\u00f3n pueden conectarse y desconectarse a trav\u00e9s del interruptor de pie como alternativa a la manivela.<\/p>\n<p><strong>Datos t\u00e9cnicos: <\/strong><\/p>\n<p>Tensi\u00f3n de funcionamiento: 110 \/ 220 V, 50\/60 Hz<\/p>\n<p>Consumo de energ\u00eda: 650 W<\/p>\n<p>Unidad de alta tensi\u00f3n: electrost\u00e1tica 0-80 kV infinitamente variable<\/p>\n<p>&nbsp;<\/p>\n<p><strong>Alcance de la entrega: <\/strong><\/p>\n<ul>\n<li>Bastidor de la m\u00e1quina m\u00f3vil, revestido, para alojar los componentes descritos a continuaci\u00f3n:<\/li>\n<li>Contenedor de almacenamiento de reba\u00f1os para unos 10 kg de reba\u00f1os (seg\u00fan el tipo de reba\u00f1o)<\/li>\n<li>Dosificaci\u00f3n por lotes sin escalonamiento con tornillo dosificador y tamiz dosificador<\/li>\n<li>Soplador especial ajustable, con manguera de conexi\u00f3n desde la unidad de dosificaci\u00f3n hasta la boquilla de salida.<\/li>\n<li>Mango con conexi\u00f3n a tierra con interruptor de 2 pasos y boquilla de soplado de reba\u00f1o con electrodo de alto voltaje reemplazable, -electrodo de copa<\/li>\n<li>Electrostato con alta tensi\u00f3n ajustable de forma continua de 0 a 80 kV, instrumentos de medici\u00f3n de kV y \u00b5A y luces indicadoras de funcionamiento y alta tensi\u00f3n.<\/li>\n<li>La conexi\u00f3n y desconexi\u00f3n de la medici\u00f3n de la fibra de floca, el ventilador y la alta tensi\u00f3n se realiza en la empu\u00f1adura y tambi\u00e9n es posible mediante un interruptor de pie<\/li>\n<\/ul>\n<p>&nbsp;<\/p>\n<p>Equipo el\u00e9ctrico de acuerdo con la normativa VDE aplicable Pintura est\u00e1ndar:<\/p>\n<p>RAL 7035 gris claro Otros colores con recargo<\/p>\n<p>&nbsp;<\/p>\n<p><a href=\"https:\/\/maagflock.com\/wp-content\/uploads\/2021\/03\/EPF2000-Flyer-Maag-Flock-english.pdf\">Haga clic aqu\u00ed y vea el folleto.<\/a><\/p>","protected":false},"excerpt":{"rendered":"<p>La unidad de flocado electrost\u00e1tica-neum\u00e1tica EPF es adecuada para el flocado electrost\u00e1tico sin suministro de aire, as\u00ed como para el flocado neum\u00e1tico de piezas moldeadas de dise\u00f1o complejo con geometr\u00eda tridimensional.<\/p>","protected":false},"featured_media":4579,"template":"","meta":[],"product_cat":[118,126],"product_tag":[],"_links":{"self":[{"href":"https:\/\/maagflock.com\/es\/wp-json\/wp\/v2\/product\/1491"}],"collection":[{"href":"https:\/\/maagflock.com\/es\/wp-json\/wp\/v2\/product"}],"about":[{"href":"https:\/\/maagflock.com\/es\/wp-json\/wp\/v2\/types\/product"}],"wp:featuredmedia":[{"embeddable":true,"href":"https:\/\/maagflock.com\/es\/wp-json\/wp\/v2\/media\/4579"}],"wp:attachment":[{"href":"https:\/\/maagflock.com\/es\/wp-json\/wp\/v2\/media?parent=1491"}],"wp:term":[{"taxonomy":"product_cat","embeddable":true,"href":"https:\/\/maagflock.com\/es\/wp-json\/wp\/v2\/product_cat?post=1491"},{"taxonomy":"product_tag","embeddable":true,"href":"https:\/\/maagflock.com\/es\/wp-json\/wp\/v2\/product_tag?post=1491"}],"curies":[{"name":"wp","href":"https:\/\/api.w.org\/{rel}","templated":true}]}}