{"id":1498,"date":"2021-10-06T09:54:32","date_gmt":"2021-10-06T07:54:32","guid":{"rendered":"https:\/\/maagflock.com\/?post_type=product&#038;p=1498"},"modified":"2021-10-25T14:33:09","modified_gmt":"2021-10-25T12:33:09","slug":"flockmodul","status":"publish","type":"product","link":"https:\/\/maagflock.com\/es\/producto\/flockmodul\/","title":{"rendered":"M\u00f3dulo de reba\u00f1o"},"content":{"rendered":"<p><strong>M\u00f3dulo de reba\u00f1o<\/strong><\/p>\n<p>El m\u00f3dulo de flocado se utiliza para el flocado de piezas y textiles en posici\u00f3n horizontal y plana.<\/p>\n<p>Aqu\u00ed, la integraci\u00f3n con un carrusel de serigraf\u00eda es una opci\u00f3n. El flocado se activa autom\u00e1ticamente mediante una se\u00f1al de control y se transmite a trav\u00e9s del brazo de la racleta de la m\u00e1quina de serigraf\u00eda. Una vez transcurrido el tiempo de dosificaci\u00f3n y de alta tensi\u00f3n, el proceso de flocado finaliza autom\u00e1ticamente. Todos los tipos de flocado y textiles pueden ser flocados con el FM.<\/p>\n<p>Los m\u00f3dulos de flocado est\u00e1n disponibles en varios tama\u00f1os, lo que permite flocar textiles de cualquier tama\u00f1o.<br \/>\nEn este caso, los m\u00f3dulos de reba\u00f1o comienzan con un tama\u00f1o de 130-330 mm y terminan con 1100 mm. M\u00e1s all\u00e1 de eso, son posibles las construcciones individuales.<\/p>\n<p>Con la unidad de control independiente FM CU 50\/11 en un armario separado, el m\u00f3dulo de flocado se controla mediante un cable de alta tensi\u00f3n.<br \/>\ny, por tanto, ofrece suficiente movilidad y flexibilidad. En este caso, la dosificaci\u00f3n del reba\u00f1o y el tiempo de alta tensi\u00f3n se pueden seleccionar digitalmente. El m\u00f3dulo de reba\u00f1o est\u00e1 equipado con un control neum\u00e1tico para el movimiento ideal del cepillo dosificador.<\/p>\n<p>La caja de borras se integra en la prensa mediante un dispositivo de sujeci\u00f3n de uso universal, sin que sea necesario realizar ninguna modificaci\u00f3n.<\/p>\n<p>La combinaci\u00f3n con el carrusel de serigraf\u00eda permite el flocado multicolor, as\u00ed como el flocado preciso de los bordes afilados.<\/p>\n<p>Como accesorio, el carro de carga le permite cargar y mover el m\u00f3dulo de reba\u00f1o f\u00e1cilmente.<\/p>\n<p>&nbsp;<\/p>\n<p><strong>Datos t\u00e9cnicos:<\/strong><\/p>\n<p>Fuente de alimentaci\u00f3n<br \/>\nFuente de alimentaci\u00f3n: 110 \/ 230 V, 50\/60 Hz<\/p>\n<p><strong>Equipo b\u00e1sico:<\/strong><\/p>\n<ul>\n<li>Unidad base<\/li>\n<li>Instrucciones de uso<\/li>\n<li>Inserto de criba de placa perforada con di\u00e1metro de orificio de 1,0 mm<\/li>\n<li>tanque de dosificaci\u00f3n exterior<\/li>\n<li>Cap\u00f3 con asas<\/li>\n<li>Tapa con asas<\/li>\n<li>Cable de tierra de 2 m de longitud<\/li>\n<\/ul>","protected":false},"excerpt":{"rendered":"<p>El m\u00f3dulo de flocado se utiliza para el flocado de piezas y textiles en posici\u00f3n horizontal y plana.<\/p>","protected":false},"featured_media":4618,"template":"","meta":[],"product_cat":[118,127],"product_tag":[],"_links":{"self":[{"href":"https:\/\/maagflock.com\/es\/wp-json\/wp\/v2\/product\/1498"}],"collection":[{"href":"https:\/\/maagflock.com\/es\/wp-json\/wp\/v2\/product"}],"about":[{"href":"https:\/\/maagflock.com\/es\/wp-json\/wp\/v2\/types\/product"}],"wp:featuredmedia":[{"embeddable":true,"href":"https:\/\/maagflock.com\/es\/wp-json\/wp\/v2\/media\/4618"}],"wp:attachment":[{"href":"https:\/\/maagflock.com\/es\/wp-json\/wp\/v2\/media?parent=1498"}],"wp:term":[{"taxonomy":"product_cat","embeddable":true,"href":"https:\/\/maagflock.com\/es\/wp-json\/wp\/v2\/product_cat?post=1498"},{"taxonomy":"product_tag","embeddable":true,"href":"https:\/\/maagflock.com\/es\/wp-json\/wp\/v2\/product_tag?post=1498"}],"curies":[{"name":"wp","href":"https:\/\/api.w.org\/{rel}","templated":true}]}}