{"id":1504,"date":"2021-01-05T13:31:23","date_gmt":"2021-01-05T12:31:23","guid":{"rendered":"https:\/\/maagflock.com\/?post_type=product&#038;p=1504"},"modified":"2021-12-08T15:34:24","modified_gmt":"2021-12-08T14:34:24","slug":"rieselfaehigkeitspruefgeraet-rpg-1000","status":"publish","type":"product","link":"https:\/\/maagflock.com\/es\/producto\/rpg-1000-comprobador-de-fluidez\/","title":{"rendered":"Comprobador de verosimilitud RPG 1000"},"content":{"rendered":"<p><strong>Comprobador de verosimilitud RPG 1000<\/strong><\/p>\n<p>El comprobador de fluidez RPG 1000 se utiliza para medir la fluidez de la borra, lo que permite sacar conclusiones sobre el comportamiento de la dosificaci\u00f3n en la planta de producci\u00f3n.<\/p>\n<p>Especialmente en las plantas m\u00e1s grandes, la fluidez de la borra es un par\u00e1metro importante para mantener la garant\u00eda de calidad. La prueba de fluidez se utiliza para el control del proceso como prueba continua y como prueba a corto plazo. La RPG 1000 est\u00e1 equipada con dos pantallas de cilindros diferentes. Las cribas tienen un tama\u00f1o de malla entre 0,6 y 0,8 mm. La borra se introduce en el tamiz cil\u00edndrico, se pesa y se eval\u00faa visualmente tras la realizaci\u00f3n de la prueba con un n\u00famero definido de revoluciones.<\/p>\n<p>La capacidad de floculaci\u00f3n de los tamices cil\u00edndricos es de 1 litro por tamiz.<br \/>\nEl dispositivo b\u00e1sico est\u00e1 equipado con una plataforma giratoria a la que se fija el soporte del tamiz mediante una abrazadera magn\u00e9tica. El accesorio magn\u00e9tico permite rellenar f\u00e1cil y c\u00f3modamente el reba\u00f1o a analizar, con 20 gramos por muestra. Adem\u00e1s, dependiendo del tipo de reba\u00f1o, los tamices con diferentes tama\u00f1os de malla pueden cambiarse f\u00e1cilmente.<\/p>\n<p>El cuerpo de la m\u00e1quina est\u00e1 equipado con dos bandejas de almacenamiento integradas para los tamices. Una simplificaci\u00f3n adicional del proceso de prueba es posible gracias a la balanza fina electr\u00f3nica con pantalla digital, que puede adquirirse como accesorio.<\/p>\n<p><strong>Datos t\u00e9cnicos:<\/strong><\/p>\n<ul>\n<li>Alimentaci\u00f3n (V): 110, 50 Hz (US) y 230 V, 60 Hz (EU)<\/li>\n<li>Dimensiones: 430 x 300 x 330 mm<\/li>\n<li>Peso: 18 kg<\/li>\n<\/ul>\n<p><strong>Accesorios:<\/strong><\/p>\n<ul>\n<li>Tamiz fino<\/li>\n<li>Tamiz grueso<\/li>\n<li>Libra<\/li>\n<\/ul>\n<p><strong>Datos ac\u00fasticos:<\/strong><\/p>\n<ul>\n<li>Emisi\u00f3n de ruido durante el funcionamiento: aprox. 60 db (A)<\/li>\n<\/ul>\n<p><a href=\"https:\/\/maagflock.com\/wp-content\/uploads\/2021\/03\/RPG1000-Flyer-Maag-Flock-english.pdf\">Haga clic aqu\u00ed y vea el folleto.<\/a><\/p>","protected":false},"excerpt":{"rendered":"<p>El comprobador de fluidez RPG 1000 se utiliza para evaluar el comportamiento de goteo y la capacidad de disoluci\u00f3n de la borra durante el procesamiento en la unidad de dosificaci\u00f3n de borra.<\/p>","protected":false},"featured_media":4826,"template":"","meta":[],"product_cat":[118,130],"product_tag":[],"_links":{"self":[{"href":"https:\/\/maagflock.com\/es\/wp-json\/wp\/v2\/product\/1504"}],"collection":[{"href":"https:\/\/maagflock.com\/es\/wp-json\/wp\/v2\/product"}],"about":[{"href":"https:\/\/maagflock.com\/es\/wp-json\/wp\/v2\/types\/product"}],"wp:featuredmedia":[{"embeddable":true,"href":"https:\/\/maagflock.com\/es\/wp-json\/wp\/v2\/media\/4826"}],"wp:attachment":[{"href":"https:\/\/maagflock.com\/es\/wp-json\/wp\/v2\/media?parent=1504"}],"wp:term":[{"taxonomy":"product_cat","embeddable":true,"href":"https:\/\/maagflock.com\/es\/wp-json\/wp\/v2\/product_cat?post=1504"},{"taxonomy":"product_tag","embeddable":true,"href":"https:\/\/maagflock.com\/es\/wp-json\/wp\/v2\/product_tag?post=1504"}],"curies":[{"name":"wp","href":"https:\/\/api.w.org\/{rel}","templated":true}]}}