{"id":1506,"date":"2021-03-17T11:15:02","date_gmt":"2021-03-17T10:15:02","guid":{"rendered":"https:\/\/maagflock.com\/?post_type=product&#038;p=1506"},"modified":"2021-12-08T15:31:29","modified_gmt":"2021-12-08T14:31:29","slug":"hochspannungsmessgeraet-hmg-d","status":"publish","type":"product","link":"https:\/\/maagflock.com\/es\/producto\/hmg-d-medidor-de-alto-voltaje\/","title":{"rendered":"Dispositivo de medici\u00f3n de alta tensi\u00f3n HMG-D"},"content":{"rendered":"<p><strong>Dispositivo de medici\u00f3n de alta tensi\u00f3n HMG-D<\/strong><\/p>\n<p><span style=\"font-weight: 400;\">El medidor de alta tensi\u00f3n HMG-D mide la potencia real de la cascada en kV. El HMG-D, que mide tensiones continuas en el rango de 0 a 110 kV o 160 kV de polaridad positiva y negativa, permite verificar la potencia de todos los equipos de alta tensi\u00f3n. Es muy adecuado en el campo de los sistemas de recubrimiento electrost\u00e1tico y de separaci\u00f3n de materiales.<\/span><\/p>\n<p><span style=\"font-weight: 400;\">El HMG-D puede conectarse al instrumento de tensi\u00f3n Fluke mediante un enchufe para leer los datos de medici\u00f3n. La varilla de medici\u00f3n con manguito aislante se utiliza para medir la alta tensi\u00f3n directamente en el electrodo de alta tensi\u00f3n. El mango de la lanza de medici\u00f3n est\u00e1 totalmente protegido contra los efectos de los campos electrost\u00e1ticos y la pantalla de protecci\u00f3n integrada protege al operador contra las descargas el\u00e9ctricas. El HMG-D ofrece dos variantes con diferentes rangos de medici\u00f3n.<\/span><\/p>\n<p><span style=\"font-weight: 400;\">Salida de medici\u00f3n: clavija de 4 mm para conectar a un volt\u00edmetro con resistencia interna de 10 MOhm. 10 V corresponden a 100 kV.\u00a0<\/span><\/p>\n<p>&nbsp;<\/p>\n<p><strong>Datos t\u00e9cnicos:<\/strong><\/p>\n<ul>\n<li>Alimentaci\u00f3n: HMG 04\/02: 110 kV y HMG 08\/04: 160 kV<\/li>\n<li>Dimensiones: HMG 04\/02: 40 x 120 x 750 mm y HMG 08\/04: 40 x 120 x 950 mm<\/li>\n<li><span style=\"font-weight: 400;\">Longitud del cable de medici\u00f3n: 3 m<\/span><\/li>\n<li><span style=\"font-weight: 400;\">Longitud del cable subterr\u00e1neo: 3 m<\/span><\/li>\n<li>Peso: HMG 04\/02: 1200 g y HMG 08\/04: 2000 g<\/li>\n<\/ul>\n<p><strong>Equipo b\u00e1sico:<\/strong><\/p>\n<ul>\n<li style=\"font-weight: 400;\" aria-level=\"1\"><span style=\"font-weight: 400;\">Varilla de medici\u00f3n<\/span><\/li>\n<li style=\"font-weight: 400;\" aria-level=\"1\"><span style=\"font-weight: 400;\">L\u00ednea de medici\u00f3n<\/span><\/li>\n<li style=\"font-weight: 400;\" aria-level=\"1\"><span style=\"font-weight: 400;\">Terminal de tierra<\/span><\/li>\n<li style=\"font-weight: 400;\" aria-level=\"1\"><span style=\"font-weight: 400;\">Sonda de medici\u00f3n<\/span><\/li>\n<li style=\"font-weight: 400;\" aria-level=\"1\"><span style=\"font-weight: 400;\">Cable de tierra<\/span><\/li>\n<\/ul>\n<p><strong>Accesorios:<\/strong><\/p>\n<ul>\n<li>Maleta de transporte de pl\u00e1stico con accesorios de aluminio<\/li>\n<li>Mult\u00edmetro Fluke<\/li>\n<\/ul>\n<p><a href=\"https:\/\/maagflock.com\/wp-content\/uploads\/2021\/03\/HMG-D-Flyer-Maag-Flock-english.pdf\">Haga clic aqu\u00ed y vea el folleto.<\/a><\/p>","protected":false},"excerpt":{"rendered":"<p><span style=\"font-weight: 400;\">El dispositivo de medici\u00f3n de alta tensi\u00f3n HMG-D se utiliza para comprobar las tensiones continuas en el rango de 0-110kV o 160kV, de polaridad positiva y negativa. La medici\u00f3n se realiza mediante una punta de medici\u00f3n directamente en el electrodo de alta tensi\u00f3n o mediante un cable de alta tensi\u00f3n que puede conectarse a la lanza de medici\u00f3n en lugar de la punta de medici\u00f3n.<\/span><\/p>","protected":false},"featured_media":4205,"template":"","meta":[],"product_cat":[118,130],"product_tag":[],"_links":{"self":[{"href":"https:\/\/maagflock.com\/es\/wp-json\/wp\/v2\/product\/1506"}],"collection":[{"href":"https:\/\/maagflock.com\/es\/wp-json\/wp\/v2\/product"}],"about":[{"href":"https:\/\/maagflock.com\/es\/wp-json\/wp\/v2\/types\/product"}],"wp:featuredmedia":[{"embeddable":true,"href":"https:\/\/maagflock.com\/es\/wp-json\/wp\/v2\/media\/4205"}],"wp:attachment":[{"href":"https:\/\/maagflock.com\/es\/wp-json\/wp\/v2\/media?parent=1506"}],"wp:term":[{"taxonomy":"product_cat","embeddable":true,"href":"https:\/\/maagflock.com\/es\/wp-json\/wp\/v2\/product_cat?post=1506"},{"taxonomy":"product_tag","embeddable":true,"href":"https:\/\/maagflock.com\/es\/wp-json\/wp\/v2\/product_tag?post=1506"}],"curies":[{"name":"wp","href":"https:\/\/api.w.org\/{rel}","templated":true}]}}