{"id":1507,"date":"2020-12-20T15:12:14","date_gmt":"2020-12-20T14:12:14","guid":{"rendered":"https:\/\/maagflock.com\/?post_type=product&#038;p=1507"},"modified":"2021-12-08T14:20:57","modified_gmt":"2021-12-08T13:20:57","slug":"springpruefgeraet-spg-1000","status":"publish","type":"product","link":"https:\/\/maagflock.com\/es\/producto\/prueba-de-primavera-spg-1000\/","title":{"rendered":"Comprobador de muelles SPG 1000"},"content":{"rendered":"<p><strong>Comprobador de muelles SPG 1000<\/strong><\/p>\n<p>El comprobador de salto SPG 1000 simula las condiciones pr\u00e1cticas de una m\u00e1quina de flocado y eval\u00faa as\u00ed la capacidad de salto y disoluci\u00f3n del flocado bajo la influencia de la tensi\u00f3n. Durante la prueba de salto se comprueban los siguientes criterios de evaluaci\u00f3n:<\/p>\n<ul>\n<li>El tiempo de despegue de una cantidad definida de borras bajo la influencia de un campo el\u00e9ctrico definido de 4 kV\/cm<\/li>\n<li>Caracter\u00edstica de salto en el campo el\u00e9ctrico<\/li>\n<li>Posible cantidad residual de fibras de floca<\/li>\n<li>Medici\u00f3n de la corriente durante el tiempo de salto<\/li>\n<\/ul>\n<p>La c\u00e1mara de pruebas del comprobador de saltos SPG 1000 se muestra con un cilindro cerrado de plexigl\u00e1s de 350 mm de altura y 290 mm de di\u00e1metro y el electrodo de tierra enfrentado, as\u00ed como un electrodo vivo. El electrodo de tierra tiene un di\u00e1metro de 80 mm, sobre el que se coloca la placa de muestra de reba\u00f1o con un di\u00e1metro de 95 mm. El electrodo portador de tensi\u00f3n est\u00e1 conectado al generador de alta tensi\u00f3n a una distancia de 100 mm y un di\u00e1metro de 60 mm mediante un cable de alta tensi\u00f3n en el brazo de conexi\u00f3n. La distancia entre electrodos puede ajustarse individualmente de 48 a 102 mm, seg\u00fan sea necesario. En la sala de pruebas, la placa base forma una escala con indicaci\u00f3n del di\u00e1metro para la evaluaci\u00f3n del reba\u00f1o.<\/p>\n<p>Para garantizar un manejo pr\u00e1ctico y f\u00e1cil, tanto para la colocaci\u00f3n del plato de muestras como para la limpieza de la pared interior, el cilindro est\u00e1 dividido y la mitad delantera es extra\u00edble. Del mismo modo, la mitad trasera del cilindro puede extraerse f\u00e1cilmente sacando el electrodo de tierra del conector e inclinando la mitad del cilindro. Cuando est\u00e1 cerrado, el cilindro permite la inspecci\u00f3n de la muestra durante la prueba y la protecci\u00f3n contra las moscas volantes. Adem\u00e1s, el cilindro ofrece una garant\u00eda de seguridad como protecci\u00f3n contra el contacto. En la base de la unidad hay un generador de alta tensi\u00f3n que suministra aproximadamente 45 kV de tensi\u00f3n continua negativa. En el panel de control del panel frontal se pueden realizar las siguientes visualizaciones y ajustes:<\/p>\n<ul>\n<li>Dispositivo de medici\u00f3n para ajustar la tensi\u00f3n a 40 kV<\/li>\n<li>Pomo de control para el ajuste de la HS<\/li>\n<li>L\u00e1mpara de control para el funcionamiento de la red<\/li>\n<li>Enchufe con mando a distancia con bot\u00f3n pulsador<\/li>\n<li>dispositivo digital de medici\u00f3n del tiempo, que muestra el ciclo de trabajo de los electrostatos<\/li>\n<li>Pantalla para el proceso de medici\u00f3n<\/li>\n<\/ul>\n<p>La toma de corriente de 2 polos con enchufe en el lateral permite la conexi\u00f3n de un amper\u00edmetro externo y alternativamente a un registrador.<br \/>\nEl interruptor de encendido y el enchufe se encuentran en la parte posterior del aparato. Con el dispositivo de cribado se puede dosificar la borra a trav\u00e9s del tamiz en el plato de la muestra con un peque\u00f1o cepillo redondo. El tamiz consiste en un tamiz con un tama\u00f1o de malla de 0,8 mm, que se introduce en un cilindro de dos partes. El cilindro tiene un di\u00e1metro interior de 80 mm y un di\u00e1metro de 95 mm en el borde inferior, por lo que puede adaptarse a la placa de muestras de reba\u00f1o.<\/p>\n<p>Los siguientes criterios de evaluaci\u00f3n conducen a una valoraci\u00f3n cuantitativa y cualitativa del comportamiento de floculaci\u00f3n:<br \/>\nEl tiempo de despegue que se lee en el temporizador es la principal caracter\u00edstica de evaluaci\u00f3n, por lo que se opone a un valor inicial t\u00edpico de la manada, como la especificaci\u00f3n del proveedor o las determinaciones propias relacionadas con la producci\u00f3n. En el caso de que queden restos de borras en el plato de la muestra despu\u00e9s de 30 segundos de encendido de la tensi\u00f3n, se equilibra y se compara con un valor est\u00e1ndar.<\/p>\n<p>La caracter\u00edstica de salto muestra el comportamiento del reba\u00f1o durante la acci\u00f3n de la tensi\u00f3n, esto se mide de la siguiente manera:<\/p>\n<h4>Apariencia:<\/h4>\n<ul>\n<li>Patio del reba\u00f1o en la placa del suelo<br \/>\nCriterio de evaluaci\u00f3n: di\u00e1metro en cm<\/li>\n<li>Formaci\u00f3n de la barba:<br \/>\nCriterio de evaluaci\u00f3n: s\u00ed\/no<\/li>\n<li>Asentamiento de la borra en la pared del cilindro<br \/>\nCriterio de evaluaci\u00f3n: s\u00ed\/no, por encima\/por debajo del electrodo<\/li>\n<li>Disoluci\u00f3n de activos<br \/>\nCapacidad de juzgar: uniforme\/desigual<\/li>\n<\/ul>\n<p>Esto le proporciona un dispositivo de prueba para una evaluaci\u00f3n fiable del comportamiento de salto, as\u00ed como de las fibras de flocado bajo la influencia de la tensi\u00f3n. Las condiciones de trabajo corresponden a las de una m\u00e1quina de flocado, lo que da lugar a una prueba transferible 1:1. El comprobador de saltos SPG 1000 se caracteriza por un funcionamiento sencillo y preciso y es el \u00fanico dispositivo del mercado que mide el comportamiento de los reba\u00f1os a 40 kV en condiciones reales. Es ideal para una inspecci\u00f3n fiable de la entrada de mercanc\u00edas de los reba\u00f1os y detecta el comportamiento anormal de los saltos bajo la influencia de la alta tensi\u00f3n.<\/p>\n<p>&nbsp;<\/p>\n<h4>Datos t\u00e9cnicos:<\/h4>\n<ul>\n<li>Alta tensi\u00f3n: 40 kV, m\u00e1x. aprox. 45 kV<\/li>\n<li>Corriente de cortocircuito: &lt; 0,7 mA<\/li>\n<li>Potencia el\u00e9ctrica: aprox. 50 VA<\/li>\n<li>Voltaje: disponible en 110 V (EEUU) y 230 V (UE), 50\/60 Hz<\/li>\n<\/ul>\n<h4>Equipo b\u00e1sico:<\/h4>\n<ul>\n<li>Carcasa con electrostato incorporado<\/li>\n<li>Cilindro de plexigl\u00e1s de 2 piezas con tapa<\/li>\n<li>Cable de alimentaci\u00f3n (disponible en EE.UU. 110 V y UE 230 V)<\/li>\n<li>Plato de muestra de floca con conexi\u00f3n a tierra<\/li>\n<li>Electrostatos de alta tensi\u00f3n, ajustables de forma continua de 30 a 45 kV, con marca de calibraci\u00f3n de 40 kV<\/li>\n<li>Contador electr\u00f3nico de impulsos que mide el tiempo de despegue de la bandada al segundo<\/li>\n<li>Bot\u00f3n de control remoto para encender y apagar la alta tensi\u00f3n<\/li>\n<li>Pala de aluminio<\/li>\n<li>interruptor de encendido\/apagado<\/li>\n<li>Enchufe ficticio, conexi\u00f3n del amper\u00edmetro<\/li>\n<li>Dispositivo de cribado<\/li>\n<li>Tamiz con malla de 0,6 y 0,8 mm<\/li>\n<li>Llave de ISK M 2.7 para el cambio de pantalla<\/li>\n<li>Instrucciones de uso<\/li>\n<li>Instrucciones de desembalaje<\/li>\n<\/ul>\n<p><a href=\"https:\/\/maagflock.com\/wp-content\/uploads\/2021\/03\/SPG1000-Flyer-Maag-Flock-english.pdf\">Haga clic aqu\u00ed y vea el folleto.<\/a><\/p>","protected":false},"excerpt":{"rendered":"<p>El SPG 1000 se utiliza para evaluar el comportamiento de salto y la capacidad de disoluci\u00f3n de las fibras de floca bajo la influencia de la tensi\u00f3n y simula as\u00ed las condiciones reales de trabajo.<\/p>","protected":false},"featured_media":4555,"template":"","meta":[],"product_cat":[118,130],"product_tag":[],"_links":{"self":[{"href":"https:\/\/maagflock.com\/es\/wp-json\/wp\/v2\/product\/1507"}],"collection":[{"href":"https:\/\/maagflock.com\/es\/wp-json\/wp\/v2\/product"}],"about":[{"href":"https:\/\/maagflock.com\/es\/wp-json\/wp\/v2\/types\/product"}],"wp:featuredmedia":[{"embeddable":true,"href":"https:\/\/maagflock.com\/es\/wp-json\/wp\/v2\/media\/4555"}],"wp:attachment":[{"href":"https:\/\/maagflock.com\/es\/wp-json\/wp\/v2\/media?parent=1507"}],"wp:term":[{"taxonomy":"product_cat","embeddable":true,"href":"https:\/\/maagflock.com\/es\/wp-json\/wp\/v2\/product_cat?post=1507"},{"taxonomy":"product_tag","embeddable":true,"href":"https:\/\/maagflock.com\/es\/wp-json\/wp\/v2\/product_tag?post=1507"}],"curies":[{"name":"wp","href":"https:\/\/api.w.org\/{rel}","templated":true}]}}