{"id":1749,"date":"2021-02-21T23:08:45","date_gmt":"2021-02-21T22:08:45","guid":{"rendered":"https:\/\/maagflock.com\/?post_type=product&#038;p=1749"},"modified":"2021-10-25T13:38:10","modified_gmt":"2021-10-25T11:38:10","slug":"kabinenflockgeraet-kfg","status":"publish","type":"product","link":"https:\/\/maagflock.com\/es\/producto\/kfg-800-dispositivo-de-flocado-de-cabina\/","title":{"rendered":"Floculador de cabina KFG"},"content":{"rendered":"<p><strong>Floculador de cabina KFG<\/strong><\/p>\n<p>La unidad de flocado de la cabina KFG funciona de forma puramente electrost\u00e1tica y da lugar a una superficie de flocado muy densa y uniforme gracias al flocado ascendente. La cabina es adecuada para el flocado de piezas tridimensionales.<br \/>\nEl material de flocado se aplica al suelo de la cabina conectado a tierra y se transporta hacia arriba conectando la alta tensi\u00f3n y se integra en la superficie provista de adhesivo. Este proceso de flocado hace que la KFG sea adecuada para el flocado m\u00f3vil y r\u00e1pido. La KFG se distingue especialmente por su capacidad para reba\u00f1ar piezas con forma y puede personalizarse y ampliarse para satisfacer sus necesidades.<\/p>\n<p>Para permitir un trabajo ergon\u00f3mico y eficiente con el KFG, el <span style=\"color: #000000;\"><a style=\"color: #000000;\" href=\"https:\/\/maagflock.com\/es\/producto\/flocktisch\/\">Tabla de reba\u00f1os FT<\/a><\/span> desarrollado. Gracias a sus dimensiones, ofrece un espacio de trabajo \u00f3ptimo para el flocado. Adem\u00e1s de las ventajas ergon\u00f3micas debidas a la extensi\u00f3n de la KFG, el dise\u00f1o de la cabina gracias a su puerta corredera permite limpiar y mantener la m\u00e1quina f\u00e1cilmente.<\/p>\n<p>La combinaci\u00f3n del escarificador manual <a href=\"https:\/\/maagflock.com\/es\/producto\/hek-200-80-dispositivo-de-flocado-manual-electrostatico\/\"><span style=\"color: #000000;\">HEK<\/span><\/a> y el dispositivo de flocado de cabina KFG ofrece un dispositivo de flocado de aplicaci\u00f3n universal.<\/p>\n<h4>Datos t\u00e9cnicos:<\/h4>\n<p>Tensi\u00f3n de red 85 - 265 V, 50\/60 Hz.<br \/>\nm\u00e1x. 300\u00b5A, m\u00e1x. 90 W<br \/>\nAlta tensi\u00f3n ajustable de forma continua de 0 a 80 kV<\/p>\n<p>Cabina<\/p>\n<ul>\n<li style=\"font-weight: 400;\" aria-level=\"1\"><span style=\"font-weight: 400;\">Anchura: 800 mm<\/span><\/li>\n<li style=\"font-weight: 400;\" aria-level=\"1\"><span style=\"font-weight: 400;\">Altura: 800 mm<\/span><\/li>\n<li style=\"font-weight: 400;\" aria-level=\"1\"><span style=\"font-weight: 400;\">Profundidad: 800 mm<\/span><\/li>\n<li style=\"font-weight: 400;\" aria-level=\"1\"><span style=\"font-weight: 400;\">Apertura de trabajo 400 x 230 mm con puerta corredera<\/span><\/li>\n<\/ul>\n<p>Unidad base:<\/p>\n<ul>\n<li style=\"font-weight: 400;\" aria-level=\"1\"><span style=\"font-weight: 400;\">Profundidad: 360 mm<\/span><\/li>\n<li style=\"font-weight: 400;\" aria-level=\"1\"><span style=\"font-weight: 400;\">Altura: 130 mm<\/span><\/li>\n<li style=\"font-weight: 400;\" aria-level=\"1\"><span style=\"font-weight: 400;\">Anchura: 260 mm<\/span><\/li>\n<\/ul>\n<h4>Alcance de la entrega:<\/h4>\n<ul>\n<li>Cabina<\/li>\n<li>HEK 280, ajustable de forma continua de 0 a 80 kV, controlable por cable de alta tensi\u00f3n, interruptor de pie o interruptor externo<\/li>\n<li>Control del suelo<\/li>\n<li>Visualizaci\u00f3n digital de los valores de kV y \u00b5A<\/li>\n<li>Preselecci\u00f3n del caudal m\u00e1ximo de corriente<\/li>\n<\/ul>\n<p><a href=\"https:\/\/maagflock.com\/wp-content\/uploads\/2021\/03\/KFG800-Flyer-Maag-Flock-english.pdf\">Haga clic aqu\u00ed y vea el folleto.<\/a><\/p>","protected":false},"excerpt":{"rendered":"<p>La amplia cabina de flocado ofrece el entorno de trabajo ideal para el uso de dispositivos de flocado manual. La KFG es especialmente adecuada para el flocado de piezas moldeadas. Obtenga m\u00e1s informaci\u00f3n ahora.<\/p>","protected":false},"featured_media":4583,"template":"","meta":[],"product_cat":[118,126],"product_tag":[],"_links":{"self":[{"href":"https:\/\/maagflock.com\/es\/wp-json\/wp\/v2\/product\/1749"}],"collection":[{"href":"https:\/\/maagflock.com\/es\/wp-json\/wp\/v2\/product"}],"about":[{"href":"https:\/\/maagflock.com\/es\/wp-json\/wp\/v2\/types\/product"}],"wp:featuredmedia":[{"embeddable":true,"href":"https:\/\/maagflock.com\/es\/wp-json\/wp\/v2\/media\/4583"}],"wp:attachment":[{"href":"https:\/\/maagflock.com\/es\/wp-json\/wp\/v2\/media?parent=1749"}],"wp:term":[{"taxonomy":"product_cat","embeddable":true,"href":"https:\/\/maagflock.com\/es\/wp-json\/wp\/v2\/product_cat?post=1749"},{"taxonomy":"product_tag","embeddable":true,"href":"https:\/\/maagflock.com\/es\/wp-json\/wp\/v2\/product_tag?post=1749"}],"curies":[{"name":"wp","href":"https:\/\/api.w.org\/{rel}","templated":true}]}}