{"id":2015,"date":"2020-12-20T20:14:11","date_gmt":"2020-12-20T19:14:11","guid":{"rendered":"https:\/\/maagflock.com\/?post_type=product&#038;p=2015"},"modified":"2021-12-08T14:22:08","modified_gmt":"2021-12-08T13:22:08","slug":"leitfaehigkeitsmessgeraet-dmb-15","status":"publish","type":"product","link":"https:\/\/maagflock.com\/es\/producto\/dmb-15-medidor-de-conductividad\/","title":{"rendered":"Conductiv\u00edmetro DMB 15"},"content":{"rendered":"<p><strong>Conductiv\u00edmetro DMB 15<\/strong><\/p>\n<p>Para garantizar un flocado electrost\u00e1tico ideal, deben garantizarse determinados rangos de medici\u00f3n de la conductividad de los materiales utilizados, por lo que son indispensables en la tecnolog\u00eda de flocado.<\/p>\n<p>Para el flocado, adem\u00e1s de los rangos normales de medici\u00f3n logar\u00edtmica, el DMB 15 tambi\u00e9n domina una medici\u00f3n de resistencia seg\u00fan la norma DIN 54 345 para la medici\u00f3n del flocado. El medidor de conductividad DMB 15 ofrece una medici\u00f3n fiable de la humedad de los textiles, as\u00ed como de la conductividad de los reba\u00f1os. Gracias a la gran pantalla t\u00e1ctil con visualizaci\u00f3n en color y al funcionamiento con bater\u00eda variable, la DMB 15 ofrece un alto grado de movilidad y comodidad para un trabajo r\u00e1pido y flexible. El usuario selecciona entre los tipos de fibra y su mezcla a trav\u00e9s de la pantalla t\u00e1ctil. Los valores medidos pueden almacenarse en bases de datos separadas y, por tanto, diferenciarse en distintas categor\u00edas (por ejemplo, tipos de tejido).<\/p>\n<p>El DMB 15 ofrece otra conexi\u00f3n para conectar la unidad al PC mediante un cable USB y leer los valores medidos almacenados con transporte de datos CSV. La pantalla para la medici\u00f3n de la bandada est\u00e1 en las divisiones habituales de la escala y puede cambiarse a la visualizaci\u00f3n directa de los ohmios. La bater\u00eda recargable con autodesconexi\u00f3n autom\u00e1tica tiene un tiempo de funcionamiento de hasta cinco horas; adem\u00e1s, el conductiv\u00edmetro tambi\u00e9n puede utilizarse para realizar mediciones de larga duraci\u00f3n en funcionamiento de red. Gracias a la carcasa con parachoques, la DMB 15 tambi\u00e9n es perfecta para su uso en exteriores, y la correa de transporte completa la comodidad y la seguridad.<\/p>\n<p>Adem\u00e1s del electrodo de anillo, la conductividad de la borra puede medirse tambi\u00e9n con un electrodo de superficie. El electrodo de una aguja ofrece adem\u00e1s la posibilidad de medir la resistencia de tierra en el sustrato. La conductividad del material base puede determinarse con el electrodo de dos agujas durante la medici\u00f3n de la flotaci\u00f3n.<\/p>\n<p>&nbsp;<\/p>\n<h4>Datos t\u00e9cnicos:<\/h4>\n<ul>\n<li>Alimentaci\u00f3n (V): 120 \/ 240 VAC<\/li>\n<li>Fuente de alimentaci\u00f3n bater\u00eda AA NiMh: 4 x 1,5 V<\/li>\n<li>Tiempo de funcionamiento de la bater\u00eda: \u00b35h<\/li>\n<li>Funci\u00f3n de desconexi\u00f3n autom\u00e1tica, m\u00ednimo: 10 s<\/li>\n<li>Peso: 6,20 kg netos, 8,00 kg brutos con accesorios y malet\u00edn de pl\u00e1stico<\/li>\n<li>Dimensiones: 51 x 41 x 27 mm<\/li>\n<\/ul>\n<h4>Equipo b\u00e1sico:<\/h4>\n<ul>\n<li>Dispositivo b\u00e1sico<\/li>\n<li>Funda de parachoques como cubierta protectora<\/li>\n<li>Cable de conexi\u00f3n<\/li>\n<li>Caja de pl\u00e1stico<\/li>\n<li>Electrodo de fijaci\u00f3n para medir la conductividad de la floculaci\u00f3n<\/li>\n<li>Electrodo de dos agujas para medir la conductividad del adhesivo<\/li>\n<li>Electrodo de una sola aguja<\/li>\n<li>Terminal de tierra con cable<\/li>\n<li>Instrucciones de uso<\/li>\n<\/ul>\n<h4>Garant\u00eda: 2 a\u00f1os<\/h4>\n<p><a href=\"https:\/\/maagflock.com\/wp-content\/uploads\/2021\/03\/DMB15-Flyer-Maag-Flock-english.pdf\">Haga clic aqu\u00ed y vea el folleto.<\/a><\/p>","protected":false},"excerpt":{"rendered":"<p>El conductiv\u00edmetro DMB 15 comprueba los rangos de medici\u00f3n de la conductividad de los materiales que se van a flocar para garantizar un flocado electrost\u00e1tico ideal. El DMB 15 es peque\u00f1o, ligero y port\u00e1til, lo que lo hace vers\u00e1til.<\/p>","protected":false},"featured_media":4582,"template":"","meta":[],"product_cat":[118,130],"product_tag":[],"_links":{"self":[{"href":"https:\/\/maagflock.com\/es\/wp-json\/wp\/v2\/product\/2015"}],"collection":[{"href":"https:\/\/maagflock.com\/es\/wp-json\/wp\/v2\/product"}],"about":[{"href":"https:\/\/maagflock.com\/es\/wp-json\/wp\/v2\/types\/product"}],"wp:featuredmedia":[{"embeddable":true,"href":"https:\/\/maagflock.com\/es\/wp-json\/wp\/v2\/media\/4582"}],"wp:attachment":[{"href":"https:\/\/maagflock.com\/es\/wp-json\/wp\/v2\/media?parent=2015"}],"wp:term":[{"taxonomy":"product_cat","embeddable":true,"href":"https:\/\/maagflock.com\/es\/wp-json\/wp\/v2\/product_cat?post=2015"},{"taxonomy":"product_tag","embeddable":true,"href":"https:\/\/maagflock.com\/es\/wp-json\/wp\/v2\/product_tag?post=2015"}],"curies":[{"name":"wp","href":"https:\/\/api.w.org\/{rel}","templated":true}]}}