{"id":2019,"date":"2021-03-05T13:23:28","date_gmt":"2021-03-05T12:23:28","guid":{"rendered":"https:\/\/maagflock.com\/?post_type=product&#038;p=2019"},"modified":"2021-12-08T15:32:52","modified_gmt":"2021-12-08T14:32:52","slug":"motorbetriebener-ausreisspruefstand-mt-501","status":"publish","type":"product","link":"https:\/\/maagflock.com\/es\/producto\/mt-501-soporte-de-expulsion-motorizado\/","title":{"rendered":"Banco de pruebas extra\u00edble motorizado MT 501"},"content":{"rendered":"<p><strong>Banco de pruebas extra\u00edble motorizado MT 501<\/strong><\/p>\n<p>El banco de pruebas extra\u00edble motorizado MT 501 es un banco de pruebas el\u00e9ctrico de una sola columna con accionamiento por husillo de bolas y una capacidad de 1000 Newton.<br \/>\nEl MT-501 es un instrumento b\u00e1sico para realizar pruebas precisas y reproducibles de la adherencia del flocado en una amplia variedad de productos y es en gran medida independiente de la forma, el tama\u00f1o y la rigidez del producto.<\/p>\n<p>La prueba de arranque comprueba la adhesi\u00f3n del flock en el adhesivo, as\u00ed como la adhesi\u00f3n del adhesivo al sustrato. Adem\u00e1s, se realiza la prueba del efecto de la fuerza de adhesi\u00f3n del sustrato.<\/p>\n<p>En combinaci\u00f3n con un medidor de fuerza o una c\u00e9lula de carga MECMESIN, con los dispositivos y accesorios adecuados, el MT 501 es adecuado como banco de pruebas y est\u00e1 sujeto a la garant\u00eda de calidad en cumplimiento de los requisitos de compatibilidad electromagn\u00e9tica de la UE.<\/p>\n<p>El comprobador de arranque ofrece un m\u00e9todo de prueba fiable para garantizar la calidad. El control de velocidad regulable individualmente y el ajuste de la velocidad mediante el mando giratorio garantizan un trabajo f\u00e1cil y c\u00f3modo. Gracias a las mediciones de MT 501, se puede implementar la precisi\u00f3n y la reproducibilidad de los productos utilizados. Los datos pueden leerse con precisi\u00f3n mediante la conexi\u00f3n para la unidad de visualizaci\u00f3n AFG.<\/p>\n<p>La pistola de cola caliente MT 501, con estaci\u00f3n de trabajo integrada, ofrece un trabajo preciso a la hora de introducir la cola en los moldes.<\/p>\n<p>&nbsp;<\/p>\n<p><strong>Datos t\u00e9cnicos:<\/strong><\/p>\n<ul>\n<li>Alimentaci\u00f3n (V): 110, 50 Hz (US) y 230 V, 60 Hz (EU)<\/li>\n<li>Consumo de energ\u00eda: 60 vatios<\/li>\n<li>Dimensiones: 320 mm x 950 mm x 420 mm<\/li>\n<li>Peso: 18 kg<\/li>\n<li>Carrera de la cruceta: 290 mm<\/li>\n<li>Altura libre m\u00e1xima: 440 mm<\/li>\n<li>Max. Recorrido 330 mm<\/li>\n<\/ul>\n<p><strong>Equipo b\u00e1sico:<\/strong><\/p>\n<ul>\n<li>Banco de pruebas de extracci\u00f3n: dise\u00f1o de una sola columna con dispositivo de sujeci\u00f3n r\u00e1pida de la muestra y placa base ajustable<\/li>\n<li>Dispositivo de medici\u00f3n digital para medir con precisi\u00f3n la fuerza de tracci\u00f3n: con adaptador al dispositivo de sujeci\u00f3n<\/li>\n<li>Pistola de cola caliente para llenar los moldes de vertido, con pantalla LCD, termostato y boquilla de aguja, con soporte de almacenamiento, regulador de presi\u00f3n y man\u00f3metro<\/li>\n<li>Dispositivo de sujeci\u00f3n para la preparaci\u00f3n de muestras para dos espec\u00edmenes<\/li>\n<li>10 moldes de fundici\u00f3n con un di\u00e1metro de 10 mm para la producci\u00f3n de muestras<\/li>\n<li>1 kg de adhesivo termofusible<\/li>\n<\/ul>\n<p><a href=\"https:\/\/maagflock.com\/wp-content\/uploads\/2021\/03\/MT-501-Flyer-Maag-Flock-english.pdf\">Haga clic aqu\u00ed y vea el folleto.<\/a><\/p>","protected":false},"excerpt":{"rendered":"<p>El banco de pruebas extra\u00edble MT 501, accionado por motor, es un banco de pruebas el\u00e9ctrico de una sola columna para realizar mediciones precisas y reproducibles de una gran variedad de grupos de productos. La capacidad de ensayo est\u00e1 sujeta a la garant\u00eda de calidad de acuerdo con los requisitos de la UE en materia de compatibilidad electromagn\u00e9tica.<\/p>","protected":false},"featured_media":4577,"template":"","meta":[],"product_cat":[118,130],"product_tag":[],"_links":{"self":[{"href":"https:\/\/maagflock.com\/es\/wp-json\/wp\/v2\/product\/2019"}],"collection":[{"href":"https:\/\/maagflock.com\/es\/wp-json\/wp\/v2\/product"}],"about":[{"href":"https:\/\/maagflock.com\/es\/wp-json\/wp\/v2\/types\/product"}],"wp:featuredmedia":[{"embeddable":true,"href":"https:\/\/maagflock.com\/es\/wp-json\/wp\/v2\/media\/4577"}],"wp:attachment":[{"href":"https:\/\/maagflock.com\/es\/wp-json\/wp\/v2\/media?parent=2019"}],"wp:term":[{"taxonomy":"product_cat","embeddable":true,"href":"https:\/\/maagflock.com\/es\/wp-json\/wp\/v2\/product_cat?post=2019"},{"taxonomy":"product_tag","embeddable":true,"href":"https:\/\/maagflock.com\/es\/wp-json\/wp\/v2\/product_tag?post=2019"}],"curies":[{"name":"wp","href":"https:\/\/api.w.org\/{rel}","templated":true}]}}