{"id":2230,"date":"2020-12-21T15:31:42","date_gmt":"2020-12-21T14:31:42","guid":{"rendered":"https:\/\/maagflock.com\/?post_type=product&#038;p=2230"},"modified":"2021-12-08T14:22:57","modified_gmt":"2021-12-08T13:22:57","slug":"abriebpruefgeraet-apg-1003","status":"publish","type":"product","link":"https:\/\/maagflock.com\/es\/producto\/probador-de-abrasion-apg-1003\/","title":{"rendered":"Probador de abrasi\u00f3n APG 1003"},"content":{"rendered":"<p><strong>Probador de abrasi\u00f3n APG 1003<\/strong><\/p>\n<p>El comprobador de abrasi\u00f3n APG 1003 se utiliza para evaluar la calidad de los productos flocados. La velocidad, as\u00ed como el n\u00famero y la longitud de los golpes, son ajustables individualmente. Adem\u00e1s, la APG 1003 es adecuada para comprobar la resistencia a la abrasi\u00f3n de las superficies de cuero y pl\u00e1stico lacado.<\/p>\n<p>La intensidad de la abrasi\u00f3n de una muestra se determina mediante una prueba de abrasi\u00f3n. La abrasi\u00f3n se produce por la presi\u00f3n del cincel de prueba y el movimiento lateral sobre la muestra. Para ello, la muestra a ensayar se fija en el carro elevador y la broca de ensayo se presiona sobre la muestra mediante un peso diferencial definido. Maag Flock ofrece una amplia gama de picos de prueba, desde picos de prueba est\u00e1ndar hasta picos de prueba especiales estandarizados e individuales.<\/p>\n<p>Con dispositivos especiales adicionales, los ensayos de abrasi\u00f3n se pueden realizar seg\u00fan su especificaci\u00f3n; en consecuencia, la APG 1003 debe ser convertida. Las siguientes pruebas ya est\u00e1n integradas en los dispositivos adicionales:<\/p>\n<ul>\n<li>Pruebas de capa de rodadura<\/li>\n<li>Pruebas de ara\u00f1azos seg\u00fan la norma Din-ISO-EN 105\u00d712<\/li>\n<\/ul>\n<p>&nbsp;<\/p>\n<p><strong>Datos t\u00e9cnicos:<\/strong><\/p>\n<ul>\n<li>Fuente de alimentaci\u00f3n, paquete de energ\u00eda: 230 V, 50 Hz<\/li>\n<li>Dimensiones: 357 x 357 x280 mm<\/li>\n<li>Peso: 30 kg<\/li>\n<\/ul>\n<p><strong>Equipo b\u00e1sico:<\/strong><\/p>\n<ul>\n<li>Dispositivo b\u00e1sico<\/li>\n<li>Carro elevador montado<\/li>\n<li>Liberaci\u00f3n r\u00e1pida<\/li>\n<li>Cable de alimentaci\u00f3n<\/li>\n<li>Llave hexagonal con mango en cruz<\/li>\n<\/ul>\n<p><strong>Accesorios:<\/strong><\/p>\n<ul>\n<li>Transformador: transformador de reactancia 110\/220 V, 750 VA<\/li>\n<li>Versi\u00f3n de exportaci\u00f3n seg\u00fan UL, incluida la toma de corriente m\u00faltiple<\/li>\n<\/ul>\n<p><a href=\"https:\/\/maagflock.com\/wp-content\/uploads\/2021\/03\/APG1003-Flyer-Maag-Flock-english.pdf\"><em>Haga clic aqu\u00ed y vea el folleto.<\/em><\/a><\/p>","protected":false},"excerpt":{"rendered":"<p>El comprobador de abrasi\u00f3n APG 1003 se utiliza para evaluar la calidad de los objetos flocados.<\/p>","protected":false},"featured_media":4591,"template":"","meta":[],"product_cat":[118,130],"product_tag":[],"_links":{"self":[{"href":"https:\/\/maagflock.com\/es\/wp-json\/wp\/v2\/product\/2230"}],"collection":[{"href":"https:\/\/maagflock.com\/es\/wp-json\/wp\/v2\/product"}],"about":[{"href":"https:\/\/maagflock.com\/es\/wp-json\/wp\/v2\/types\/product"}],"wp:featuredmedia":[{"embeddable":true,"href":"https:\/\/maagflock.com\/es\/wp-json\/wp\/v2\/media\/4591"}],"wp:attachment":[{"href":"https:\/\/maagflock.com\/es\/wp-json\/wp\/v2\/media?parent=2230"}],"wp:term":[{"taxonomy":"product_cat","embeddable":true,"href":"https:\/\/maagflock.com\/es\/wp-json\/wp\/v2\/product_cat?post=2230"},{"taxonomy":"product_tag","embeddable":true,"href":"https:\/\/maagflock.com\/es\/wp-json\/wp\/v2\/product_tag?post=2230"}],"curies":[{"name":"wp","href":"https:\/\/api.w.org\/{rel}","templated":true}]}}