{"id":2235,"date":"2020-12-24T15:35:01","date_gmt":"2020-12-24T14:35:01","guid":{"rendered":"https:\/\/maagflock.com\/?post_type=product&#038;p=2235"},"modified":"2021-12-08T15:28:52","modified_gmt":"2021-12-08T14:28:52","slug":"abriebpruefgeraet-apg-1004","status":"publish","type":"product","link":"https:\/\/maagflock.com\/es\/producto\/probador-de-abrasion-apg-1004\/","title":{"rendered":"Probador de abrasi\u00f3n APG 1004"},"content":{"rendered":"<p><strong>Probador de abrasi\u00f3n APG 1004<\/strong><\/p>\n<p>El dise\u00f1o especial de la APG ofrece una ventaja de tiempo para las pruebas continuas. Se pueden probar hasta cuatro elementos de prueba en paralelo, lo que optimiza la secuencia para los ciclos de prueba largos.<\/p>\n<p>El APG se utiliza b\u00e1sicamente para evaluar la calidad de los productos flocados. La velocidad, as\u00ed como el n\u00famero y la longitud de los golpes, son ajustables individualmente. El APG 1004 tambi\u00e9n es adecuado para comprobar la resistencia a la abrasi\u00f3n de las superficies de cuero y pl\u00e1stico lacado.<\/p>\n<p>La intensidad de la abrasi\u00f3n de una muestra se determina mediante una prueba de abrasi\u00f3n. La abrasi\u00f3n se produce por la presi\u00f3n del cincel de prueba y el movimiento lateral sobre la muestra. Para ello, la muestra a ensayar se fija en el carro elevador y la broca de ensayo se presiona sobre la muestra mediante un peso diferencial definido.<\/p>\n<p>Maag Flock ofrece una amplia gama de puntas de prueba, desde puntas de prueba est\u00e1ndar hasta puntas de prueba especiales estandarizadas e individuales.<\/p>\n<p>Con dispositivos especiales adicionales, los ensayos de abrasi\u00f3n se pueden llevar a cabo de acuerdo con su especificaci\u00f3n, en consecuencia, el probador de abrasi\u00f3n APG 1004 debe ser convertido. Las siguientes pruebas ya est\u00e1n integradas en los dispositivos adicionales:<\/p>\n<ul>\n<li>Pruebas de capa de rodadura<\/li>\n<li>Pruebas de ara\u00f1azos seg\u00fan la norma Din-ISO-EN 105\u00d712<\/li>\n<\/ul>\n<p>&nbsp;<\/p>\n<p><strong>Datos t\u00e9cnicos:<\/strong><\/p>\n<ul>\n<li>Alimentaci\u00f3n, adaptador de red: 220 \/ 230 V, 50 Hz<\/li>\n<li>Dimensiones: 580 x 330 x 280 mm<\/li>\n<li>Peso: 30 kg<\/li>\n<\/ul>\n<p><strong>Equipo b\u00e1sico:<\/strong><\/p>\n<ul>\n<li>Dispositivo b\u00e1sico<\/li>\n<li>Carro elevador montado<\/li>\n<li>Liberaci\u00f3n r\u00e1pida<\/li>\n<li>Cable de alimentaci\u00f3n<\/li>\n<li>Llave hexagonal con mango en cruz<\/li>\n<li>Sujeciones: Para la fijaci\u00f3n de la muestra flocada se dispone de sujeciones de diferentes anchos.<\/li>\n<li>Pesos adicionales: 500 g, 759 g, 1000 g, 1500 g, 2000 g<\/li>\n<\/ul>\n<p>Se pueden solicitar pesos individuales.<\/p>\n<p><a href=\"https:\/\/maagflock.com\/wp-content\/uploads\/2021\/03\/APG1004-Flyer-Maag-Flock-english.pdf\">Haga clic aqu\u00ed y vea el folleto.<\/a><\/p>","protected":false},"excerpt":{"rendered":"<p>El comprobador de abrasi\u00f3n APG 1004, como dise\u00f1o especial, ofrece una ventaja de tiempo para las pruebas continuas. Se pueden ensayar hasta cuatro probetas en paralelo, lo que optimiza la secuencia de los ciclos de ensayo largos.<\/p>","protected":false},"featured_media":4587,"template":"","meta":[],"product_cat":[118,130],"product_tag":[],"_links":{"self":[{"href":"https:\/\/maagflock.com\/es\/wp-json\/wp\/v2\/product\/2235"}],"collection":[{"href":"https:\/\/maagflock.com\/es\/wp-json\/wp\/v2\/product"}],"about":[{"href":"https:\/\/maagflock.com\/es\/wp-json\/wp\/v2\/types\/product"}],"wp:featuredmedia":[{"embeddable":true,"href":"https:\/\/maagflock.com\/es\/wp-json\/wp\/v2\/media\/4587"}],"wp:attachment":[{"href":"https:\/\/maagflock.com\/es\/wp-json\/wp\/v2\/media?parent=2235"}],"wp:term":[{"taxonomy":"product_cat","embeddable":true,"href":"https:\/\/maagflock.com\/es\/wp-json\/wp\/v2\/product_cat?post=2235"},{"taxonomy":"product_tag","embeddable":true,"href":"https:\/\/maagflock.com\/es\/wp-json\/wp\/v2\/product_tag?post=2235"}],"curies":[{"name":"wp","href":"https:\/\/api.w.org\/{rel}","templated":true}]}}