{"id":2373,"date":"2021-02-20T14:15:21","date_gmt":"2021-02-20T13:15:21","guid":{"rendered":"https:\/\/maagflock.com\/?post_type=product&#038;p=2373"},"modified":"2021-10-25T15:11:47","modified_gmt":"2021-10-25T13:11:47","slug":"t-shirt-cleaner-tsc","status":"publish","type":"product","link":"https:\/\/maagflock.com\/es\/producto\/t-shirt-cleaner-ts-c\/","title":{"rendered":"Limpiador de camisetas TSC"},"content":{"rendered":"<p><strong>Limpiador de camisetas TSC<\/strong><\/p>\n<p>El limpiador de camisetas TSC es un dispositivo de limpieza sostenible para textiles, basado en el mecanismo de acumulaci\u00f3n y reciclaje de la borra residual. Con el limpiador de camisetas, las camisetas y otros tejidos pueden limpiarse de forma r\u00e1pida y fiable despu\u00e9s del proceso de flocado. El avance autom\u00e1tico permite un trabajo c\u00f3modo y eficaz durante la limpieza.<br \/>\nLa bolsa filtrante sirve para acumular las part\u00edculas en la corriente de aire. Para extraer la borra residual, se inserta el textil correspondiente en la abertura de alimentaci\u00f3n del TSC y se sujeta con las manos.<br \/>\nEl flujo de aire en la c\u00e1mara de aspiraci\u00f3n hace que el textil se agite y la borra residual no adherida se sacude y se recicla en la bolsa de recogida.<br \/>\nLos cepillos rascadores permiten, como tira de cepillos integrada, un raspado adicional del textil para eliminar el flocado residual.<\/p>\n<h4>TSC 700<\/h4>\n<ul>\n<li>peso (kg): 220 kg<\/li>\n<li>Dimensiones: 1310 x 770 x 1620 mm<\/li>\n<li>Conexi\u00f3n a la red: 200\/400 V, 50\/60 Hz,<\/li>\n<li>Consumo de energ\u00eda: 2,3\/3,0 kW<\/li>\n<li>circuito trif\u00e1sico opcional o circuito en tri\u00e1ngulo<\/li>\n<li>Emisi\u00f3n de ruido durante el funcionamiento: aprox. 79,6 db(A)<\/li>\n<\/ul>\n<h4>TSC 1000<\/h4>\n<ul>\n<li>peso (kg): 220 kg<\/li>\n<li>Dimensiones: 1310 x 1000 x 1620 mm<\/li>\n<li>Conexi\u00f3n a la red: 200\/400 V, 50\/60 Hz,<\/li>\n<li>Consumo de energ\u00eda: 2,3\/3,0 kW<\/li>\n<li>circuito trif\u00e1sico opcional o circuito en tri\u00e1ngulo<\/li>\n<li>Emisi\u00f3n de ruido durante el funcionamiento: aprox. 79,6 db(A)<\/li>\n<\/ul>","protected":false},"excerpt":{"rendered":"<p>El limpiador de camisetas TSC se utiliza para la limpieza de textiles, como las camisetas, despu\u00e9s del flocado, para aspirar y recoger expl\u00edcitamente el flocado residual.<\/p>","protected":false},"featured_media":4559,"template":"","meta":[],"product_cat":[118,127,129],"product_tag":[],"_links":{"self":[{"href":"https:\/\/maagflock.com\/es\/wp-json\/wp\/v2\/product\/2373"}],"collection":[{"href":"https:\/\/maagflock.com\/es\/wp-json\/wp\/v2\/product"}],"about":[{"href":"https:\/\/maagflock.com\/es\/wp-json\/wp\/v2\/types\/product"}],"wp:featuredmedia":[{"embeddable":true,"href":"https:\/\/maagflock.com\/es\/wp-json\/wp\/v2\/media\/4559"}],"wp:attachment":[{"href":"https:\/\/maagflock.com\/es\/wp-json\/wp\/v2\/media?parent=2373"}],"wp:term":[{"taxonomy":"product_cat","embeddable":true,"href":"https:\/\/maagflock.com\/es\/wp-json\/wp\/v2\/product_cat?post=2373"},{"taxonomy":"product_tag","embeddable":true,"href":"https:\/\/maagflock.com\/es\/wp-json\/wp\/v2\/product_tag?post=2373"}],"curies":[{"name":"wp","href":"https:\/\/api.w.org\/{rel}","templated":true}]}}