{"id":3878,"date":"2021-10-06T14:58:52","date_gmt":"2021-10-06T12:58:52","guid":{"rendered":"https:\/\/maagflock.com\/?post_type=product&#038;p=3878"},"modified":"2021-10-28T08:01:39","modified_gmt":"2021-10-28T06:01:39","slug":"flockfiltersack-tsc","status":"publish","type":"product","link":"https:\/\/maagflock.com\/es\/producto\/flockfiltersack-tsc\/","title":{"rendered":"Bolsa filtrante TSC"},"content":{"rendered":"<p><strong>Bolsa filtrante TSC<\/strong><\/p>\n<p>La bolsa filtrante para el limpiador de camisetas TSC est\u00e1 disponible en varios tama\u00f1os y est\u00e1 fabricada con tejido filtrante NS.<\/p>\n<p>Sirve para acumular las part\u00edculas en la corriente de aire. Para extraer la borra residual, se inserta el textil correspondiente en la abertura de alimentaci\u00f3n del TSC y se sujeta con las manos.<\/p>\n<p><strong>Tama\u00f1os (di\u00e1metro):<\/strong><\/p>\n<ul>\n<li>350 mm<\/li>\n<li>1200 mm<\/li>\n<\/ul>","protected":false},"excerpt":{"rendered":"<p>La bolsa filtrante TSC flock para el limpiador de camisetas TSC est\u00e1 disponible en diferentes tama\u00f1os y est\u00e1 fabricada con tejido filtrante NS.<\/p>","protected":false},"featured_media":4561,"template":"","meta":[],"product_cat":[118,132],"product_tag":[],"_links":{"self":[{"href":"https:\/\/maagflock.com\/es\/wp-json\/wp\/v2\/product\/3878"}],"collection":[{"href":"https:\/\/maagflock.com\/es\/wp-json\/wp\/v2\/product"}],"about":[{"href":"https:\/\/maagflock.com\/es\/wp-json\/wp\/v2\/types\/product"}],"wp:featuredmedia":[{"embeddable":true,"href":"https:\/\/maagflock.com\/es\/wp-json\/wp\/v2\/media\/4561"}],"wp:attachment":[{"href":"https:\/\/maagflock.com\/es\/wp-json\/wp\/v2\/media?parent=3878"}],"wp:term":[{"taxonomy":"product_cat","embeddable":true,"href":"https:\/\/maagflock.com\/es\/wp-json\/wp\/v2\/product_cat?post=3878"},{"taxonomy":"product_tag","embeddable":true,"href":"https:\/\/maagflock.com\/es\/wp-json\/wp\/v2\/product_tag?post=3878"}],"curies":[{"name":"wp","href":"https:\/\/api.w.org\/{rel}","templated":true}]}}