{"id":3890,"date":"2021-10-06T13:54:04","date_gmt":"2021-10-06T11:54:04","guid":{"rendered":"https:\/\/maagflock.com\/?post_type=product&#038;p=3890"},"modified":"2021-11-10T13:55:32","modified_gmt":"2021-11-10T12:55:32","slug":"druckluft-luftbefeuchter","status":"publish","type":"product","link":"https:\/\/maagflock.com\/es\/producto\/druckluft-luftbefeuchter\/","title":{"rendered":"Humidificador de aire comprimido"},"content":{"rendered":"<p><strong>Humidificador de aire comprimido<\/strong><\/p>\n<p>El humidificador de aire comprimido LLF-Compact Easy 1 funciona con aire comprimido y agua a trav\u00e9s de boquillas inyectoras, por lo que el agua es aspirada y atomizada por el efecto inyector del aire comprimido. El sistema de boquillas inyectoras es ideal para los lugares de trabajo de los reba\u00f1os para conseguir unas condiciones de aire \u00f3ptimas de los mismos. Esto sirve para el control de los procesos y la garant\u00eda de calidad. El equipo b\u00e1sico incluye la unidad de flocado, las boquillas inyectoras, un higrostato, la unidad de alimentaci\u00f3n enchufable, el material de la manguera y el accesorio. Adem\u00e1s, el humidificador tiene una funci\u00f3n de autolimpieza mec\u00e1nica que evita que las boquillas del inyector se obstruyan.<\/p>\n<p>En funci\u00f3n de la aplicaci\u00f3n, se puede seleccionar el n\u00famero de boquillas.<\/p>\n<p>&nbsp;<\/p>\n<p><strong>Datos t\u00e9cnicos:<\/strong><\/p>\n<p><strong>Fuente de alimentaci\u00f3n<\/strong><br \/>\nConexi\u00f3n a la red: 230\/ 24 VAC<br \/>\n0,5-10 bar<br \/>\n7-145 psi<\/p>\n<p><strong>Dimensiones:<\/strong><br \/>\nUnidad b\u00e1sica: 30 x 30 x 21,5 mm<\/p>\n<p><strong>Peso:<\/strong><br \/>\nUnidad base: 9 kg<\/p>\n<p>&nbsp;<\/p>\n<p><strong>Equipo b\u00e1sico:<\/strong><\/p>\n<ul>\n<li>Fuente de alimentaci\u00f3n enchufable 230\/240 VAC<\/li>\n<li>Higrostato para el control y la vigilancia<\/li>\n<li>Material de la manguera<\/li>\n<li>Equipamiento<\/li>\n<\/ul>","protected":false},"excerpt":{"rendered":"<p>El humidificador de aire comprimido se utiliza para crear unas condiciones de aire \u00f3ptimas durante el flocado.<\/p>","protected":false},"featured_media":4558,"template":"","meta":[],"product_cat":[118,125],"product_tag":[],"_links":{"self":[{"href":"https:\/\/maagflock.com\/es\/wp-json\/wp\/v2\/product\/3890"}],"collection":[{"href":"https:\/\/maagflock.com\/es\/wp-json\/wp\/v2\/product"}],"about":[{"href":"https:\/\/maagflock.com\/es\/wp-json\/wp\/v2\/types\/product"}],"wp:featuredmedia":[{"embeddable":true,"href":"https:\/\/maagflock.com\/es\/wp-json\/wp\/v2\/media\/4558"}],"wp:attachment":[{"href":"https:\/\/maagflock.com\/es\/wp-json\/wp\/v2\/media?parent=3890"}],"wp:term":[{"taxonomy":"product_cat","embeddable":true,"href":"https:\/\/maagflock.com\/es\/wp-json\/wp\/v2\/product_cat?post=3890"},{"taxonomy":"product_tag","embeddable":true,"href":"https:\/\/maagflock.com\/es\/wp-json\/wp\/v2\/product_tag?post=3890"}],"curies":[{"name":"wp","href":"https:\/\/api.w.org\/{rel}","templated":true}]}}