{"id":3898,"date":"2021-10-06T15:37:40","date_gmt":"2021-10-06T13:37:40","guid":{"rendered":"https:\/\/maagflock.com\/?post_type=product&#038;p=3898"},"modified":"2021-10-25T11:02:09","modified_gmt":"2021-10-25T09:02:09","slug":"mechanischer-drehteller","status":"publish","type":"product","link":"https:\/\/maagflock.com\/es\/producto\/mechanischer-drehteller\/","title":{"rendered":"plataforma giratoria mec\u00e1nica"},"content":{"rendered":"<h3>Mesa giratoria mec\u00e1nica MDT<\/h3>\n<p>La mesa giratoria mec\u00e1nica con su hilo de marcha suave permite un flocado flexible y f\u00e1cil de los productos desde todos los lados. Su superficie galvanizada ofrece un tacto \u00f3ptimo, as\u00ed como una f\u00e1cil limpieza del plato giratorio. La mesa giratoria mec\u00e1nica se utiliza en la cabina de flocado, as\u00ed como la mesa de flocado y la cabina de pulverizaci\u00f3n para el flocado y la aplicaci\u00f3n de adhesivo.<\/p>","protected":false},"excerpt":{"rendered":"<p>Plato giratorio mec\u00e1nico para una aplicaci\u00f3n flexible y f\u00e1cil del flocado y del adhesivo.<\/p>","protected":false},"featured_media":4584,"template":"","meta":[],"product_cat":[118,125],"product_tag":[],"_links":{"self":[{"href":"https:\/\/maagflock.com\/es\/wp-json\/wp\/v2\/product\/3898"}],"collection":[{"href":"https:\/\/maagflock.com\/es\/wp-json\/wp\/v2\/product"}],"about":[{"href":"https:\/\/maagflock.com\/es\/wp-json\/wp\/v2\/types\/product"}],"wp:featuredmedia":[{"embeddable":true,"href":"https:\/\/maagflock.com\/es\/wp-json\/wp\/v2\/media\/4584"}],"wp:attachment":[{"href":"https:\/\/maagflock.com\/es\/wp-json\/wp\/v2\/media?parent=3898"}],"wp:term":[{"taxonomy":"product_cat","embeddable":true,"href":"https:\/\/maagflock.com\/es\/wp-json\/wp\/v2\/product_cat?post=3898"},{"taxonomy":"product_tag","embeddable":true,"href":"https:\/\/maagflock.com\/es\/wp-json\/wp\/v2\/product_tag?post=3898"}],"curies":[{"name":"wp","href":"https:\/\/api.w.org\/{rel}","templated":true}]}}