{"id":3903,"date":"2021-10-06T16:16:21","date_gmt":"2021-10-06T14:16:21","guid":{"rendered":"https:\/\/maagflock.com\/?post_type=product&#038;p=3903"},"modified":"2021-10-26T08:33:39","modified_gmt":"2021-10-26T06:33:39","slug":"sieb-rpg-1000","status":"publish","type":"product","link":"https:\/\/maagflock.com\/es\/producto\/sieb-rpg-1000\/","title":{"rendered":"Tamiz RPG 1000"},"content":{"rendered":"<h3>Tamiz RPG 1000<\/h3>\n<p>De acuerdo con la prueba oficial, se pueden utilizar dos cilindros de tamizado diferentes con malla de acero inoxidable para el comprobador de verosimilitud RPG 1000.<\/p>\n<ul>\n<li>Espesor de alambre de 0,5 mm \/ tama\u00f1o de malla de 0,8 mm<\/li>\n<li>Espesor de alambre de 0,4 mm \/ tama\u00f1o de malla de 0,6 mm<\/li>\n<\/ul>\n<p>Si lo desea, se pueden suministrar tamices m\u00e1s finos y m\u00e1s gruesos para otros tipos de reba\u00f1o, p\u00f3ngase en contacto con el <span style=\"color: #c00000;\"><a style=\"color: #c00000;\" href=\"https:\/\/maagflock.com\/es\/services\/\">Maag servicio<\/a><\/span> de Maag Flock GmbH.<\/p>\n<p>El RPG se utiliza para medir la fluidez de la borra, lo que permite sacar conclusiones sobre su comportamiento de dosificaci\u00f3n en la planta de producci\u00f3n.<\/p>\n<p>Los tamices se fijan a la mesa giratoria mediante pinzas magn\u00e9ticas. Esto hace que sea muy f\u00e1cil rellenar el reba\u00f1o que se va a analizar (20 g por muestra), y los tamices tambi\u00e9n se pueden cambiar f\u00e1cilmente.<\/p>","protected":false},"excerpt":{"rendered":"<p>El tamiz RPG 1000 se utiliza para comprobar la fluidez de la fibra de borreguillo que se va a probar con el comprobador de fluidez.<\/p>","protected":false},"featured_media":4625,"template":"","meta":[],"product_cat":[118,271,132],"product_tag":[],"_links":{"self":[{"href":"https:\/\/maagflock.com\/es\/wp-json\/wp\/v2\/product\/3903"}],"collection":[{"href":"https:\/\/maagflock.com\/es\/wp-json\/wp\/v2\/product"}],"about":[{"href":"https:\/\/maagflock.com\/es\/wp-json\/wp\/v2\/types\/product"}],"wp:featuredmedia":[{"embeddable":true,"href":"https:\/\/maagflock.com\/es\/wp-json\/wp\/v2\/media\/4625"}],"wp:attachment":[{"href":"https:\/\/maagflock.com\/es\/wp-json\/wp\/v2\/media?parent=3903"}],"wp:term":[{"taxonomy":"product_cat","embeddable":true,"href":"https:\/\/maagflock.com\/es\/wp-json\/wp\/v2\/product_cat?post=3903"},{"taxonomy":"product_tag","embeddable":true,"href":"https:\/\/maagflock.com\/es\/wp-json\/wp\/v2\/product_tag?post=3903"}],"curies":[{"name":"wp","href":"https:\/\/api.w.org\/{rel}","templated":true}]}}