{"id":3908,"date":"2021-10-06T14:01:59","date_gmt":"2021-10-06T12:01:59","guid":{"rendered":"https:\/\/maagflock.com\/?post_type=product&#038;p=3908"},"modified":"2021-10-25T14:38:21","modified_gmt":"2021-10-25T12:38:21","slug":"dustomat-160s","status":"publish","type":"product","link":"https:\/\/maagflock.com\/es\/producto\/dustomat-160s\/","title":{"rendered":"Dustomat 160S"},"content":{"rendered":"<p><strong>Dustomat 160S<\/strong><\/p>\n<p>El Dustomat 160 S es un equipo de aspiraci\u00f3n con una unidad de filtrado integrada para la aspiraci\u00f3n de polvo pegajoso y de fibra larga. El filtro permanente separa el polvo contenido en el aire aspirado y devuelve el aire limpio. Las part\u00edculas grandes se separan mediante boquillas de aspiraci\u00f3n para evitar que pasen al filtro.<br \/>\nLos denominados filtros policiales posteriores evitan el arrastre de zonas en caso de rotura del filtro mediante la limpieza final y la funci\u00f3n de seguridad. Esto tambi\u00e9n garantiza que no se escapen sustancias nocivas al medio ambiente.<br \/>\nLa Dustomat les ofrece las siguientes ventajas: un proceso de extracci\u00f3n fiable, facilidad de manejo, recirculaci\u00f3n de aire purificado y el innovador sistema de limpieza neum\u00e1tica Jet Pulse.<\/p>\n<p>&nbsp;<\/p>\n<p><strong>Datos t\u00e9cnicos:<\/strong><\/p>\n<p><strong>Alimentaci\u00f3n:<\/strong><\/p>\n<p>Conexi\u00f3n a la red: 400V, 50\/60Hz<br \/>\nPotencia motriz: 2,2kW\/4,0kW<\/p>\n<p><strong>Dimensiones:<\/strong><\/p>\n<p>935 x 1440 x 1460 mm<br \/>\nAnchura especial: 950 x 1630 x 1660 mm<\/p>\n<p>Peso: 260kg<\/p>\n<p>Ancho especial: 310kg<\/p>\n<p><strong>Equipo b\u00e1sico:<\/strong><\/p>\n<ul>\n<li>Unidad de aspiraci\u00f3n Dustomat 160 S<\/li>\n<li>Filtro de polvo<\/li>\n<li>Bolsa de recogida de polvo<\/li>\n<\/ul>","protected":false},"excerpt":{"rendered":"<p>El Dustomat 160 S es un equipo de aspiraci\u00f3n con una unidad de filtrado integrada para la extracci\u00f3n de polvos pegajosos y de fibra larga.<\/p>","protected":false},"featured_media":4573,"template":"","meta":[],"product_cat":[118,125],"product_tag":[],"_links":{"self":[{"href":"https:\/\/maagflock.com\/es\/wp-json\/wp\/v2\/product\/3908"}],"collection":[{"href":"https:\/\/maagflock.com\/es\/wp-json\/wp\/v2\/product"}],"about":[{"href":"https:\/\/maagflock.com\/es\/wp-json\/wp\/v2\/types\/product"}],"wp:featuredmedia":[{"embeddable":true,"href":"https:\/\/maagflock.com\/es\/wp-json\/wp\/v2\/media\/4573"}],"wp:attachment":[{"href":"https:\/\/maagflock.com\/es\/wp-json\/wp\/v2\/media?parent=3908"}],"wp:term":[{"taxonomy":"product_cat","embeddable":true,"href":"https:\/\/maagflock.com\/es\/wp-json\/wp\/v2\/product_cat?post=3908"},{"taxonomy":"product_tag","embeddable":true,"href":"https:\/\/maagflock.com\/es\/wp-json\/wp\/v2\/product_tag?post=3908"}],"curies":[{"name":"wp","href":"https:\/\/api.w.org\/{rel}","templated":true}]}}