{"id":3927,"date":"2021-10-06T11:42:54","date_gmt":"2021-10-06T09:42:54","guid":{"rendered":"https:\/\/maagflock.com\/?post_type=product&#038;p=3927"},"modified":"2021-10-25T10:33:51","modified_gmt":"2021-10-25T08:33:51","slug":"klebstoffspritzkabine","status":"publish","type":"product","link":"https:\/\/maagflock.com\/es\/producto\/klebstoffspritzkabine\/","title":{"rendered":"Cabina de pintura adhesiva"},"content":{"rendered":"<p><strong>Cabina de pintura adhesiva<\/strong><\/p>\n<p>La cabina de pulverizaci\u00f3n de adhesivo se utiliza para aplicar el adhesivo antes del flocado. Consta de una cabina, un extractor, una estera filtrante, iluminaci\u00f3n y un soporte para las pistolas de pulverizaci\u00f3n. Ofrece un \u00e1rea de trabajo ideal para la aplicaci\u00f3n de adhesivos gracias a su tama\u00f1o y dise\u00f1o ergon\u00f3micos. El extractor captura las part\u00edculas y los vapores del aire, que se extraen de la pared posterior de la cabina. Esto ayuda a la calidad de la aplicaci\u00f3n del adhesivo y a la salud del operario. La cabina de pintura adhesiva est\u00e1 disponible en diferentes tama\u00f1os y puede adaptarse a sus necesidades y circunstancias individuales.<\/p>\n<p><strong>Datos t\u00e9cnicos:<\/strong><\/p>\n<p>Alimentaci\u00f3n: Fuente de alimentaci\u00f3n: 230\/400 V, 50 Hz;<\/p>\n<p>Potencia de accionamiento: 0,75 kW, 400 V - 2 A<\/p>\n<p>Conexi\u00f3n de aire de escape: 355 mm<\/p>\n<p><strong>Dimensiones :<\/strong><\/p>\n<p>Tama\u00f1o: 1500 x 1000 x 1900 mm<br \/>\nPeso: 200 kg<\/p>\n<p><strong>Equipo b\u00e1sico:<\/strong><\/p>\n<ul>\n<li>Cabina de chapa galvanizada<\/li>\n<li>Ventilador de escape<\/li>\n<li>Caudal de aire 3.180 m3\/h<\/li>\n<li>Estera filtrante tipo CI<\/li>\n<li>Marco con clip<\/li>\n<li>Iluminaci\u00f3n, 2 x 20 vatios<\/li>\n<li>Soporte para pistola, incl. conexi\u00f3n de aire de salida 355 mm con manguito y abrazaderas<\/li>\n<\/ul>","protected":false},"excerpt":{"rendered":"<p>La cabina de pulverizaci\u00f3n de adhesivo se utiliza para aplicar el adhesivo antes del flocado.<\/p>","protected":false},"featured_media":4612,"template":"","meta":[],"product_cat":[118,124],"product_tag":[],"_links":{"self":[{"href":"https:\/\/maagflock.com\/es\/wp-json\/wp\/v2\/product\/3927"}],"collection":[{"href":"https:\/\/maagflock.com\/es\/wp-json\/wp\/v2\/product"}],"about":[{"href":"https:\/\/maagflock.com\/es\/wp-json\/wp\/v2\/types\/product"}],"wp:featuredmedia":[{"embeddable":true,"href":"https:\/\/maagflock.com\/es\/wp-json\/wp\/v2\/media\/4612"}],"wp:attachment":[{"href":"https:\/\/maagflock.com\/es\/wp-json\/wp\/v2\/media?parent=3927"}],"wp:term":[{"taxonomy":"product_cat","embeddable":true,"href":"https:\/\/maagflock.com\/es\/wp-json\/wp\/v2\/product_cat?post=3927"},{"taxonomy":"product_tag","embeddable":true,"href":"https:\/\/maagflock.com\/es\/wp-json\/wp\/v2\/product_tag?post=3927"}],"curies":[{"name":"wp","href":"https:\/\/api.w.org\/{rel}","templated":true}]}}