{"id":3929,"date":"2021-10-06T12:02:57","date_gmt":"2021-10-06T10:02:57","guid":{"rendered":"https:\/\/maagflock.com\/?post_type=product&#038;p=3929"},"modified":"2021-10-25T10:42:13","modified_gmt":"2021-10-25T08:42:13","slug":"klebstoffspritztisch","status":"publish","type":"product","link":"https:\/\/maagflock.com\/es\/producto\/klebstoffspritztisch\/","title":{"rendered":"Mesa de pulverizaci\u00f3n de adhesivos"},"content":{"rendered":"<p><strong>Mesa de pulverizaci\u00f3n de adhesivos<\/strong><\/p>\n<p>La mesa de pulverizaci\u00f3n de adhesivo se utiliza para aplicar el adhesivo antes del flocado. Gracias a su tama\u00f1o y dise\u00f1o ergon\u00f3micos, la mesa ofrece un lugar de trabajo ideal para la aplicaci\u00f3n segura de adhesivo.<\/p>\n<p>&nbsp;<\/p>\n<p><strong>Tallas:<\/strong><\/p>\n<ul>\n<li>800 mm<\/li>\n<li>1200 mm<\/li>\n<\/ul>\n<p>&nbsp;<\/p>\n<p>&nbsp;<\/p>","protected":false},"excerpt":{"rendered":"<p>Mesa de pulverizaci\u00f3n de adhesivo para una aplicaci\u00f3n ergon\u00f3mica y segura del mismo<\/p>","protected":false},"featured_media":4789,"template":"","meta":[],"product_cat":[118,124],"product_tag":[],"_links":{"self":[{"href":"https:\/\/maagflock.com\/es\/wp-json\/wp\/v2\/product\/3929"}],"collection":[{"href":"https:\/\/maagflock.com\/es\/wp-json\/wp\/v2\/product"}],"about":[{"href":"https:\/\/maagflock.com\/es\/wp-json\/wp\/v2\/types\/product"}],"wp:featuredmedia":[{"embeddable":true,"href":"https:\/\/maagflock.com\/es\/wp-json\/wp\/v2\/media\/4789"}],"wp:attachment":[{"href":"https:\/\/maagflock.com\/es\/wp-json\/wp\/v2\/media?parent=3929"}],"wp:term":[{"taxonomy":"product_cat","embeddable":true,"href":"https:\/\/maagflock.com\/es\/wp-json\/wp\/v2\/product_cat?post=3929"},{"taxonomy":"product_tag","embeddable":true,"href":"https:\/\/maagflock.com\/es\/wp-json\/wp\/v2\/product_tag?post=3929"}],"curies":[{"name":"wp","href":"https:\/\/api.w.org\/{rel}","templated":true}]}}