{"id":3931,"date":"2021-10-06T12:08:06","date_gmt":"2021-10-06T10:08:06","guid":{"rendered":"https:\/\/maagflock.com\/?post_type=product&#038;p=3931"},"modified":"2021-10-27T10:51:19","modified_gmt":"2021-10-27T08:51:19","slug":"klebstoffspritzpistole","status":"publish","type":"product","link":"https:\/\/maagflock.com\/es\/producto\/klebstoffspritzpistole\/","title":{"rendered":"Pistola adhesiva"},"content":{"rendered":"<p><strong>Pistola adhesiva<\/strong><\/p>\n<p>para la aplicaci\u00f3n del adhesivo antes del proceso de flocado. Para una aplicaci\u00f3n f\u00e1cil y precisa del disolvente o la dispersi\u00f3n. En combinaci\u00f3n con la cabina de pulverizaci\u00f3n de adhesivos, la pared de pulverizaci\u00f3n de adhesivos o la mesa de pulverizaci\u00f3n de adhesivos, la aplicaci\u00f3n de adhesivos se convierte en un proceso de trabajo ergon\u00f3mico con medidas de protecci\u00f3n.<\/p>\n<p><strong>Equipo b\u00e1sico:<\/strong><\/p>\n<ul>\n<li>con vaso de pl\u00e1stico y boquilla de chorro giratorio<\/li>\n<li>en acero VA, tama\u00f1o de la boquilla 3 mm<\/li>\n<\/ul>","protected":false},"excerpt":{"rendered":"<p>La pistola adhesiva se utiliza para la aplicaci\u00f3n f\u00e1cil y precisa del adhesivo (disolvente o dispersi\u00f3n) antes del flocado.<\/p>","protected":false},"featured_media":4609,"template":"","meta":[],"product_cat":[118,124],"product_tag":[],"_links":{"self":[{"href":"https:\/\/maagflock.com\/es\/wp-json\/wp\/v2\/product\/3931"}],"collection":[{"href":"https:\/\/maagflock.com\/es\/wp-json\/wp\/v2\/product"}],"about":[{"href":"https:\/\/maagflock.com\/es\/wp-json\/wp\/v2\/types\/product"}],"wp:featuredmedia":[{"embeddable":true,"href":"https:\/\/maagflock.com\/es\/wp-json\/wp\/v2\/media\/4609"}],"wp:attachment":[{"href":"https:\/\/maagflock.com\/es\/wp-json\/wp\/v2\/media?parent=3931"}],"wp:term":[{"taxonomy":"product_cat","embeddable":true,"href":"https:\/\/maagflock.com\/es\/wp-json\/wp\/v2\/product_cat?post=3931"},{"taxonomy":"product_tag","embeddable":true,"href":"https:\/\/maagflock.com\/es\/wp-json\/wp\/v2\/product_tag?post=3931"}],"curies":[{"name":"wp","href":"https:\/\/api.w.org\/{rel}","templated":true}]}}