{"id":3935,"date":"2021-10-06T14:30:07","date_gmt":"2021-10-06T12:30:07","guid":{"rendered":"https:\/\/maagflock.com\/?post_type=product&#038;p=3935"},"modified":"2021-10-25T14:19:12","modified_gmt":"2021-10-25T12:19:12","slug":"flachflocker","status":"publish","type":"product","link":"https:\/\/maagflock.com\/es\/producto\/flachflocker\/","title":{"rendered":"Escamas planas"},"content":{"rendered":"<p><strong>Escamas planas<\/strong><\/p>\n<p>La flocadora plana es adecuada para flocar textiles horizontales y planos. Funciona junto con el carrusel de serigraf\u00eda, por lo que el flocker plano puede funcionar en modo manual o autom\u00e1tico. En el modo manual, los procesos de flocado se inician y detienen manualmente. El modo autom\u00e1tico permite iniciar el flocado mediante impulsos el\u00e9ctricos que finalizan autom\u00e1ticamente tras un periodo de tiempo predefinido.<\/p>\n<p><strong>Modo autom\u00e1tico<\/strong><br \/>\nEl flocado automatizado se regula y se activa mediante un temporizador a trav\u00e9s de la introducci\u00f3n individual de la duraci\u00f3n del tiempo en la alta tensi\u00f3n en el inserto de pantalla de placa perforada, as\u00ed como en el movimiento del cepillo dosificador.<\/p>\n<p><b>Carrusel<\/b><strong>anexo<\/strong><br \/>\nEl sistema de carrusel desencadena el impulso el\u00e9ctrico en cuanto un portapiezas se coloca debajo del contenedor de dosificaci\u00f3n.<\/p>\n<p><strong>Interruptor de pie<\/strong><br \/>\nAl pulsar el interruptor de pie, se puede activar un impulso el\u00e9ctrico para el funcionamiento del escarificador plano y, de este modo, se puede regular el inicio y el final del flocado.<\/p>\n<p>&nbsp;<\/p>\n<p><strong>Datos t\u00e9cnicos:<\/strong><\/p>\n<p><strong>Fuente de alimentaci\u00f3n<\/strong><br \/>\nFuente de alimentaci\u00f3n: 110 \/ 230 V, 50\/60 Hz<br \/>\nSalida de alta tensi\u00f3n: hasta 80 kv continuos<br \/>\nPotencia: 1,38 kw<\/p>\n<p><strong>Dimensiones:<\/strong><br \/>\nUnidad b\u00e1sica: 630 x 1290-1450 x 1740 mm<br \/>\ncon embalaje: 850 x 1600 x 1400 mm<\/p>\n<p><strong>Peso:<\/strong><br \/>\nUnidad base: 119 kg<br \/>\ncon embalaje: 155 kg<\/p>","protected":false},"excerpt":{"rendered":"<p>La flocadora plana es adecuada para flocar textiles en posici\u00f3n horizontal y plana.<\/p>","protected":false},"featured_media":4585,"template":"","meta":[],"product_cat":[118,127],"product_tag":[],"_links":{"self":[{"href":"https:\/\/maagflock.com\/es\/wp-json\/wp\/v2\/product\/3935"}],"collection":[{"href":"https:\/\/maagflock.com\/es\/wp-json\/wp\/v2\/product"}],"about":[{"href":"https:\/\/maagflock.com\/es\/wp-json\/wp\/v2\/types\/product"}],"wp:featuredmedia":[{"embeddable":true,"href":"https:\/\/maagflock.com\/es\/wp-json\/wp\/v2\/media\/4585"}],"wp:attachment":[{"href":"https:\/\/maagflock.com\/es\/wp-json\/wp\/v2\/media?parent=3935"}],"wp:term":[{"taxonomy":"product_cat","embeddable":true,"href":"https:\/\/maagflock.com\/es\/wp-json\/wp\/v2\/product_cat?post=3935"},{"taxonomy":"product_tag","embeddable":true,"href":"https:\/\/maagflock.com\/es\/wp-json\/wp\/v2\/product_tag?post=3935"}],"curies":[{"name":"wp","href":"https:\/\/api.w.org\/{rel}","templated":true}]}}