{"id":3937,"date":"2021-10-06T10:02:43","date_gmt":"2021-10-06T08:02:43","guid":{"rendered":"https:\/\/maagflock.com\/?post_type=product&#038;p=3937"},"modified":"2021-10-25T14:25:11","modified_gmt":"2021-10-25T12:25:11","slug":"e-flocker","status":"publish","type":"product","link":"https:\/\/maagflock.com\/es\/producto\/e-flocker\/","title":{"rendered":"E-Flocker"},"content":{"rendered":"<p><strong>E-Flocker<\/strong><\/p>\n<p>El E-Flocker se utiliza en combinaci\u00f3n con el carrusel de serigraf\u00eda para el flocado de textiles como camisetas o ropa deportiva, as\u00ed como de muchos otros productos. La unidad de flocado m\u00f3vil ofrece un dispositivo flexible para un proceso de trabajo c\u00f3modo gracias a sus rodillos bloqueables y al marco de aluminio.<\/p>\n<p>&nbsp;<\/p>\n<p><strong>Carrusel de serigraf\u00eda<\/strong><\/p>\n<p>La integraci\u00f3n del e-flocker y el carrusel de serigraf\u00eda, mediante un soporte especial en el brazo de impresi\u00f3n, permite el flocado multicolor. Aqu\u00ed se puede lograr la nitidez y el acabado preciso de los bordes. Especialmente en el flocado de camisetas de dise\u00f1os y patrones complejos, el flocado permite un resultado ideal y un alto nivel de calidad.<\/p>\n<p>&nbsp;<\/p>\n<p><strong>Datos t\u00e9cnicos:<\/strong><\/p>\n<p><strong>Tensi\u00f3n<\/strong><strong>suministro<\/strong><br \/>\nFuente de alimentaci\u00f3n: 230 V \/ 50 Hz, 3,15 A, 0,15 kW<br \/>\n110 V \/ 60 Hz, 3,15 A, 0,15 kW<br \/>\nCaudal de aire: 3 L\/min<br \/>\nAire comprimido: 6 bar \/87 psi<\/p>\n<p><strong>Dimensiones:<\/strong><br \/>\nUnidad b\u00e1sica: 1700 x 1700 x 1300 mm<br \/>\ncon embalaje: 1400 x 90 x 950 mm<\/p>\n<p><strong>Peso:<\/strong><br \/>\nUnidad base: 87 kg<br \/>\ncon embalaje: 133 kg<\/p>\n<p><strong>Equipo b\u00e1sico:<\/strong><\/p>\n<ul>\n<li>Marco base<\/li>\n<li>Caja de dosificaci\u00f3n<\/li>\n<li>Soporte de dosificaci\u00f3n<\/li>\n<li>Caja con banda de cepillo<\/li>\n<li>Controlar<\/li>\n<li>Interruptor de pie<\/li>\n<li>Cable subterr\u00e1neo<\/li>\n<\/ul>","protected":false},"excerpt":{"rendered":"<p>El E-Flocker se utiliza en combinaci\u00f3n con el carrusel de serigraf\u00eda para el flocado de textiles como camisetas o ropa deportiva, as\u00ed como de muchos otros productos.<\/p>","protected":false},"featured_media":4619,"template":"","meta":[],"product_cat":[118,127],"product_tag":[],"_links":{"self":[{"href":"https:\/\/maagflock.com\/es\/wp-json\/wp\/v2\/product\/3937"}],"collection":[{"href":"https:\/\/maagflock.com\/es\/wp-json\/wp\/v2\/product"}],"about":[{"href":"https:\/\/maagflock.com\/es\/wp-json\/wp\/v2\/types\/product"}],"wp:featuredmedia":[{"embeddable":true,"href":"https:\/\/maagflock.com\/es\/wp-json\/wp\/v2\/media\/4619"}],"wp:attachment":[{"href":"https:\/\/maagflock.com\/es\/wp-json\/wp\/v2\/media?parent=3937"}],"wp:term":[{"taxonomy":"product_cat","embeddable":true,"href":"https:\/\/maagflock.com\/es\/wp-json\/wp\/v2\/product_cat?post=3937"},{"taxonomy":"product_tag","embeddable":true,"href":"https:\/\/maagflock.com\/es\/wp-json\/wp\/v2\/product_tag?post=3937"}],"curies":[{"name":"wp","href":"https:\/\/api.w.org\/{rel}","templated":true}]}}