{"id":3946,"date":"2021-10-06T16:19:05","date_gmt":"2021-10-06T14:19:05","guid":{"rendered":"https:\/\/maagflock.com\/?post_type=product&#038;p=3946"},"modified":"2021-10-26T08:32:08","modified_gmt":"2021-10-26T06:32:08","slug":"flock-in-spect","status":"publish","type":"product","link":"https:\/\/maagflock.com\/es\/producto\/flock-in-spect\/","title":{"rendered":"Reba\u00f1o en Spect"},"content":{"rendered":"<p><strong>Reba\u00f1o en Spect<\/strong><\/p>\n<p>El dispositivo de comprobaci\u00f3n Flock in Spect se utiliza para medir visualmente la longitud y el grosor de cada una de las fibras del flocado. Se utiliza para garantizar la calidad en el curso del flocado.<\/p>\n<p>Diversas propiedades de las fibras de flocado son decisivas para el posterior acabado superficial y la funci\u00f3n del flocado. Se trata de la relaci\u00f3n entre la longitud, el di\u00e1metro y la dureza de la materia prima en forma de capacidad de flexi\u00f3n. Esto es decisivo para el posterior resultado deseado.<\/p>","protected":false},"excerpt":{"rendered":"<p>El comprobador Flock in Spect se utiliza para medir visualmente la longitud y el grosor de cada una de las fibras del flocado.<\/p>","protected":false},"featured_media":4614,"template":"","meta":[],"product_cat":[118,130],"product_tag":[],"_links":{"self":[{"href":"https:\/\/maagflock.com\/es\/wp-json\/wp\/v2\/product\/3946"}],"collection":[{"href":"https:\/\/maagflock.com\/es\/wp-json\/wp\/v2\/product"}],"about":[{"href":"https:\/\/maagflock.com\/es\/wp-json\/wp\/v2\/types\/product"}],"wp:featuredmedia":[{"embeddable":true,"href":"https:\/\/maagflock.com\/es\/wp-json\/wp\/v2\/media\/4614"}],"wp:attachment":[{"href":"https:\/\/maagflock.com\/es\/wp-json\/wp\/v2\/media?parent=3946"}],"wp:term":[{"taxonomy":"product_cat","embeddable":true,"href":"https:\/\/maagflock.com\/es\/wp-json\/wp\/v2\/product_cat?post=3946"},{"taxonomy":"product_tag","embeddable":true,"href":"https:\/\/maagflock.com\/es\/wp-json\/wp\/v2\/product_tag?post=3946"}],"curies":[{"name":"wp","href":"https:\/\/api.w.org\/{rel}","templated":true}]}}