{"id":3952,"date":"2021-09-10T17:01:14","date_gmt":"2021-09-10T15:01:14","guid":{"rendered":"https:\/\/maagflock.com\/?post_type=product&#038;p=3952"},"modified":"2021-11-10T15:56:06","modified_gmt":"2021-11-10T14:56:06","slug":"profilaufraueinheit-maag-rb","status":"publish","type":"product","link":"https:\/\/maagflock.com\/es\/producto\/profilaufraueinheit-maag-rb\/","title":{"rendered":"Unidad de desbaste de perfiles Maag RB"},"content":{"rendered":"<p><strong>Unidad de desbaste de perfiles Maag RB<\/strong><\/p>\n<p>La unidad de desbastado de perfiles es una m\u00e1quina para desbastar y limpiar perfiles con cepillos giratorios. Cambiando los cepillos giratorios, la m\u00e1quina puede utilizarse tanto para desbastar como para limpiar. Para el desbastado, la m\u00e1quina se utiliza con cepillos de desbastado antes de aplicar el adhesivo para desbastar el perfil y asegurar una buena adhesi\u00f3n del adhesivo. La aspiraci\u00f3n aspira el material suelto del perfil mediante presi\u00f3n negativa y garantiza as\u00ed un resultado \u00f3ptimo de desbaste.<\/p>\n<p>La unidad de desbaste tiene:<\/p>\n<ul>\n<li>3 cepillos de fibra natural con motorreductores trif\u00e1sicos y unidades de aspiraci\u00f3n<\/li>\n<li>2 cepillos de limpieza colocados arriba, 1 cepillo de limpieza colocado debajo del perfil<\/li>\n<li>la altura de los cepillos se puede ajustar individualmente mediante un volante<\/li>\n<li>Cepillos con elevaci\u00f3n neum\u00e1tica r\u00e1pida, en caso de parada de emergencia o de parada de la m\u00e1quina<\/li>\n<li>La puerta lateral transparente en la parte delantera permite una excelente visibilidad en el armario decantador y un acceso f\u00e1cil y pr\u00e1ctico<\/li>\n<li>Posibilidad de mecanizado a doble cara<\/li>\n<li>aspiraci\u00f3n integrada<\/li>\n<li>Control de la presi\u00f3n<\/li>\n<li>Repatriaci\u00f3n en caso de da\u00f1os<\/li>\n<li>bolsa de filtro integrada<\/li>\n<\/ul>\n<p>&nbsp;<\/p>\n<p><strong>Datos t\u00e9cnicos:<\/strong><\/p>\n<ul>\n<li>Entrada: 11 kW<\/li>\n<li>Aire comprimido: 6 bar<\/li>\n<li>Potencia de aspiraci\u00f3n: 500 mh<\/li>\n<li>Dimensiones: 120 x 110 x 225 cm<\/li>\n<li>Peso<em>: <\/em>250 kg<\/li>\n<\/ul>","protected":false},"excerpt":{"rendered":"<p>La unidad de desbastado de perfiles es una m\u00e1quina para desbastar y limpiar los perfiles con cepillos giratorios.<\/p>","protected":false},"featured_media":4081,"template":"","meta":[],"product_cat":[134,119],"product_tag":[],"_links":{"self":[{"href":"https:\/\/maagflock.com\/es\/wp-json\/wp\/v2\/product\/3952"}],"collection":[{"href":"https:\/\/maagflock.com\/es\/wp-json\/wp\/v2\/product"}],"about":[{"href":"https:\/\/maagflock.com\/es\/wp-json\/wp\/v2\/types\/product"}],"wp:featuredmedia":[{"embeddable":true,"href":"https:\/\/maagflock.com\/es\/wp-json\/wp\/v2\/media\/4081"}],"wp:attachment":[{"href":"https:\/\/maagflock.com\/es\/wp-json\/wp\/v2\/media?parent=3952"}],"wp:term":[{"taxonomy":"product_cat","embeddable":true,"href":"https:\/\/maagflock.com\/es\/wp-json\/wp\/v2\/product_cat?post=3952"},{"taxonomy":"product_tag","embeddable":true,"href":"https:\/\/maagflock.com\/es\/wp-json\/wp\/v2\/product_tag?post=3952"}],"curies":[{"name":"wp","href":"https:\/\/api.w.org\/{rel}","templated":true}]}}