{"id":3953,"date":"2021-10-07T10:13:04","date_gmt":"2021-10-07T08:13:04","guid":{"rendered":"https:\/\/maagflock.com\/?post_type=product&#038;p=3953"},"modified":"2021-11-11T16:06:29","modified_gmt":"2021-11-11T15:06:29","slug":"profilklebstoffauftragseinheit-maag-ka","status":"publish","type":"product","link":"https:\/\/maagflock.com\/es\/producto\/profilklebstoffauftragseinheit-maag-ka\/","title":{"rendered":"Unidad de aplicaci\u00f3n de adhesivo para perfiles Maag KA"},"content":{"rendered":"<p><strong>Unidad de aplicaci\u00f3n de adhesivo para perfiles Maag KA<\/strong><\/p>\n<p>Les ofrecemos varias opciones para adaptar la aplicaci\u00f3n del adhesivo a sus necesidades.<\/p>\n<p>Dependiendo de la geometr\u00eda del perfil, se utilizan varios m\u00f3dulos de aplicaci\u00f3n de adhesivo, que se configuran en funci\u00f3n de la geometr\u00eda del perfil. El adhesivo se aplica con la ayuda de m\u00e1quinas autom\u00e1ticas de micropulverizaci\u00f3n o con pinceles a los que se les suministra adhesivo mediante recipientes a presi\u00f3n o bombas de manguera. Adem\u00e1s, se utilizan m\u00e9todos como los bloques deslizantes, as\u00ed como se construyen los requisitos individuales de los clientes.<\/p>\n<p>Cada una de las siguientes ofertas consiste en un juego que contiene todas las piezas necesarias para poder aplicar el adhesivo directamente a un perfil.<\/p>\n<p>&nbsp;<\/p>\n<ul>\n<li>Pared de pulverizaci\u00f3n, versi\u00f3n galvanizada, incl. vell\u00f3n filtrante, iluminaci\u00f3n y extractor<\/li>\n<li>Longitud de trabajo: aprox. 2500 mm, profundidad de trabajo aprox. 650 mm<\/li>\n<li>El ventilador de escape y la iluminaci\u00f3n de la cabina son a prueba de explosiones.<\/li>\n<li>1 unidad. Unidad de mesa, incl. travesa\u00f1o para el montaje de las unidades de aplicaci\u00f3n<\/li>\n<li>4 \u00f3 6 rodillos de soporte de perfil ajustables, tambi\u00e9n aptos para gu\u00edas in situ adaptadas a la forma del perfil<\/li>\n<li>Sistemas de aplicaci\u00f3n disponibles en versiones de pulverizaci\u00f3n y cepillo<\/li>\n<li>Posibilidad de alimentaci\u00f3n de lacas\/adhesivos a trav\u00e9s del tanque de presi\u00f3n DB60 o de bombas perist\u00e1lticas (TP-0, WM-E, WM-D)<\/li>\n<li>La tuber\u00eda de aire de salida despu\u00e9s del ventilador de extracci\u00f3n es responsabilidad del cliente<\/li>\n<\/ul>\n<p>&nbsp;<\/p>\n<p><strong>Datos t\u00e9cnicos:<\/strong><\/p>\n<ul>\n<li>Aire de escape: m\u00e1x. 6500 m\u00b3\/h<\/li>\n<li>Conexi\u00f3n de aire de escape: 400 x 320 mm<\/li>\n<li>Entrada: 1,35 kWN<\/li>\n<li>Suministro de aire comprimido: 6 bar (necesario para el DB60)<\/li>\n<li>Caudal: 0,17-400 ml\/min (TP-O), 0,04-27T60 ml\/min (WM-E, WM-D)<\/li>\n<li>Dimensiones: 250 x 105 x 278 cm<\/li>\n<li>Peso: 450 kg<\/li>\n<\/ul>","protected":false},"excerpt":{"rendered":"<p>La unidad de aplicaci\u00f3n de adhesivo para perfiles Maag KA puede adaptarse directamente a sus necesidades en diferentes versiones.<\/p>","protected":false},"featured_media":4086,"template":"","meta":[],"product_cat":[134,119],"product_tag":[],"_links":{"self":[{"href":"https:\/\/maagflock.com\/es\/wp-json\/wp\/v2\/product\/3953"}],"collection":[{"href":"https:\/\/maagflock.com\/es\/wp-json\/wp\/v2\/product"}],"about":[{"href":"https:\/\/maagflock.com\/es\/wp-json\/wp\/v2\/types\/product"}],"wp:featuredmedia":[{"embeddable":true,"href":"https:\/\/maagflock.com\/es\/wp-json\/wp\/v2\/media\/4086"}],"wp:attachment":[{"href":"https:\/\/maagflock.com\/es\/wp-json\/wp\/v2\/media?parent=3953"}],"wp:term":[{"taxonomy":"product_cat","embeddable":true,"href":"https:\/\/maagflock.com\/es\/wp-json\/wp\/v2\/product_cat?post=3953"},{"taxonomy":"product_tag","embeddable":true,"href":"https:\/\/maagflock.com\/es\/wp-json\/wp\/v2\/product_tag?post=3953"}],"curies":[{"name":"wp","href":"https:\/\/api.w.org\/{rel}","templated":true}]}}