{"id":3954,"date":"2021-10-07T10:05:33","date_gmt":"2021-10-07T08:05:33","guid":{"rendered":"https:\/\/maagflock.com\/?post_type=product&#038;p=3954"},"modified":"2021-12-20T10:02:48","modified_gmt":"2021-12-20T09:02:48","slug":"profilbeflockungsmaschine-maag-pf-basic-2","status":"publish","type":"product","link":"https:\/\/maagflock.com\/es\/producto\/profilbeflockungsmaschine-maag-pf-basic-2\/","title":{"rendered":"M\u00e1quina de flocado de perfiles Maag PF Basic 2"},"content":{"rendered":"<h1><strong>M\u00e1quina de flocado de perfiles Maag PF Basic 2<\/strong><\/h1>\n<p>El concepto de la m\u00e1quina est\u00e1 dise\u00f1ado para el flocado profesional. Las 3 m\u00e1quinas individuales est\u00e1n controladas por un armario de control central y todos los par\u00e1metros del proceso se introducen y leen en la m\u00e1quina. El dise\u00f1o individual permite ajustar por separado e individualmente los distintos factores de influencia. El lote se alimenta a la tolva central de suministro de lote y el lote malo se clasifica mediante una criba vibratoria. El nivel de llenado del sistema se controla mediante sensores que env\u00edan una se\u00f1al al operador cuando se alcanza el l\u00edmite inferior. En este caso, el exclusivo concepto de aire de escape permite obtener el m\u00e1ximo rendimiento para el cliente.<\/p>\n<p>El dise\u00f1o \u00fanico del sistema de flocado de perfiles y el cumplimiento de las normas m\u00e1s estrictas de Artex permiten que el sistema reciba la norma de flocado 50223. De acuerdo con la norma, Maag Flock le suministra el flocado de perfiles cumpliendo con la garant\u00eda de calidad y las medidas de seguridad e higiene laboral. El contenedor de almacenamiento de borras permite el llenado central del sistema, por lo que las tres unidades se suministran con borras templadas a trav\u00e9s de un contenedor de recogida de borras.<\/p>\n<p>&nbsp;<\/p>\n<h2><strong>Datos t\u00e9cnicos<\/strong><\/h2>\n<ul>\n<li>Velocidad de transporte: 20 m\/min<\/li>\n<li>Velocidad de flocado: hasta 20 m\/min, seg\u00fan el n\u00famero de m\u00e1quinas utilizadas, la forma del perfil y las superficies a flocar<\/li>\n<li>Altura de trabajo (se adaptar\u00e1 a la l\u00ednea de extrusi\u00f3n) al menos 950 mm<\/li>\n<li>Ancho de la cinta transportadora 180 mm<\/li>\n<li>Conexi\u00f3n el\u00e9ctrica 240\/400 V, 50 Hz,<\/li>\n<li>Tensi\u00f3n de control 24 V DC<\/li>\n<li>Equipo el\u00e9ctrico seg\u00fan la norma VDE \/ EN<\/li>\n<li>Aire comprimido 6 bar<\/li>\n<li>Pintura de la unidad Est\u00e1ndar: Gris claro RAL 7035<\/li>\n<\/ul>\n<p>&nbsp;<\/p>\n<h2><strong>Ventajas de la m\u00e1quina de flocado de perfiles Maag PF Basic 2<\/strong><\/h2>\n<ul>\n<li>Boquillas neum\u00e1ticas: 2 piezas<\/li>\n<li>Recirculaci\u00f3n del reba\u00f1o<\/li>\n<li>Unidad de flocado ajustable en altura<\/li>\n<li>Supervisi\u00f3n del suministro del reba\u00f1o<\/li>\n<li>Tamizar el reba\u00f1o malo<\/li>\n<li>Alta tensi\u00f3n variable<\/li>\n<li>Dosificaci\u00f3n variable del reba\u00f1o<\/li>\n<li>Control del equilibrio del aire mediante la velocidad del ventilador<\/li>\n<li>Filtraci\u00f3n del aire de escape<\/li>\n<li>Limpieza final de los perfiles<\/li>\n<\/ul>\n<p>&nbsp;<\/p>\n<h2><strong>Resumen<\/strong><\/h2>\n<p>La Maag PF Basic 2 es una m\u00e1quina de flocado de perfiles totalmente autom\u00e1tica para el flocado en l\u00ednea de perfiles continuos extruidos.<\/p>\n<p>Consiste en:<\/p>\n<ul>\n<li>Un s\u00f3lido bastidor de la m\u00e1quina con tamiz vibratorio integrado y contenedor de almacenamiento de borras, as\u00ed como un sensor de nivel en el circuito cerrado de borras.<\/li>\n<li>Un cepillo de 800 mm de longitud con ajuste de altura y un generador de alto voltaje<\/li>\n<li>Un motor de soplado y dos boquillas de flocado electroneum\u00e1ticas con un generador de alta tensi\u00f3n<\/li>\n<li>Extracci\u00f3n incl. bolsa filtrante de una etapa y recipiente de recogida<\/li>\n<li>Armario de control con pantalla t\u00e1ctil integrada para el control del sistema<\/li>\n<\/ul>\n<p>La m\u00e1quina est\u00e1 dise\u00f1ada para velocidades de producci\u00f3n de hasta 20 m\/min en condiciones \u00f3ptimas.<\/p>\n<p>Embalaje: La unidad est\u00e1 embalada en un robusto pal\u00e9 de madera para su transporte al extranjero y envuelta en papel de aluminio.<\/p>\n<p>&nbsp;<\/p>\n<p>Encontrar\u00e1 m\u00e1s informaci\u00f3n sobre el flocado de perfiles en <span style=\"color: #c00000;\"><a style=\"color: #c00000;\" href=\"https:\/\/maagflock.com\/es\/maquinas-de-flocado\/flocado-de-perfiles\/\">aqu\u00ed<\/a><\/span>.<\/p>","protected":false},"excerpt":{"rendered":"<p>Nuestra m\u00e1quina de flocado de perfiles Maag PF Basic 2 es semiautom\u00e1tica y el coraz\u00f3n del sistema, que consta de dos unidades de dosificaci\u00f3n de cepillos que realizan velocidades de hasta 20 m\/min. La selecci\u00f3n semiautom\u00e1tica del programa permite ajustar y controlar durante el proceso la altura, la velocidad de dosificaci\u00f3n, la alta tensi\u00f3n, la distancia a la pieza, la temperatura y la humedad. La selecci\u00f3n de estos par\u00e1metros se gestiona y controla de forma selectiva a trav\u00e9s de un panel de control.<\/p>","protected":false},"featured_media":4634,"template":"","meta":[],"product_cat":[134,119],"product_tag":[],"_links":{"self":[{"href":"https:\/\/maagflock.com\/es\/wp-json\/wp\/v2\/product\/3954"}],"collection":[{"href":"https:\/\/maagflock.com\/es\/wp-json\/wp\/v2\/product"}],"about":[{"href":"https:\/\/maagflock.com\/es\/wp-json\/wp\/v2\/types\/product"}],"wp:featuredmedia":[{"embeddable":true,"href":"https:\/\/maagflock.com\/es\/wp-json\/wp\/v2\/media\/4634"}],"wp:attachment":[{"href":"https:\/\/maagflock.com\/es\/wp-json\/wp\/v2\/media?parent=3954"}],"wp:term":[{"taxonomy":"product_cat","embeddable":true,"href":"https:\/\/maagflock.com\/es\/wp-json\/wp\/v2\/product_cat?post=3954"},{"taxonomy":"product_tag","embeddable":true,"href":"https:\/\/maagflock.com\/es\/wp-json\/wp\/v2\/product_tag?post=3954"}],"curies":[{"name":"wp","href":"https:\/\/api.w.org\/{rel}","templated":true}]}}