{"id":3956,"date":"2021-10-07T10:11:45","date_gmt":"2021-10-07T08:11:45","guid":{"rendered":"https:\/\/maagflock.com\/?post_type=product&#038;p=3956"},"modified":"2021-11-11T16:07:11","modified_gmt":"2021-11-11T15:07:11","slug":"profilreinigungseinheit","status":"publish","type":"product","link":"https:\/\/maagflock.com\/es\/producto\/profilreinigungseinheit\/","title":{"rendered":"Unidad de limpieza de perfiles"},"content":{"rendered":"<p><strong>Unidad de limpieza de perfiles<\/strong><\/p>\n<p>La m\u00e1quina de limpieza se utiliza para desbastar y limpiar con precisi\u00f3n los perfiles con cepillos giratorios. Cambiando los cepillos giratorios, la m\u00e1quina RB\/AR puede utilizarse tanto para desbastar como para limpiar. Para un \u00f3ptimo pretratamiento del material antes de la aplicaci\u00f3n del adhesivo, se utilizan cepillos de desbaste para desbastar el perfil y asegurar una buena adhesi\u00f3n del adhesivo. Para la limpieza, la RB\/AR se recorre con cepillos de limpieza despu\u00e9s del flocado y el secado. La aspiraci\u00f3n succiona el material suelto del perfil mediante presi\u00f3n negativa y garantiza as\u00ed un resultado \u00f3ptimo de limpieza y desbaste.<\/p>\n<p>&nbsp;<\/p>\n<p><strong>La unidad de desbaste tiene:<\/strong><\/p>\n<ul>\n<li>3 cepillos de fibra natural con motorreductores trif\u00e1sicos y unidades de aspiraci\u00f3n<\/li>\n<li>2 cepillos de limpieza colocados arriba, 1 cepillo de limpieza colocado debajo del perfil<\/li>\n<li>la altura de los cepillos se puede ajustar individualmente mediante un volante<\/li>\n<li>Cepillos con elevaci\u00f3n neum\u00e1tica r\u00e1pida, en caso de parada de emergencia o de parada de la m\u00e1quina<\/li>\n<li>La puerta lateral transparente en la parte delantera permite una excelente visibilidad en el armario decantador y un acceso f\u00e1cil y pr\u00e1ctico<\/li>\n<li>Posibilidad de mecanizado a doble cara<\/li>\n<li>aspiraci\u00f3n integrada<\/li>\n<li>Control de la presi\u00f3n<\/li>\n<li>Repatriaci\u00f3n en caso de da\u00f1os<\/li>\n<li>bolsa de filtro integrada<\/li>\n<\/ul>\n<p>&nbsp;<\/p>\n<p><strong>Datos t\u00e9cnicos:<\/strong><\/p>\n<ul>\n<li>Entrada: 11 kW<\/li>\n<li>Aire comprimido: 6 bar<\/li>\n<li>Potencia de aspiraci\u00f3n: 500 mh<\/li>\n<li>Dimensiones: 120 x 110 x 225 cm<\/li>\n<li>Peso: 250 kg<\/li>\n<\/ul>","protected":false},"excerpt":{"rendered":"<p>La unidad de limpieza de perfiles es una m\u00e1quina para desbastar y limpiar los perfiles con cepillos giratorios.<\/p>","protected":false},"featured_media":4081,"template":"","meta":[],"product_cat":[134,119],"product_tag":[],"_links":{"self":[{"href":"https:\/\/maagflock.com\/es\/wp-json\/wp\/v2\/product\/3956"}],"collection":[{"href":"https:\/\/maagflock.com\/es\/wp-json\/wp\/v2\/product"}],"about":[{"href":"https:\/\/maagflock.com\/es\/wp-json\/wp\/v2\/types\/product"}],"wp:featuredmedia":[{"embeddable":true,"href":"https:\/\/maagflock.com\/es\/wp-json\/wp\/v2\/media\/4081"}],"wp:attachment":[{"href":"https:\/\/maagflock.com\/es\/wp-json\/wp\/v2\/media?parent=3956"}],"wp:term":[{"taxonomy":"product_cat","embeddable":true,"href":"https:\/\/maagflock.com\/es\/wp-json\/wp\/v2\/product_cat?post=3956"},{"taxonomy":"product_tag","embeddable":true,"href":"https:\/\/maagflock.com\/es\/wp-json\/wp\/v2\/product_tag?post=3956"}],"curies":[{"name":"wp","href":"https:\/\/api.w.org\/{rel}","templated":true}]}}