{"id":3973,"date":"2021-11-12T15:35:42","date_gmt":"2021-11-12T14:35:42","guid":{"rendered":"https:\/\/maagflock.com\/?post_type=product&#038;p=3973"},"modified":"2021-11-15T16:01:58","modified_gmt":"2021-11-15T15:01:58","slug":"klebstoffauftragseinheit-fuer-eckennachbeflockung","status":"publish","type":"product","link":"https:\/\/maagflock.com\/es\/producto\/klebstoffauftragseinheit-fuer-eckennachbeflockung\/","title":{"rendered":"Unidad de aplicaci\u00f3n de adhesivo para el bloqueo de esquinas"},"content":{"rendered":"<p><strong>Unidad de aplicaci\u00f3n de adhesivo para el bloqueo de esquinas<\/strong><\/p>\n<p>Toda la estaci\u00f3n de aplicaci\u00f3n de adhesivo es de dise\u00f1o encapsulado. La tecnolog\u00eda de transporte est\u00e1 protegida constructivamente contra el exceso de pulverizaci\u00f3n.<\/p>\n<p>El adhesivo se aplica mediante un robot de 5 ejes. El robot gu\u00eda un dispositivo autom\u00e1tico de micropulverizaci\u00f3n sobre el contorno a recubrir. El suministro de adhesivo se garantiza mediante un recipiente a presi\u00f3n en combinaci\u00f3n con una bomba perist\u00e1ltica. La cantidad de dosificaci\u00f3n del adhesivo puede ajustarse individualmente para cada tipo de pieza a trav\u00e9s de un receptor PLC.<\/p>\n<p>El inicio y la parada del proceso de pulverizaci\u00f3n se controlan mediante aire de control. El campo exterior del robot de aplicaci\u00f3n est\u00e1 cubierto con esteras filtrantes f\u00e1cilmente reemplazables, que son extra\u00eddas por un sistema de aire de escape adecuadamente dise\u00f1ado. Tambi\u00e9n se han tenido en cuenta los componentes de la iluminaci\u00f3n del lugar de trabajo y la protecci\u00f3n del operario, como la protecci\u00f3n de la intervenci\u00f3n directa por el transporte de la luminaria.<\/p>","protected":false},"excerpt":{"rendered":"<p>La aplicaci\u00f3n de adhesivo en la unidad de aplicaci\u00f3n de adhesivo para el post-bloqueo de esquinas se lleva a cabo mediante un robot de 5 ejes.<\/p>","protected":false},"featured_media":5091,"template":"","meta":[],"product_cat":[138,119],"product_tag":[],"_links":{"self":[{"href":"https:\/\/maagflock.com\/es\/wp-json\/wp\/v2\/product\/3973"}],"collection":[{"href":"https:\/\/maagflock.com\/es\/wp-json\/wp\/v2\/product"}],"about":[{"href":"https:\/\/maagflock.com\/es\/wp-json\/wp\/v2\/types\/product"}],"wp:featuredmedia":[{"embeddable":true,"href":"https:\/\/maagflock.com\/es\/wp-json\/wp\/v2\/media\/5091"}],"wp:attachment":[{"href":"https:\/\/maagflock.com\/es\/wp-json\/wp\/v2\/media?parent=3973"}],"wp:term":[{"taxonomy":"product_cat","embeddable":true,"href":"https:\/\/maagflock.com\/es\/wp-json\/wp\/v2\/product_cat?post=3973"},{"taxonomy":"product_tag","embeddable":true,"href":"https:\/\/maagflock.com\/es\/wp-json\/wp\/v2\/product_tag?post=3973"}],"curies":[{"name":"wp","href":"https:\/\/api.w.org\/{rel}","templated":true}]}}