{"id":3993,"date":"2021-10-06T16:15:21","date_gmt":"2021-10-06T14:15:21","guid":{"rendered":"https:\/\/maagflock.com\/?post_type=product&#038;p=3993"},"modified":"2021-10-26T09:00:13","modified_gmt":"2021-10-26T07:00:13","slug":"flockschaufel","status":"publish","type":"product","link":"https:\/\/maagflock.com\/es\/producto\/flockschaufel\/","title":{"rendered":"Pala de flocado"},"content":{"rendered":"<h3><strong>Pala de flocado<\/strong><\/h3>\n<p>La cuchara de reba\u00f1o sirve de ayuda para el llenado del dispositivo de tamizado del comprobador de verosimilitud sin part\u00edculas de suciedad. Est\u00e1 disponible en dos tama\u00f1os diferentes y tambi\u00e9n puede utilizarse para llenar el dispositivo de tamizado.<span style=\"color: #000000;\">r <a style=\"color: #000000;\" href=\"https:\/\/maagflock.com\/es\/producto\/unidad-de-flocado-electroneumatico\/\">EPF<\/a> y el llenado de los aplicadores del <a style=\"color: #000000;\" href=\"https:\/\/maagflock.com\/es\/producto\/mini-maquina-de-flocado\/\">MiniFlock<\/a> y <a style=\"color: #000000;\" href=\"https:\/\/maagflock.com\/es\/producto\/hek-200-80-dispositivo-de-flocado-manual-electrostatico\/\">HEK<\/a>s<\/span> se utilice.<\/p>\n<p>&nbsp;<\/p>\n<p><strong>Tallas:<\/strong><\/p>\n<ul>\n<li>450 ml<\/li>\n<li>1000 ml<\/li>\n<\/ul>\n<p>&nbsp;<\/p>","protected":false},"excerpt":{"rendered":"<p>La cuchara de reba\u00f1o sirve como ayuda para el porcionado de la RPG 1000 y otras unidades y est\u00e1 disponible en dos tama\u00f1os diferentes.<\/p>","protected":false},"featured_media":4624,"template":"","meta":[],"product_cat":[118,271,132],"product_tag":[],"_links":{"self":[{"href":"https:\/\/maagflock.com\/es\/wp-json\/wp\/v2\/product\/3993"}],"collection":[{"href":"https:\/\/maagflock.com\/es\/wp-json\/wp\/v2\/product"}],"about":[{"href":"https:\/\/maagflock.com\/es\/wp-json\/wp\/v2\/types\/product"}],"wp:featuredmedia":[{"embeddable":true,"href":"https:\/\/maagflock.com\/es\/wp-json\/wp\/v2\/media\/4624"}],"wp:attachment":[{"href":"https:\/\/maagflock.com\/es\/wp-json\/wp\/v2\/media?parent=3993"}],"wp:term":[{"taxonomy":"product_cat","embeddable":true,"href":"https:\/\/maagflock.com\/es\/wp-json\/wp\/v2\/product_cat?post=3993"},{"taxonomy":"product_tag","embeddable":true,"href":"https:\/\/maagflock.com\/es\/wp-json\/wp\/v2\/product_tag?post=3993"}],"curies":[{"name":"wp","href":"https:\/\/api.w.org\/{rel}","templated":true}]}}