{"id":3996,"date":"2021-10-06T10:36:06","date_gmt":"2021-10-06T08:36:06","guid":{"rendered":"https:\/\/maagflock.com\/?post_type=product&#038;p=3996"},"modified":"2021-10-26T15:08:10","modified_gmt":"2021-10-26T13:08:10","slug":"heissklebepistole-mt-501","status":"publish","type":"product","link":"https:\/\/maagflock.com\/es\/producto\/heissklebepistole-mt-501\/","title":{"rendered":"Pistola de cola caliente MT 501"},"content":{"rendered":"<p><strong>Pistola de cola caliente MT 501<\/strong><\/p>\n<p>La pistola de cola caliente MT 501 se utiliza para rellenar los moldes de fundici\u00f3n del banco de pruebas de arranque motorizado MT 501.<\/p>\n<p>La pistola de pegamento caliente tiene una pantalla LCD, un regulador de presi\u00f3n, un man\u00f3metro y un soporte de almacenamiento. Adem\u00e1s, el pegamento puede aplicarse con aire comprimido.<\/p>","protected":false},"excerpt":{"rendered":"<p>La pistola de cola caliente MT 501 se utiliza para rellenar los moldes de fundici\u00f3n del banco de pruebas de arranque motorizado MT 501.<\/p>","protected":false},"featured_media":4575,"template":"","meta":[],"product_cat":[118,271,132],"product_tag":[],"_links":{"self":[{"href":"https:\/\/maagflock.com\/es\/wp-json\/wp\/v2\/product\/3996"}],"collection":[{"href":"https:\/\/maagflock.com\/es\/wp-json\/wp\/v2\/product"}],"about":[{"href":"https:\/\/maagflock.com\/es\/wp-json\/wp\/v2\/types\/product"}],"wp:featuredmedia":[{"embeddable":true,"href":"https:\/\/maagflock.com\/es\/wp-json\/wp\/v2\/media\/4575"}],"wp:attachment":[{"href":"https:\/\/maagflock.com\/es\/wp-json\/wp\/v2\/media?parent=3996"}],"wp:term":[{"taxonomy":"product_cat","embeddable":true,"href":"https:\/\/maagflock.com\/es\/wp-json\/wp\/v2\/product_cat?post=3996"},{"taxonomy":"product_tag","embeddable":true,"href":"https:\/\/maagflock.com\/es\/wp-json\/wp\/v2\/product_tag?post=3996"}],"curies":[{"name":"wp","href":"https:\/\/api.w.org\/{rel}","templated":true}]}}