{"id":4064,"date":"2021-10-07T10:15:30","date_gmt":"2021-10-07T08:15:30","guid":{"rendered":"https:\/\/maagflock.com\/?post_type=product&#038;p=4064"},"modified":"2021-11-11T16:05:43","modified_gmt":"2021-11-11T15:05:43","slug":"profilkuehleinheit-maag-kk","status":"publish","type":"product","link":"https:\/\/maagflock.com\/es\/producto\/profilkuehleinheit-maag-kk\/","title":{"rendered":"Unidad de refrigeraci\u00f3n de perfiles Maag KK"},"content":{"rendered":"<p><strong>Unidad de refrigeraci\u00f3n de perfiles Maag KK<\/strong><\/p>\n<p>El canal de refrigeraci\u00f3n KK se utiliza para enfriar el perfil despu\u00e9s del secado. Para ello, el perfil pasa por un canal de refrigeraci\u00f3n de 3000 mm (KK 3000) o de 6000 mm (KK 6000) de longitud. En este canal, el perfil se enfr\u00eda mediante boquillas de agua y aire comprimido. Tanto la KK 3000 como la KK 6000 utilizan un separador h\u00famedo de alto rendimiento para eliminar el agua y la suciedad del aire de salida. El separador h\u00famedo de alto rendimiento consiste en una combinaci\u00f3n de cicl\u00f3n y filtro de agua, que incluye:<\/p>\n<ul>\n<li>Chapa de acero de 2 mm, carcasa con recubrimiento de polvo<\/li>\n<li>secciones atornilladas<\/li>\n<li>C\u00e1mara centr\u00edfuga con dep\u00f3sito de lodos, capacidad de 50 litros<\/li>\n<li>Separador de gotas integrado para el aire de salida<\/li>\n<li>Ventilador radial<\/li>\n<li>Unidad de control para la regulaci\u00f3n autom\u00e1tica del nivel de agua, capacidad: 390 litros<\/li>\n<li>Manguera de drenaje para lodos<\/li>\n<\/ul>\n<p>El filtro est\u00e1 dotado de un eficaz canal de absorci\u00f3n. Se requieren conexiones de suministro de agua y de drenaje para alimentar el filtro, \u00e9stas son responsabilidad del cliente.<\/p>\n<p>&nbsp;<\/p>\n<p><strong>Datos t\u00e9cnicos:<\/strong><\/p>\n<ul>\n<li>Capacidad m\u00e1xima de aire: 3125 m\u00b3\/h con 3500 Pa<\/li>\n<li>Motor del ventilador: 5,5 kW, 400 V, 50 Hz<\/li>\n<li>Conexi\u00f3n de suministro de agua: R 3\/4 \".<\/li>\n<li>Conexi\u00f3n de drenaje de agua: DN 80<\/li>\n<li>Entrada: 5,5 kW<\/li>\n<\/ul>","protected":false},"excerpt":{"rendered":"<p>La unidad de refrigeraci\u00f3n de perfiles Maag KK se utiliza para enfriar el perfil despu\u00e9s del secado. Para ello, el perfil pasa por un canal de refrigeraci\u00f3n de 3000 mm (KK 3000) o de 6000 mm (KK 6000) de longitud.<\/p>","protected":false},"featured_media":4070,"template":"","meta":[],"product_cat":[134,119],"product_tag":[],"_links":{"self":[{"href":"https:\/\/maagflock.com\/es\/wp-json\/wp\/v2\/product\/4064"}],"collection":[{"href":"https:\/\/maagflock.com\/es\/wp-json\/wp\/v2\/product"}],"about":[{"href":"https:\/\/maagflock.com\/es\/wp-json\/wp\/v2\/types\/product"}],"wp:featuredmedia":[{"embeddable":true,"href":"https:\/\/maagflock.com\/es\/wp-json\/wp\/v2\/media\/4070"}],"wp:attachment":[{"href":"https:\/\/maagflock.com\/es\/wp-json\/wp\/v2\/media?parent=4064"}],"wp:term":[{"taxonomy":"product_cat","embeddable":true,"href":"https:\/\/maagflock.com\/es\/wp-json\/wp\/v2\/product_cat?post=4064"},{"taxonomy":"product_tag","embeddable":true,"href":"https:\/\/maagflock.com\/es\/wp-json\/wp\/v2\/product_tag?post=4064"}],"curies":[{"name":"wp","href":"https:\/\/api.w.org\/{rel}","templated":true}]}}