{"id":4077,"date":"2021-10-07T10:07:11","date_gmt":"2021-10-07T08:07:11","guid":{"rendered":"https:\/\/maagflock.com\/?post_type=product&#038;p=4077"},"modified":"2021-11-11T16:08:18","modified_gmt":"2021-11-11T15:08:18","slug":"profilplasmaeinheit-maag-pp","status":"publish","type":"product","link":"https:\/\/maagflock.com\/es\/producto\/profilplasmaeinheit-maag-pp\/","title":{"rendered":"Unidad de plasma de perfil Maag PP"},"content":{"rendered":"<p><strong>Unidad de plasma de perfil Maag PP<\/strong><\/p>\n<p>La estaci\u00f3n de pretratamiento de plasma se utiliza para limpiar y activar la superficie del perfil. El perfil es guiado a trav\u00e9s de la c\u00e1mara de plasma y tratado con 4 o 6 boquillas de plasma. La cabina de plasma est\u00e1 equipada con un sistema de aspiraci\u00f3n integrado para mantener la cabina permanentemente presurizada y evitar que las impurezas salgan al exterior.<\/p>\n<p>A petici\u00f3n del cliente, el sistema tambi\u00e9n puede equiparse con m\u00e1s boquillas. Estaremos encantados de satisfacer sus necesidades individuales.<\/p>","protected":false},"excerpt":{"rendered":"<p>La unidad de plasma para perfiles de Maag PP se utiliza para limpiar y activar la superficie del perfil.<\/p>","protected":false},"featured_media":4080,"template":"","meta":[],"product_cat":[134,119],"product_tag":[],"_links":{"self":[{"href":"https:\/\/maagflock.com\/es\/wp-json\/wp\/v2\/product\/4077"}],"collection":[{"href":"https:\/\/maagflock.com\/es\/wp-json\/wp\/v2\/product"}],"about":[{"href":"https:\/\/maagflock.com\/es\/wp-json\/wp\/v2\/types\/product"}],"wp:featuredmedia":[{"embeddable":true,"href":"https:\/\/maagflock.com\/es\/wp-json\/wp\/v2\/media\/4080"}],"wp:attachment":[{"href":"https:\/\/maagflock.com\/es\/wp-json\/wp\/v2\/media?parent=4077"}],"wp:term":[{"taxonomy":"product_cat","embeddable":true,"href":"https:\/\/maagflock.com\/es\/wp-json\/wp\/v2\/product_cat?post=4077"},{"taxonomy":"product_tag","embeddable":true,"href":"https:\/\/maagflock.com\/es\/wp-json\/wp\/v2\/product_tag?post=4077"}],"curies":[{"name":"wp","href":"https:\/\/api.w.org\/{rel}","templated":true}]}}