{"id":4133,"date":"2021-10-20T09:32:24","date_gmt":"2021-10-20T07:32:24","guid":{"rendered":"https:\/\/maagflock.com\/?post_type=product&#038;p=4133"},"modified":"2021-10-26T08:27:03","modified_gmt":"2021-10-26T06:27:03","slug":"abriebmeisel","status":"publish","type":"product","link":"https:\/\/maagflock.com\/es\/producto\/abriebmeisel\/","title":{"rendered":"Cincel abrasivo"},"content":{"rendered":"<h3><strong>Cincel abrasivo para APG 1000 \/ 1003 \/ 1004<\/strong><\/h3>\n<p>La herramienta de abrasi\u00f3n para el APG se utiliza para comprobar la calidad del flocado. Se sujeta en el APG y se crean condiciones definidas y reproducibles para las pruebas de abrasi\u00f3n mediante movimientos laterales de elevaci\u00f3n.<\/p>\n<p>Los cinceles est\u00e1ndar est\u00e1n disponibles en diferentes anchos y radios, por ejemplo, 20 mm de ancho, con un radio de 0,5 y 0,16 mm. Adem\u00e1s, tambi\u00e9n se pueden suministrar formas especiales de cincel para las normas de ensayo m\u00e1s comunes de los fabricantes de autom\u00f3viles.<\/p>\n<p>Est\u00e1ndares de pruebas ejemplares:<\/p>\n<ul>\n<li>BMW PR 231<\/li>\n<li>Daimler MBN 55555-6<\/li>\n<li>VW PV3366<\/li>\n<\/ul>","protected":false},"excerpt":{"rendered":"<p>La herramienta de abrasi\u00f3n para el APG se utiliza para comprobar la calidad del flocado. Se sujeta en el APG y se crean condiciones definidas y reproducibles para las pruebas de abrasi\u00f3n mediante movimientos laterales de elevaci\u00f3n.<\/p>\n<p>Los cinceles est\u00e1ndar est\u00e1n disponibles en diferentes anchos y radios, por ejemplo, 20 mm de ancho, con un radio de 0,5 y 0,16 mm. Adem\u00e1s, tambi\u00e9n se pueden suministrar formas especiales de cincel para las normas de ensayo m\u00e1s comunes de los fabricantes de autom\u00f3viles.<\/p>","protected":false},"featured_media":4134,"template":"","meta":[],"product_cat":[118,271,132],"product_tag":[],"_links":{"self":[{"href":"https:\/\/maagflock.com\/es\/wp-json\/wp\/v2\/product\/4133"}],"collection":[{"href":"https:\/\/maagflock.com\/es\/wp-json\/wp\/v2\/product"}],"about":[{"href":"https:\/\/maagflock.com\/es\/wp-json\/wp\/v2\/types\/product"}],"wp:featuredmedia":[{"embeddable":true,"href":"https:\/\/maagflock.com\/es\/wp-json\/wp\/v2\/media\/4134"}],"wp:attachment":[{"href":"https:\/\/maagflock.com\/es\/wp-json\/wp\/v2\/media?parent=4133"}],"wp:term":[{"taxonomy":"product_cat","embeddable":true,"href":"https:\/\/maagflock.com\/es\/wp-json\/wp\/v2\/product_cat?post=4133"},{"taxonomy":"product_tag","embeddable":true,"href":"https:\/\/maagflock.com\/es\/wp-json\/wp\/v2\/product_tag?post=4133"}],"curies":[{"name":"wp","href":"https:\/\/api.w.org\/{rel}","templated":true}]}}