{"id":4200,"date":"2021-10-06T16:14:48","date_gmt":"2021-10-06T14:14:48","guid":{"rendered":"https:\/\/maagflock.com\/?post_type=product&#038;p=4200"},"modified":"2021-10-26T09:00:51","modified_gmt":"2021-10-26T07:00:51","slug":"zweifach-bruecke-apg","status":"publish","type":"product","link":"https:\/\/maagflock.com\/es\/producto\/zweifach-bruecke-apg\/","title":{"rendered":"Doble puente APG"},"content":{"rendered":"<h3>Doble puente APG<\/h3>\n<p>El puente doble para el probador de abrasi\u00f3n se utiliza para sujetar dos cinceles de prueba para la prueba de abrasi\u00f3n. De este modo, se pueden utilizar dos cinceles durante un ensayo de abrasi\u00f3n y, si es necesario, se pueden ensayar dos muestras al mismo tiempo.<\/p>","protected":false},"excerpt":{"rendered":"<p>El puente doble para el probador de abrasi\u00f3n se utiliza para sujetar dos cinceles de prueba para la prueba de abrasi\u00f3n.<\/p>","protected":false},"featured_media":4623,"template":"","meta":[],"product_cat":[118,271,132],"product_tag":[],"_links":{"self":[{"href":"https:\/\/maagflock.com\/es\/wp-json\/wp\/v2\/product\/4200"}],"collection":[{"href":"https:\/\/maagflock.com\/es\/wp-json\/wp\/v2\/product"}],"about":[{"href":"https:\/\/maagflock.com\/es\/wp-json\/wp\/v2\/types\/product"}],"wp:featuredmedia":[{"embeddable":true,"href":"https:\/\/maagflock.com\/es\/wp-json\/wp\/v2\/media\/4623"}],"wp:attachment":[{"href":"https:\/\/maagflock.com\/es\/wp-json\/wp\/v2\/media?parent=4200"}],"wp:term":[{"taxonomy":"product_cat","embeddable":true,"href":"https:\/\/maagflock.com\/es\/wp-json\/wp\/v2\/product_cat?post=4200"},{"taxonomy":"product_tag","embeddable":true,"href":"https:\/\/maagflock.com\/es\/wp-json\/wp\/v2\/product_tag?post=4200"}],"curies":[{"name":"wp","href":"https:\/\/api.w.org\/{rel}","templated":true}]}}