{"id":4471,"date":"2021-10-06T09:07:07","date_gmt":"2021-10-06T07:07:07","guid":{"rendered":"https:\/\/maagflock.com\/?post_type=product&#038;p=4471"},"modified":"2021-10-27T10:38:09","modified_gmt":"2021-10-27T08:38:09","slug":"thermometer-hygrometer-testo","status":"publish","type":"product","link":"https:\/\/maagflock.com\/es\/producto\/thermometer-hygrometer-testo\/","title":{"rendered":"Term\u00f3metro higr\u00f3metro testo"},"content":{"rendered":"<p><strong>Term\u00f3metro higr\u00f3metro Testo<\/strong><\/p>\n<p>El term\u00f3metro-higr\u00f3metro Testo sirve para determinar con exactitud la humedad, la temperatura y el punto de roc\u00edo, por lo que es ideal para controlar el clima de la sala con el fin de generar los par\u00e1metros necesarios para el proceso de flocado.<\/p>\n<p>El higr\u00f3metro muestra una indicaci\u00f3n de m\u00ednimo y m\u00e1ximo y tiene una funci\u00f3n de reinicio. Gracias a su peque\u00f1o y ligero tama\u00f1o, el term\u00f3metro ofrece una movilidad flexible y puede colocarse de pie o colgado.<\/p>\n<p>&nbsp;<\/p>\n<p><strong>Datos t\u00e9cnicos:<\/strong><\/p>\n<ul>\n<li>Alimentaci\u00f3n: Funcionamiento de la bater\u00eda: 081561 6LR61<\/li>\n<li>Rango de medici\u00f3n<br \/>\nTemperatura: 0\u00b0C - 50\u00b0C<br \/>\nhumedad relativa: 10-95 %<br \/>\nPunto de roc\u00edo: -20 \u00b0C - 50 ^C<\/li>\n<li>Dimensiones: 111 x 90 x 40 mm<\/li>\n<li>Peso del dispositivo b\u00e1sico: 15 g<\/li>\n<\/ul>","protected":false},"excerpt":{"rendered":"<p>El term\u00f3metro-higr\u00f3metro Testo se utiliza para la determinaci\u00f3n exacta de la humedad, la temperatura y el punto de roc\u00edo, ideal para el control clim\u00e1tico durante el proceso de flocado.<\/p>","protected":false},"featured_media":4620,"template":"","meta":[],"product_cat":[118,132],"product_tag":[],"_links":{"self":[{"href":"https:\/\/maagflock.com\/es\/wp-json\/wp\/v2\/product\/4471"}],"collection":[{"href":"https:\/\/maagflock.com\/es\/wp-json\/wp\/v2\/product"}],"about":[{"href":"https:\/\/maagflock.com\/es\/wp-json\/wp\/v2\/types\/product"}],"wp:featuredmedia":[{"embeddable":true,"href":"https:\/\/maagflock.com\/es\/wp-json\/wp\/v2\/media\/4620"}],"wp:attachment":[{"href":"https:\/\/maagflock.com\/es\/wp-json\/wp\/v2\/media?parent=4471"}],"wp:term":[{"taxonomy":"product_cat","embeddable":true,"href":"https:\/\/maagflock.com\/es\/wp-json\/wp\/v2\/product_cat?post=4471"},{"taxonomy":"product_tag","embeddable":true,"href":"https:\/\/maagflock.com\/es\/wp-json\/wp\/v2\/product_tag?post=4471"}],"curies":[{"name":"wp","href":"https:\/\/api.w.org\/{rel}","templated":true}]}}