{"id":4486,"date":"2021-10-25T14:11:31","date_gmt":"2021-10-25T12:11:31","guid":{"rendered":"https:\/\/maagflock.com\/?post_type=product&#038;p=4486"},"modified":"2021-10-28T10:14:52","modified_gmt":"2021-10-28T08:14:52","slug":"magnetfolie-e-flocker","status":"publish","type":"product","link":"https:\/\/maagflock.com\/es\/producto\/magnetfolie-e-flocker\/","title":{"rendered":"L\u00e1mina magn\u00e9tica E-Flocker"},"content":{"rendered":"<p><strong>L\u00e1mina magn\u00e9tica E-Flocker<\/strong><\/p>\n<p>La l\u00e1mina magn\u00e9tica para el e-flocker se utiliza para la dosificaci\u00f3n de la borra durante el flocado. De este modo, se puede limitar el \u00e1rea de dosificaci\u00f3n para los dise\u00f1os peque\u00f1os y se puede evitar la descarga innecesaria de borras en el textil.<\/p>\n<p>&nbsp;<\/p>\n<p><strong>Datos t\u00e9cnicos:<\/strong><\/p>\n<p>Dimensiones: 610 x 1000 mm<\/p>","protected":false},"excerpt":{"rendered":"<p>La l\u00e1mina magn\u00e9tica E-Flocker se utiliza para la dosificaci\u00f3n de borras durante el flocado.<\/p>","protected":false},"featured_media":4872,"template":"","meta":[],"product_cat":[118,132],"product_tag":[],"_links":{"self":[{"href":"https:\/\/maagflock.com\/es\/wp-json\/wp\/v2\/product\/4486"}],"collection":[{"href":"https:\/\/maagflock.com\/es\/wp-json\/wp\/v2\/product"}],"about":[{"href":"https:\/\/maagflock.com\/es\/wp-json\/wp\/v2\/types\/product"}],"wp:featuredmedia":[{"embeddable":true,"href":"https:\/\/maagflock.com\/es\/wp-json\/wp\/v2\/media\/4872"}],"wp:attachment":[{"href":"https:\/\/maagflock.com\/es\/wp-json\/wp\/v2\/media?parent=4486"}],"wp:term":[{"taxonomy":"product_cat","embeddable":true,"href":"https:\/\/maagflock.com\/es\/wp-json\/wp\/v2\/product_cat?post=4486"},{"taxonomy":"product_tag","embeddable":true,"href":"https:\/\/maagflock.com\/es\/wp-json\/wp\/v2\/product_tag?post=4486"}],"curies":[{"name":"wp","href":"https:\/\/api.w.org\/{rel}","templated":true}]}}