{"id":4496,"date":"2021-10-06T10:32:00","date_gmt":"2021-10-06T08:32:00","guid":{"rendered":"https:\/\/maagflock.com\/?post_type=product&#038;p=4496"},"modified":"2021-10-26T14:47:04","modified_gmt":"2021-10-26T12:47:04","slug":"dmb-10","status":"publish","type":"product","link":"https:\/\/maagflock.com\/es\/producto\/dmb-10\/","title":{"rendered":"Conductiv\u00edmetro DMB 10"},"content":{"rendered":"<p><strong>Conductiv\u00edmetro DMB 10<\/strong><\/p>\n<p>El DMB 10 es el modelo predecesor del DMB 15 y tambi\u00e9n se utilizaba para medir la conductividad de las fibras de flocado para garantizar la calidad antes del flocado. Mientras tanto, s\u00f3lo producimos el modelo sucesor DMB 15. Sin embargo, estaremos encantados de seguir calibrando y certificando el DMB 10 para usted.<\/p>\n<p>Para m\u00e1s informaci\u00f3n y ofertas individualizadas, p\u00f3ngase en contacto con nosotros.<\/p>","protected":false},"excerpt":{"rendered":"<p>El conductiv\u00edmetro DMB 10 es el modelo predecesor del DMB 15.<\/p>","protected":false},"featured_media":4580,"template":"","meta":[],"product_cat":[118,130],"product_tag":[],"_links":{"self":[{"href":"https:\/\/maagflock.com\/es\/wp-json\/wp\/v2\/product\/4496"}],"collection":[{"href":"https:\/\/maagflock.com\/es\/wp-json\/wp\/v2\/product"}],"about":[{"href":"https:\/\/maagflock.com\/es\/wp-json\/wp\/v2\/types\/product"}],"wp:featuredmedia":[{"embeddable":true,"href":"https:\/\/maagflock.com\/es\/wp-json\/wp\/v2\/media\/4580"}],"wp:attachment":[{"href":"https:\/\/maagflock.com\/es\/wp-json\/wp\/v2\/media?parent=4496"}],"wp:term":[{"taxonomy":"product_cat","embeddable":true,"href":"https:\/\/maagflock.com\/es\/wp-json\/wp\/v2\/product_cat?post=4496"},{"taxonomy":"product_tag","embeddable":true,"href":"https:\/\/maagflock.com\/es\/wp-json\/wp\/v2\/product_tag?post=4496"}],"curies":[{"name":"wp","href":"https:\/\/api.w.org\/{rel}","templated":true}]}}