{"id":4498,"date":"2021-10-06T10:43:36","date_gmt":"2021-10-06T08:43:36","guid":{"rendered":"https:\/\/maagflock.com\/?post_type=product&#038;p=4498"},"modified":"2021-10-26T11:39:05","modified_gmt":"2021-10-26T09:39:05","slug":"giessformen-mt-501","status":"publish","type":"product","link":"https:\/\/maagflock.com\/es\/producto\/giessformen-mt-501\/","title":{"rendered":"Moldes de fundici\u00f3n MT 501"},"content":{"rendered":"<p><strong>Moldes de fundici\u00f3n MT 501<\/strong><\/p>\n<p>El adhesivo termofusible se rellena en los moldes de fundici\u00f3n MT 501 de la bandeja de caucho con una pistola de pegamento termofusible. A continuaci\u00f3n, los moldes de fundici\u00f3n se sujetan con las placas y el dispositivo de sujeci\u00f3n en el banco de pruebas de desgarro accionado por motor y se lleva a cabo la prueba de desgarro.<\/p>\n<p>Los moldes est\u00e1n disponibles en diferentes di\u00e1metros:<\/p>\n<ul>\n<li>5 mm<\/li>\n<li>6 mm<\/li>\n<li>7 mm<\/li>\n<li>8 mm<\/li>\n<li>10 mm<\/li>\n<\/ul>","protected":false},"excerpt":{"rendered":"<p>El adhesivo termofusible se rellena en los moldes de fundici\u00f3n MT 501 para sujetarlos en el MT 501 para la prueba de arranque.<\/p>","protected":false},"featured_media":4617,"template":"","meta":[],"product_cat":[118,271,132],"product_tag":[],"_links":{"self":[{"href":"https:\/\/maagflock.com\/es\/wp-json\/wp\/v2\/product\/4498"}],"collection":[{"href":"https:\/\/maagflock.com\/es\/wp-json\/wp\/v2\/product"}],"about":[{"href":"https:\/\/maagflock.com\/es\/wp-json\/wp\/v2\/types\/product"}],"wp:featuredmedia":[{"embeddable":true,"href":"https:\/\/maagflock.com\/es\/wp-json\/wp\/v2\/media\/4617"}],"wp:attachment":[{"href":"https:\/\/maagflock.com\/es\/wp-json\/wp\/v2\/media?parent=4498"}],"wp:term":[{"taxonomy":"product_cat","embeddable":true,"href":"https:\/\/maagflock.com\/es\/wp-json\/wp\/v2\/product_cat?post=4498"},{"taxonomy":"product_tag","embeddable":true,"href":"https:\/\/maagflock.com\/es\/wp-json\/wp\/v2\/product_tag?post=4498"}],"curies":[{"name":"wp","href":"https:\/\/api.w.org\/{rel}","templated":true}]}}