{"id":4500,"date":"2021-10-06T10:48:52","date_gmt":"2021-10-06T08:48:52","guid":{"rendered":"https:\/\/maagflock.com\/?post_type=product&#038;p=4500"},"modified":"2021-10-26T11:29:07","modified_gmt":"2021-10-26T09:29:07","slug":"spannvorrichtung-mt-501","status":"publish","type":"product","link":"https:\/\/maagflock.com\/es\/producto\/spannvorrichtung-mt-501\/","title":{"rendered":"Dispositivo de sujeci\u00f3n MT 501"},"content":{"rendered":"<p><strong>Dispositivo de sujeci\u00f3n MT 501<\/strong><\/p>\n<p>El dispositivo de sujeci\u00f3n Mt 501 con dos abrazaderas r\u00e1pidas se utiliza para sujetar la muestra mediante una abrazadera exc\u00e9ntrica. La altura es ajustable individualmente. Con la ayuda de una placa adaptadora, el dispositivo de sujeci\u00f3n puede adaptarse individualmente al instrumento de ensayo.<\/p>","protected":false},"excerpt":{"rendered":"<p>El dispositivo de sujeci\u00f3n Mt 501 con dos abrazaderas r\u00e1pidas se utiliza para sujetar la muestra mediante una abrazadera exc\u00e9ntrica.<\/p>","protected":false},"featured_media":4616,"template":"","meta":[],"product_cat":[118,271,132],"product_tag":[],"_links":{"self":[{"href":"https:\/\/maagflock.com\/es\/wp-json\/wp\/v2\/product\/4500"}],"collection":[{"href":"https:\/\/maagflock.com\/es\/wp-json\/wp\/v2\/product"}],"about":[{"href":"https:\/\/maagflock.com\/es\/wp-json\/wp\/v2\/types\/product"}],"wp:featuredmedia":[{"embeddable":true,"href":"https:\/\/maagflock.com\/es\/wp-json\/wp\/v2\/media\/4616"}],"wp:attachment":[{"href":"https:\/\/maagflock.com\/es\/wp-json\/wp\/v2\/media?parent=4500"}],"wp:term":[{"taxonomy":"product_cat","embeddable":true,"href":"https:\/\/maagflock.com\/es\/wp-json\/wp\/v2\/product_cat?post=4500"},{"taxonomy":"product_tag","embeddable":true,"href":"https:\/\/maagflock.com\/es\/wp-json\/wp\/v2\/product_tag?post=4500"}],"curies":[{"name":"wp","href":"https:\/\/api.w.org\/{rel}","templated":true}]}}